{"id":5456,"date":"2018-12-05T16:21:00","date_gmt":"2018-12-05T14:21:00","guid":{"rendered":"https:\/\/fiberoptics24-eu.vserver.zonevs.eu\/?post_type=product&#038;p=5456"},"modified":"2020-09-18T15:01:58","modified_gmt":"2020-09-18T13:01:58","slug":"armored-cable-slitter","status":"publish","type":"product","link":"https:\/\/fiberoptics24.eu\/et\/toode\/armored-cable-slitter\/","title":{"rendered":"Armeeritud kaabli l\u00f5ikur"},"content":{"rendered":"<p>ACS-K; Armeeritud kaabli l\u00f5ikuri komplekt (ACS + juhtratas 4-10mm)<\/p>\n<ul>\n<li>Professionaalse kvaliteediga t\u00f6\u00f6riist, mis sobib ideaalselt armeeritudkihi l\u00f5ikamiseks mitmesugustel erinevatel kaablitel.<\/li>\n<li>T\u00f6\u00f6rista ehitus sisaldab juhtratast stabiilsuse tagamiseks, et \u00fcheaegselt l\u00f5igata l\u00e4bi nii v\u00e4limine kate kui sisemine armeeritud osa.<\/li>\n<li>T\u00f6\u00f6rist teeb kaablil t\u00e4pseid pikki- ja ristisuunalisi l\u00f5ikeid.<\/li>\n<\/ul>","protected":false},"excerpt":{"rendered":"<p>ACS-K; Armored Cable Slitter Kit (ACS + guide wheel 4-10mm) Professional-grade tool ideal for slitting the armor layer on fiber feeder, central tube &amp; stranded loose tube fiber optic cables,<\/p>","protected":false},"featured_media":5457,"comment_status":"closed","ping_status":"closed","template":"","meta":{"jetpack_post_was_ever_published":false,"jetpack_publicize_message":"","jetpack_publicize_feature_enabled":true,"jetpack_social_post_already_shared":false,"jetpack_social_options":{"image_generator_settings":{"template":"highway","default_image_id":0,"font":"","enabled":false},"version":2}},"product_brand":[],"product_cat":[1400,115],"product_tag":[16],"class_list":{"0":"post-5456","1":"product","2":"type-product","3":"status-publish","4":"has-post-thumbnail","6":"product_cat-fiber-optic-slitter","7":"product_cat-fiber-optic-tools","8":"product_tag-fiber-optics","10":"first","11":"onbackorder","12":"taxable","13":"shipping-taxable","14":"product-type-simple"},"jetpack_publicize_connections":[],"jetpack_sharing_enabled":true,"_links":{"self":[{"href":"https:\/\/fiberoptics24.eu\/et\/wp-json\/wp\/v2\/product\/5456","targetHints":{"allow":["GET"]}}],"collection":[{"href":"https:\/\/fiberoptics24.eu\/et\/wp-json\/wp\/v2\/product"}],"about":[{"href":"https:\/\/fiberoptics24.eu\/et\/wp-json\/wp\/v2\/types\/product"}],"replies":[{"embeddable":true,"href":"https:\/\/fiberoptics24.eu\/et\/wp-json\/wp\/v2\/comments?post=5456"}],"wp:featuredmedia":[{"embeddable":true,"href":"https:\/\/fiberoptics24.eu\/et\/wp-json\/wp\/v2\/media\/5457"}],"wp:attachment":[{"href":"https:\/\/fiberoptics24.eu\/et\/wp-json\/wp\/v2\/media?parent=5456"}],"wp:term":[{"taxonomy":"product_brand","embeddable":true,"href":"https:\/\/fiberoptics24.eu\/et\/wp-json\/wp\/v2\/product_brand?post=5456"},{"taxonomy":"product_cat","embeddable":true,"href":"https:\/\/fiberoptics24.eu\/et\/wp-json\/wp\/v2\/product_cat?post=5456"},{"taxonomy":"product_tag","embeddable":true,"href":"https:\/\/fiberoptics24.eu\/et\/wp-json\/wp\/v2\/product_tag?post=5456"}],"curies":[{"name":"wp","href":"https:\/\/api.w.org\/{rel}","templated":true}]}}