{"id":5479,"date":"2018-12-06T15:41:55","date_gmt":"2018-12-06T13:41:55","guid":{"rendered":"https:\/\/fiberoptics24-eu.vserver.zonevs.eu\/?post_type=product&#038;p=5479"},"modified":"2020-09-18T10:17:38","modified_gmt":"2020-09-18T08:17:38","slug":"light-source-mainframe","status":"publish","type":"product","link":"https:\/\/fiberoptics24.eu\/et\/toode\/light-source-mainframe\/","title":{"rendered":"Valgusallikas juhtkorpus"},"content":{"rendered":"<p>Valgusallikas on mugav vahend mis pakkub mitmeid lainepikkusi, et m\u00f5\u00f5ta seadmeid opitlises v\u00f5rgus ja FTTx konstruktsioonides. Valgusallikas on ideaalne nii laboratoorseks kui ka v\u00e4lit\u00f6\u00f6de m\u00f5\u00f5tmisel. Valgusallikas ei vaja soojenemis aega, sellel on v\u00e4ga hea produktiivsus ja lihtne kasutusmugavus koos taskusse sobilike m\u00f5\u00f5tmete ja tugeva, k\u00e4ep\u00e4rase disainiga.<\/p>\n<p>LC \/ SC patch kaabliga saab valgusallikat kasutada k\u00f5ikide enamlevinud fiiberliidestega nagu LC \/ ST \/ SC \/ FC pistikud.  See on sobilik nii Singlemode, kui ka Multimode kaablite m\u00f5\u00f5tmiseks.<\/p>\n<p>Seadmele on sisse ehitatud spetsiaalne vooluahel niemtusega APC (Auto Power Control). APC vooluahel tagab stabiilse v\u00e4ljundv\u00f5imsuse ka n\u00f5rga patareiga.<\/p>\n<p>LD v\u00e4ljundsignaali saab vahetada kas pidevaks signaaliks (Continuos Wave CW.) v\u00f5i pulseerivaks signaaliks (Pulse Mode) 270 Hz \/ 2 KHz (Modulate Mode). LD pistikut kaitseb v\u00e4lise mustuse eest tolmukindel kaas. Kaas aitab ka v\u00e4ltida juhuslikku laserkiire satumist kasutaja silma.<\/p>","protected":false},"excerpt":{"rendered":"<p>LIVERAGE<\/p>","protected":false},"featured_media":5480,"comment_status":"closed","ping_status":"closed","template":"","meta":{"jetpack_post_was_ever_published":false,"jetpack_publicize_message":"","jetpack_publicize_feature_enabled":true,"jetpack_social_post_already_shared":false,"jetpack_social_options":{"image_generator_settings":{"template":"highway","default_image_id":0,"font":"","enabled":false},"version":2}},"product_brand":[],"product_cat":[112],"product_tag":[16],"class_list":{"0":"post-5479","1":"product","2":"type-product","3":"status-publish","4":"has-post-thumbnail","6":"product_cat-fiber-optic-inspection","7":"product_tag-fiber-optics","9":"first","10":"onbackorder","11":"taxable","12":"shipping-taxable","13":"purchasable","14":"product-type-simple"},"jetpack_publicize_connections":[],"jetpack_sharing_enabled":true,"_links":{"self":[{"href":"https:\/\/fiberoptics24.eu\/et\/wp-json\/wp\/v2\/product\/5479","targetHints":{"allow":["GET"]}}],"collection":[{"href":"https:\/\/fiberoptics24.eu\/et\/wp-json\/wp\/v2\/product"}],"about":[{"href":"https:\/\/fiberoptics24.eu\/et\/wp-json\/wp\/v2\/types\/product"}],"replies":[{"embeddable":true,"href":"https:\/\/fiberoptics24.eu\/et\/wp-json\/wp\/v2\/comments?post=5479"}],"wp:featuredmedia":[{"embeddable":true,"href":"https:\/\/fiberoptics24.eu\/et\/wp-json\/wp\/v2\/media\/5480"}],"wp:attachment":[{"href":"https:\/\/fiberoptics24.eu\/et\/wp-json\/wp\/v2\/media?parent=5479"}],"wp:term":[{"taxonomy":"product_brand","embeddable":true,"href":"https:\/\/fiberoptics24.eu\/et\/wp-json\/wp\/v2\/product_brand?post=5479"},{"taxonomy":"product_cat","embeddable":true,"href":"https:\/\/fiberoptics24.eu\/et\/wp-json\/wp\/v2\/product_cat?post=5479"},{"taxonomy":"product_tag","embeddable":true,"href":"https:\/\/fiberoptics24.eu\/et\/wp-json\/wp\/v2\/product_tag?post=5479"}],"curies":[{"name":"wp","href":"https:\/\/api.w.org\/{rel}","templated":true}]}}