{"id":5672,"date":"2019-01-10T13:41:33","date_gmt":"2019-01-10T11:41:33","guid":{"rendered":"https:\/\/fiberoptics24-eu.vserver.zonevs.eu\/?post_type=product&#038;p=5672"},"modified":"2020-09-17T15:10:56","modified_gmt":"2020-09-17T13:10:56","slug":"sumitomo-fiber-optic-fusion-splicer-t-400s","status":"publish","type":"product","link":"https:\/\/fiberoptics24.eu\/et\/toode\/sumitomo-fiber-optic-fusion-splicer-t-400s\/","title":{"rendered":"Sumitomo keevitusmasin T-400S"},"content":{"rendered":"<h2><strong>T-400S <\/strong><strong>Cladingu j\u00e4rgi aktiivpaigutusega <\/strong><strong>fiiberoptika keevitusmasin<\/strong><\/h2>\n<p><iframe loading=\"lazy\" style=\"float: right;\" src=\"https:\/\/www.youtube.com\/embed\/OfheLK0kcKw\" width=\"560\" height=\"315\" frameborder=\"0\" allowfullscreen=\"allowfullscreen\"><span data-mce-type=\"bookmark\" style=\"display: inline-block; width: 0px; overflow: hidden; line-height: 0;\" class=\"mce_SELRES_start\"><\/span><span data-mce-type=\"bookmark\" style=\"display: inline-block; width: 0px; overflow: hidden; line-height: 0;\" class=\"mce_SELRES_start\"><\/span><span data-mce-type=\"bookmark\" style=\"display: inline-block; width: 0px; overflow: hidden; line-height: 0;\" class=\"mce_SELRES_start\"><\/span><span data-mce-type=\"bookmark\" style=\"display: inline-block; width: 0px; overflow: hidden; line-height: 0;\" class=\"mce_SELRES_start\"><\/span><\/iframe><br \/>\nFiiberoptika keevitusmasin T-400S on kiire, mitmek\u00fclgne ja h\u00f5lpsasti kasutatav keevitaja, mille abil saate oma<br \/>\nt\u00f6\u00f6d tehtud kiireimal v\u00f5imalikul moel, kiirkeevitus kestab ainult 6 sekundit ja kuumutus ainult 24 sekundit. Selle<br \/>\nmasinaga \u00fcksi teete \u00e4ra k\u00f5ik vajalikut FTTx keevitused, mis t\u00e4hendab, et see masin toetab erinevaid fiiberkaabli<br \/>\nt\u00fc\u00fcpe. Uus kasutajaliides v\u00f5imaldab lihtsaid toiminguid, teisis\u00f5nu on see parema kasutajas\u00f5bralikkuse saamiseks t\u00e4ielikult \u00fcmber kujundatud.<\/p>\n<p><strong>Komplektis sisaldub<\/strong><\/p>\n<p>AC adapter<br \/>\nAC toitekaabel<br \/>\nAku<br \/>\nKiirjuhend<br \/>\nKohver<br \/>\n<a href=\"https:\/\/fiberoptics24-eu.vserver.zonevs.eu\/product\/sumitomo-electrodes-er-10\/\"><span style=\"color: #00ccff;\">Electrode ER-10<\/span><\/a><br \/>\n<a class=\"btn btn-primary\" style=\"float: right; width: 336px; height: 50px;\" href=\"https:\/\/global-sei.com\/sumitomo-electric-splicers\/products\/fusion-splicer\/data\/T-400S_E.pdf\" target=\"_blank\" rel=\"noopener noreferrer\">TOOTE INFOLEHT PDF<\/a><\/p>","protected":false},"excerpt":{"rendered":"<p><a href=\"https:\/\/global-sei.com\/sumitomo-electric-splicers\/products\/fusion-splicer\/t-400s.html\"><span style=\"color: #00ccff;\">SUMIOTOM<\/span><span style=\"color: #00ccff;\">O<\/span><\/a><\/p>\n<p><strong>T-400S<\/strong><br \/>\n<strong>Cladingu j\u00e4rgi aktiivpaigutusega keevitusmasin<\/strong><br \/>\n<strong>Kiire, Mitmek\u00fclgne, Lihtne<\/strong><\/p>\n<p><span style=\"color: #ff0000;\"><strong>M\u00fc\u00fcakse ainult Eestisse<\/strong><\/span><\/p>\n<p><a href=\"https:\/\/fiberoptics24-eu.vserver.zonevs.eu\/contact\/\"><span style=\"color: #00ccff;\">K\u00fcsi hinda<\/span><\/a><\/p>","protected":false},"featured_media":5689,"comment_status":"closed","ping_status":"closed","template":"","meta":{"jetpack_post_was_ever_published":false,"jetpack_publicize_message":"","jetpack_publicize_feature_enabled":true,"jetpack_social_post_already_shared":true,"jetpack_social_options":{"image_generator_settings":{"template":"highway","default_image_id":0,"font":"","enabled":false},"version":2}},"product_brand":[],"product_cat":[105,220],"product_tag":[89,90,92,99],"class_list":{"0":"post-5672","1":"product","2":"type-product","3":"status-publish","4":"has-post-thumbnail","6":"product_cat-fiber-splicing-equipment","7":"product_cat-splicers-fiber-optic-splicing-fusion-splicers","8":"product_tag-accessories","9":"product_tag-fiber-cleaver","10":"product_tag-fiber-optic-tools","11":"product_tag-fusion-splicer","13":"first","14":"instock","15":"taxable","16":"shipping-taxable","17":"product-type-simple"},"jetpack_publicize_connections":[],"jetpack_sharing_enabled":true,"_links":{"self":[{"href":"https:\/\/fiberoptics24.eu\/et\/wp-json\/wp\/v2\/product\/5672","targetHints":{"allow":["GET"]}}],"collection":[{"href":"https:\/\/fiberoptics24.eu\/et\/wp-json\/wp\/v2\/product"}],"about":[{"href":"https:\/\/fiberoptics24.eu\/et\/wp-json\/wp\/v2\/types\/product"}],"replies":[{"embeddable":true,"href":"https:\/\/fiberoptics24.eu\/et\/wp-json\/wp\/v2\/comments?post=5672"}],"wp:featuredmedia":[{"embeddable":true,"href":"https:\/\/fiberoptics24.eu\/et\/wp-json\/wp\/v2\/media\/5689"}],"wp:attachment":[{"href":"https:\/\/fiberoptics24.eu\/et\/wp-json\/wp\/v2\/media?parent=5672"}],"wp:term":[{"taxonomy":"product_brand","embeddable":true,"href":"https:\/\/fiberoptics24.eu\/et\/wp-json\/wp\/v2\/product_brand?post=5672"},{"taxonomy":"product_cat","embeddable":true,"href":"https:\/\/fiberoptics24.eu\/et\/wp-json\/wp\/v2\/product_cat?post=5672"},{"taxonomy":"product_tag","embeddable":true,"href":"https:\/\/fiberoptics24.eu\/et\/wp-json\/wp\/v2\/product_tag?post=5672"}],"curies":[{"name":"wp","href":"https:\/\/api.w.org\/{rel}","templated":true}]}}