{"id":5673,"date":"2019-01-16T15:48:30","date_gmt":"2019-01-16T13:48:30","guid":{"rendered":"https:\/\/fiberoptics24-eu.vserver.zonevs.eu\/?post_type=product&#038;p=5673"},"modified":"2020-09-17T15:10:10","modified_gmt":"2020-09-17T13:10:10","slug":"sumitomo-splicer-t-57-kit","status":"publish","type":"product","link":"https:\/\/fiberoptics24.eu\/et\/toode\/sumitomo-splicer-t-57-kit\/","title":{"rendered":"Sumitomo Splicer T -57 kit"},"content":{"rendered":"<h2>Sumitomo T-57 Automatic Adaptive Core fusion splicer<\/h2>\n<p>Fiber splicer T-57 is a core alignment fusion splicer that mean it uses the core alignment method <iframe loading=\"lazy\" style=\"float: right;\" src=\"https:\/\/www.youtube.com\/embed\/esXiN98ArVY\" width=\"560\" height=\"315\" frameborder=\"0\" allowfullscreen=\"allowfullscreen\"><span data-mce-type=\"bookmark\" style=\"display: inline-block; width: 0px; overflow: hidden; line-height: 0;\" class=\"mce_SELRES_start\"><\/span><\/iframe><br \/>\nmeetodit,  et j\u00e4lgida s\u00fcdamikku sisseehitatud mikroskoobiga kahest suunast  ning m\u00e4\u00e4ratleda pildit\u00f6\u00f6tluse<br \/>\nthe postion in which the central axes of the core are aligned. A core alignment splicer is a high-end<br \/>\npiece of equipment capable of establishing a connection with extremely low loss. It is primarily used<br \/>\nfor the construction of the trunk lines and access networks. Sumitomo Electric\u2019s lineup features<br \/>\nflagship model the <a href=\"https:\/\/fiberoptics24-eu.vserver.zonevs.eu\/product\/sumitomo-fusion-splicer-t-72c-kit\/\"><span style=\"color: #00ccff;\">TYPE-72C<\/span><\/a>, the entry model the T-57. <a href=\"https:\/\/global-sei.com\/sumitomo-electric-splicers\/knowledge_center\/fusion-splicer\/20170714_2.html\"><span style=\"color: #00ccff;\">Rohkem infot tuuma joondamise keevitusmasinatest.<\/span><\/a><\/p>\n<p>T-57 is fast, capable and practical fusion splicer. It has excellent performance<br \/>\nstats, splicing time 6s \/ heating 15s and splicing loss is SMF 0.02dB (typical). Wide And high<br \/>\nresolution 5\u201c touch screen color LCD display. Inside machine is long-life battery for 300 splice &amp;<br \/>\nheat cycles. T-57 weights only 2.0kg with battery. To help splicing jobs there is video tutorial stored<br \/>\non the machine.<\/p>\n<p>The machine has high environment durability features, IP2 water protection, IP5x dust protection, work<br \/>\nat 6000m and 76cm drop on 5 faces.<\/p>\n<p><img loading=\"lazy\" decoding=\"async\" width=\"250\" height=\"250\" class=\"alignnone wp-image-5662\" style=\"float: left; width: 87px; height: 87px;\" src=\"https:\/\/fiberoptics24-eu.vserver.zonevs.eu\/wp-content\/uploads\/2018\/10\/3201007-12.jpg\" srcset=\"https:\/\/fiberoptics24.eu\/wp-content\/uploads\/2018\/10\/3201007-12.jpg 250w, https:\/\/fiberoptics24.eu\/wp-content\/uploads\/2018\/10\/3201007-12-150x150.jpg 150w, https:\/\/fiberoptics24.eu\/wp-content\/uploads\/2018\/10\/3201007-12-100x100.jpg 100w\" sizes=\"auto, (max-width: 250px) 100vw, 250px\" \/><strong>Kasutaja S\u00f5bralik<\/strong><br \/>\nPuuteekraan t\u00e4iesti uue kasutajaliidesega<br \/>\nNutiseadme tugi<\/p>\n<p><img decoding=\"async\" class=\"alignnone wp-image-5662\" style=\"float: left; width: 85px; height: 85px;\" src=\"https:\/\/fiberoptics24-eu.vserver.zonevs.eu\/wp-content\/uploads\/2019\/01\/battery.jpg\" \/><br \/>\nPika elueaga aku, 300 keevitus ja kuumutus ts\u00fcklit<\/p>\n<p>&nbsp;<\/p>\n<p><img decoding=\"async\" class=\"alignnone wp-image-5662\" style=\"float: left; width: 86px; height: 86px;\" src=\"https:\/\/fiberoptics24-eu.vserver.zonevs.eu\/wp-content\/uploads\/2019\/01\/trop.jpg\" \/><strong>Parandatud vastupidavus<\/strong><a class=\"btn btn-primary\" style=\"float: right; width: 336px; height: 50px;\" href=\"https:\/\/global-sei.com\/sumitomo-electric-splicers\/products\/fusion-splicer\/t-57.html\" target=\"_blank\" rel=\"noopener noreferrer\">TOOTE INFOLEHT PDF<\/a><br \/>\nIPx2 water protection, IP5x dust protectio<br \/>\nT\u00f6\u00f6tab kuni 6000m k\u00f5rgusel, kukkumis kindlus 76cm k\u00f5rguselt 5 k\u00fcljele <a class=\"btn btn-primary\" style=\"float: right; width: 336px; height: 50px;\" href=\"https:\/\/global-sei.com\/sumitomo-electric-splicers\/knowledge_center\/\" target=\"_blank\" rel=\"noopener noreferrer\">kASULIKKU INFOT<\/a><\/p>\n<p>&nbsp;<\/p>\n<p>&nbsp;<\/p>","protected":false},"excerpt":{"rendered":"<p><strong>T-57<\/strong><br \/>\n<strong>Automaatselt paigutuv s\u00fcdamik <\/strong><br \/>\n<strong>keevitusmasin<\/strong><br \/>\n<strong>Kiire, V\u00f5imekas, Praktiline<\/strong><\/p>\n<p><span style=\"color: #ff0000;\"><strong>M\u00fc\u00fcakse ainult Eestisse<\/strong><\/span><\/p>\n<p><span style=\"color: #00ccff;\"><a style=\"color: #00ccff;\" href=\"https:\/\/fiberoptics24-eu.vserver.zonevs.eu\/contact\/\">K\u00fcsi hinda<\/a><\/span><\/p>","protected":false},"featured_media":5678,"comment_status":"closed","ping_status":"closed","template":"","meta":{"jetpack_post_was_ever_published":false,"jetpack_publicize_message":"","jetpack_publicize_feature_enabled":true,"jetpack_social_post_already_shared":true,"jetpack_social_options":{"image_generator_settings":{"template":"highway","default_image_id":0,"font":"","enabled":false},"version":2}},"product_brand":[],"product_cat":[105,220],"product_tag":[89,99,831],"class_list":{"0":"post-5673","1":"product","2":"type-product","3":"status-publish","4":"has-post-thumbnail","6":"product_cat-fiber-splicing-equipment","7":"product_cat-splicers-fiber-optic-splicing-fusion-splicers","8":"product_tag-accessories","9":"product_tag-fusion-splicer","10":"product_tag-too","11":"product_shipping_class-free-shipping","13":"first","14":"onbackorder","15":"taxable","16":"shipping-taxable","17":"product-type-simple"},"jetpack_publicize_connections":[],"jetpack_sharing_enabled":true,"_links":{"self":[{"href":"https:\/\/fiberoptics24.eu\/et\/wp-json\/wp\/v2\/product\/5673","targetHints":{"allow":["GET"]}}],"collection":[{"href":"https:\/\/fiberoptics24.eu\/et\/wp-json\/wp\/v2\/product"}],"about":[{"href":"https:\/\/fiberoptics24.eu\/et\/wp-json\/wp\/v2\/types\/product"}],"replies":[{"embeddable":true,"href":"https:\/\/fiberoptics24.eu\/et\/wp-json\/wp\/v2\/comments?post=5673"}],"wp:featuredmedia":[{"embeddable":true,"href":"https:\/\/fiberoptics24.eu\/et\/wp-json\/wp\/v2\/media\/5678"}],"wp:attachment":[{"href":"https:\/\/fiberoptics24.eu\/et\/wp-json\/wp\/v2\/media?parent=5673"}],"wp:term":[{"taxonomy":"product_brand","embeddable":true,"href":"https:\/\/fiberoptics24.eu\/et\/wp-json\/wp\/v2\/product_brand?post=5673"},{"taxonomy":"product_cat","embeddable":true,"href":"https:\/\/fiberoptics24.eu\/et\/wp-json\/wp\/v2\/product_cat?post=5673"},{"taxonomy":"product_tag","embeddable":true,"href":"https:\/\/fiberoptics24.eu\/et\/wp-json\/wp\/v2\/product_tag?post=5673"}],"curies":[{"name":"wp","href":"https:\/\/api.w.org\/{rel}","templated":true}]}}