{"id":5702,"date":"2019-01-10T15:18:23","date_gmt":"2019-01-10T13:18:23","guid":{"rendered":"https:\/\/fiberoptics24-eu.vserver.zonevs.eu\/?post_type=product&#038;p=5702"},"modified":"2020-09-17T15:14:53","modified_gmt":"2020-09-17T13:14:53","slug":"sumitomo-fiber-cleaver-fc-6rs-c-cleaver","status":"publish","type":"product","link":"https:\/\/fiberoptics24.eu\/et\/toode\/sumitomo-fiber-cleaver-fc-6rs-c-cleaver\/","title":{"rendered":"Sumitomo FC-6RS-C Cleaver"},"content":{"rendered":"<h2><strong>Fiber cleaver FC-6R series<\/strong><\/h2>\n<p>Fiber cleaver FC-6R series is the flagship model in bench top cleaver product range. With the <iframe loading=\"lazy\" style=\"float: right;\" src=\"https:\/\/www.youtube.com\/embed\/YZIsTdkaYc0\" width=\"560\" height=\"315\" frameborder=\"0\" allowfullscreen=\"allowfullscreen\"><span data-mce-type=\"bookmark\" style=\"display: inline-block; width: 0px; overflow: hidden; line-height: 0;\" class=\"mce_SELRES_start\"><\/span><\/iframe><br \/>\nintroduction of the FC-6R, you now can have the ultimate precision tool for your single and<br \/>\nmass\/multiple fiber cleaving. &#8220;R&#8221; stands for &#8220;Rotating&#8221; and as its name shows, FC-6R series<br \/>\nhas rotating blade. Due to the rotating blade, a blade adjustment will not be required until the<br \/>\nend of blade life.<\/p>\n<p>An optional fiber scrap collector can be installed to help maintain loose scraps, resulting from<br \/>\nthe cleaving process. The scrap collector works to automatically grab and store the scrap fibers<br \/>\nas the cleaver\u2019s lid is raised, following a perfectly completed cleave.<\/p>\n<p>See also our\u00a0 <a href=\"https:\/\/fiberoptics24-eu.vserver.zonevs.eu\/et\/tootekategooria\/fiber-optic-splicing-fusion-splicers\/splicers-fiber-optic-splicing-fusion-splicers\/\"><span style=\"color: #00ccff;\">fiber optic splicers.<\/span><\/a><\/p>\n<p>&nbsp;<\/p>\n<p>&nbsp;<\/p>\n<p>&nbsp;<\/p>\n<p>&nbsp;<\/p>\n<p><a class=\"btn btn-primary\" style=\"float: right; width: 336px; height: 50px;\" href=\"https:\/\/global-sei.com\/sumitomo-electric-splicers\/products\/fiber-cleavers\/fc-6r.html\" target=\"_blank\" rel=\"noopener noreferrer\">TOOTE INFOLEHT PDF<\/a><\/p>\n<p><a class=\"btn btn-primary\" style=\"float: right; width: 336px; height: 50px;\" href=\"https:\/\/global-sei.com\/sumitomo-electric-splicers\/knowledge_center\/cleaver\/20181217_28.html\" target=\"_blank\" rel=\"noopener noreferrer\">kASULIKKU INFOT<\/a><\/p>","protected":false},"excerpt":{"rendered":"<p><a href=\"https:\/\/global-sei.com\/sumitomo-electric-splicers\/products\/fiber-cleavers\/fc-6r.html\"><span style=\"color: #00ccff;\">SUMITOMO<\/span><\/a><\/p>\n<p><strong>FC-6R series<\/strong><\/p>\n<p><strong>Simple, Precise, Long life<\/strong><\/p>\n<ul>\n<li>Uus FC-6R seeria, varustatud automaatse terade p\u00f6\u00f6ramisega.<\/li>\n<li>FC-6R seeria l\u00f5ikuird teevad kuni 60,000 l\u00f5iget. Terade k\u00f5rguse seadistamine ja p\u00f6\u00f6ramine pole enam vajalik.<\/li>\n<li>L\u00f5igatud kiu otsad korjatakse automaatselt suurde kiuotste kogujasse.<\/li>\n<li>Kasutaja p\u00f5hine terade p\u00f6\u00f6ramise valik.<\/li>\n<\/ul>\n<p><span style=\"color: #ff0000;\"><strong>M\u00fc\u00fcakse ainult Eestisse<\/strong><\/span><\/p>\n<p><span style=\"color: #00ccff;\"><a style=\"color: #00ccff;\" href=\"https:\/\/fiberoptics24-eu.vserver.zonevs.eu\/contact\/\">K\u00fcsi hinda<\/a><\/span><\/p>\n<p>&nbsp;<\/p>","protected":false},"featured_media":5703,"comment_status":"closed","ping_status":"closed","template":"","meta":{"jetpack_post_was_ever_published":false,"jetpack_publicize_message":"","jetpack_publicize_feature_enabled":true,"jetpack_social_post_already_shared":true,"jetpack_social_options":{"image_generator_settings":{"template":"highway","default_image_id":0,"font":"","enabled":false},"version":2}},"product_brand":[],"product_cat":[104],"product_tag":[89,90,16,99],"class_list":{"0":"post-5702","1":"product","2":"type-product","3":"status-publish","4":"has-post-thumbnail","6":"product_cat-fiber-cleaver","7":"product_tag-accessories","8":"product_tag-fiber-cleaver","9":"product_tag-fiber-optics","10":"product_tag-fusion-splicer","12":"first","13":"onbackorder","14":"taxable","15":"shipping-taxable","16":"product-type-simple"},"jetpack_publicize_connections":[],"jetpack_sharing_enabled":true,"_links":{"self":[{"href":"https:\/\/fiberoptics24.eu\/et\/wp-json\/wp\/v2\/product\/5702","targetHints":{"allow":["GET"]}}],"collection":[{"href":"https:\/\/fiberoptics24.eu\/et\/wp-json\/wp\/v2\/product"}],"about":[{"href":"https:\/\/fiberoptics24.eu\/et\/wp-json\/wp\/v2\/types\/product"}],"replies":[{"embeddable":true,"href":"https:\/\/fiberoptics24.eu\/et\/wp-json\/wp\/v2\/comments?post=5702"}],"wp:featuredmedia":[{"embeddable":true,"href":"https:\/\/fiberoptics24.eu\/et\/wp-json\/wp\/v2\/media\/5703"}],"wp:attachment":[{"href":"https:\/\/fiberoptics24.eu\/et\/wp-json\/wp\/v2\/media?parent=5702"}],"wp:term":[{"taxonomy":"product_brand","embeddable":true,"href":"https:\/\/fiberoptics24.eu\/et\/wp-json\/wp\/v2\/product_brand?post=5702"},{"taxonomy":"product_cat","embeddable":true,"href":"https:\/\/fiberoptics24.eu\/et\/wp-json\/wp\/v2\/product_cat?post=5702"},{"taxonomy":"product_tag","embeddable":true,"href":"https:\/\/fiberoptics24.eu\/et\/wp-json\/wp\/v2\/product_tag?post=5702"}],"curies":[{"name":"wp","href":"https:\/\/api.w.org\/{rel}","templated":true}]}}