{"id":5706,"date":"2019-01-11T12:21:58","date_gmt":"2019-01-11T10:21:58","guid":{"rendered":"https:\/\/fiberoptics24-eu.vserver.zonevs.eu\/?post_type=product&#038;p=5706"},"modified":"2020-09-17T15:13:23","modified_gmt":"2020-09-17T13:13:23","slug":"sumitomo-fiber-optic-cable-cleaver-fc-8r","status":"publish","type":"product","link":"https:\/\/fiberoptics24.eu\/et\/toode\/sumitomo-fiber-optic-cable-cleaver-fc-8r\/","title":{"rendered":"Sumitomo CLEAVER FC-8R-FC"},"content":{"rendered":"<h2>Fiiberoptilise kaabli l\u00f5ikur FC-8R-FC<\/h2>\n<p>FC-8R-FC on \u00fche k\u00e4ega kasutatav automaatse tera p\u00f6\u00f6ramisega fiiberoptilise kaabli l\u00f5ikur. L\u00f5ikuril on <iframe loading=\"lazy\" style=\"float: right;\" src=\"https:\/\/www.youtube.com\/embed\/wsTrmMC0ezM\" width=\"560\" height=\"315\" frameborder=\"0\" allowfullscreen=\"allowfullscreen\"><span data-mce-type=\"bookmark\" style=\"display: inline-block; width: 0px; overflow: hidden; line-height: 0;\" class=\"mce_SELRES_start\"><\/span><span data-mce-type=\"bookmark\" style=\"display: inline-block; width: 0px; overflow: hidden; line-height: 0;\" class=\"mce_SELRES_start\"><\/span><\/iframe><br \/>\nnutikas l\u00f5igete lugeja ja l\u00f5igatud kiu koguja kuni 12 kiuga ribbon kaablile. FC-8R-FC l\u00f5ikur on uuendatud<br \/>\nversioon eelmisest FC-7R l\u00f5ikurist ja mis on \u00fchtlasi ka esimene automaatse tera p\u00f6\u00f6ramisega fiiberoptilise<br \/>\nkaabli l\u00f5ikur optika t\u00f6\u00f6stuses. Selle l\u00f5ikuriga on alati tagatud v\u00e4ga k\u00f5rge t\u00e4psusega l\u00f5iked.<\/p>\n<p><strong>Peamise eelised:<\/strong><\/p>\n<ul>\n<li style=\"list-style-type: none;\">\n<ul>\n<li style=\"list-style-type: none;\">\n<ul>\n<li style=\"list-style-type: none;\">\n<ul>\n<li>Kerge ja kompaktne<\/li>\n<li>\u00dche k\u00e4ega kasutatv minimaalsete toimingutega<\/li>\n<li>FC-8R teeb 60,000 l\u00f5iget. Terade keeramine ja<br \/>\nk\u00f5rguse seadistamine pole vajalik<\/li>\n<li>Eesrindlik automaatne l\u00f5igatud kiu koguja<\/li>\n<li>Nutikas l\u00f5ike loendur<\/li>\n<li>Pooleldi avatav, kui kasutada \u00fche k\u00e4ega<\/li>\n<li>Laialt avatav, kui kasutada seda lauapealse t\u00f6\u00f6riistana<\/li>\n<li>Kasutaja p\u00f5hine tera p\u00f6\u00f6ramise moodus ja suletav asend<a class=\"btn btn-primary\" style=\"float: right; width: 336px; height: 50px;\" href=\"https:\/\/global-sei.com\/sumitomo-electric-splicers\/products\/fiber-cleavers\/data\/FC8R-EMEA_E.pdf\" target=\"_blank\" rel=\"noopener noreferrer\">TOOTE INFOLEHT PDF<\/a><\/li>\n<li>Uuel \u00fche kiu adapteril AP-FC8R on klapp kiu paremaks hoidmiseks<br \/>\n<a class=\"btn btn-primary\" style=\"float: right; width: 336px; height: 50px;\" href=\"https:\/\/global-sei.com\/sumitomo-electric-splicers\/products\/fiber-cleavers\/data\/FC8R-EMEA_E.pdf\" target=\"_blank\" rel=\"noopener noreferrer\">KASULIKKU INFOT<\/a><\/li>\n<\/ul>\n<\/li>\n<\/ul>\n<\/li>\n<\/ul>\n<\/li>\n<\/ul>","protected":false},"excerpt":{"rendered":"<p><a href=\"https:\/\/global-sei.com\/sumitomo-electric-splicers\/products\/fiber-cleavers\/fc-8r.html\"><span style=\"color: #00ccff;\">SUMITOMO<\/span><\/a><\/p>\n<p><strong>FC-8R series<\/strong><\/p>\n<p><strong>Lihtne, T\u00e4pne, Kauakestev<\/strong><\/p>\n<ul>\n<li>lihtne hooldus, suur kiukoguja<\/li>\n<li>\u00fche k\u00e4ega kasutatav<\/li>\n<li>k\u00f5rge kvaliteediga terad, rohkem kui 60,000 l\u00f5iget<\/li>\n<\/ul>\n<p><span style=\"color: #ff0000;\"><strong>M\u00fc\u00fcakse ainult Eestisse<\/strong><\/span><\/p>\n<p><span style=\"color: #00ccff;\"><a style=\"color: #00ccff;\" href=\"https:\/\/fiberoptics24-eu.vserver.zonevs.eu\/contact\/\">K\u00fcsi hinda<\/a><\/span><\/p>","protected":false},"featured_media":5708,"comment_status":"closed","ping_status":"closed","template":"","meta":{"jetpack_post_was_ever_published":false,"jetpack_publicize_message":"","jetpack_publicize_feature_enabled":true,"jetpack_social_post_already_shared":true,"jetpack_social_options":{"image_generator_settings":{"template":"highway","default_image_id":0,"font":"","enabled":false},"version":2}},"product_brand":[],"product_cat":[104],"product_tag":[89,90,16,99],"class_list":{"0":"post-5706","1":"product","2":"type-product","3":"status-publish","4":"has-post-thumbnail","6":"product_cat-fiber-cleaver","7":"product_tag-accessories","8":"product_tag-fiber-cleaver","9":"product_tag-fiber-optics","10":"product_tag-fusion-splicer","12":"first","13":"onbackorder","14":"taxable","15":"shipping-taxable","16":"product-type-simple"},"jetpack_publicize_connections":[],"jetpack_sharing_enabled":true,"_links":{"self":[{"href":"https:\/\/fiberoptics24.eu\/et\/wp-json\/wp\/v2\/product\/5706","targetHints":{"allow":["GET"]}}],"collection":[{"href":"https:\/\/fiberoptics24.eu\/et\/wp-json\/wp\/v2\/product"}],"about":[{"href":"https:\/\/fiberoptics24.eu\/et\/wp-json\/wp\/v2\/types\/product"}],"replies":[{"embeddable":true,"href":"https:\/\/fiberoptics24.eu\/et\/wp-json\/wp\/v2\/comments?post=5706"}],"wp:featuredmedia":[{"embeddable":true,"href":"https:\/\/fiberoptics24.eu\/et\/wp-json\/wp\/v2\/media\/5708"}],"wp:attachment":[{"href":"https:\/\/fiberoptics24.eu\/et\/wp-json\/wp\/v2\/media?parent=5706"}],"wp:term":[{"taxonomy":"product_brand","embeddable":true,"href":"https:\/\/fiberoptics24.eu\/et\/wp-json\/wp\/v2\/product_brand?post=5706"},{"taxonomy":"product_cat","embeddable":true,"href":"https:\/\/fiberoptics24.eu\/et\/wp-json\/wp\/v2\/product_cat?post=5706"},{"taxonomy":"product_tag","embeddable":true,"href":"https:\/\/fiberoptics24.eu\/et\/wp-json\/wp\/v2\/product_tag?post=5706"}],"curies":[{"name":"wp","href":"https:\/\/api.w.org\/{rel}","templated":true}]}}