{"id":5732,"date":"2019-01-15T12:19:01","date_gmt":"2019-01-15T10:19:01","guid":{"rendered":"https:\/\/fiberoptics24-eu.vserver.zonevs.eu\/?post_type=product&#038;p=5732"},"modified":"2020-09-17T15:16:36","modified_gmt":"2020-09-17T13:16:36","slug":"sumitomo-electrodes-er-10","status":"publish","type":"product","link":"https:\/\/fiberoptics24.eu\/et\/toode\/sumitomo-electrodes-er-10\/","title":{"rendered":"Sumitomo elektroodid ER-10"},"content":{"rendered":"<p>ER seeria keevituseadme elektroodid<\/p>\n<p>ER seeria elektroodid on spetsiaalselt loodud SUMITOMO keevitusmasinatele.<br \/>\nElektroodidel on t\u00e4htis osa kestva ja usaldusv\u00e4\u00e4rse keevituse tegemisel. ER seeriat pakutakse paarina.<\/p>\n<p><a class=\"btn btn-primary\" href=\"https:\/\/global-sei.com\/sumitomo-electric-splicers\/products\/other-accessories\/data\/ER_ETK1324080F.pdf\" target=\"_blank\" rel=\"noopener noreferrer\">TOOTE INFOLEHT PDF<\/a><\/p>","protected":false},"excerpt":{"rendered":"<p>SUMITOMO<\/p>\n<p><span style=\"color: #ff0000;\"><strong>M\u00fc\u00fcakse ainult Eestisse<\/strong><\/span><\/p>\n<p><span style=\"color: #00ccff;\"><a style=\"color: #00ccff;\" href=\"https:\/\/fiberoptics24-eu.vserver.zonevs.eu\/contact\/\">K\u00fcsi hinda<\/a><\/span><\/p>","protected":false},"featured_media":5733,"comment_status":"closed","ping_status":"closed","template":"","meta":{"jetpack_post_was_ever_published":false,"jetpack_publicize_message":"","jetpack_publicize_feature_enabled":true,"jetpack_social_post_already_shared":true,"jetpack_social_options":{"image_generator_settings":{"template":"highway","default_image_id":0,"font":"","enabled":false},"version":2}},"product_brand":[],"product_cat":[108],"product_tag":[89,99],"class_list":{"0":"post-5732","1":"product","2":"type-product","3":"status-publish","4":"has-post-thumbnail","6":"product_cat-fiber-optic-accessories","7":"product_tag-accessories","8":"product_tag-fusion-splicer","10":"first","11":"instock","12":"taxable","13":"shipping-taxable","14":"purchasable","15":"product-type-simple"},"jetpack_publicize_connections":[],"jetpack_sharing_enabled":true,"_links":{"self":[{"href":"https:\/\/fiberoptics24.eu\/et\/wp-json\/wp\/v2\/product\/5732","targetHints":{"allow":["GET"]}}],"collection":[{"href":"https:\/\/fiberoptics24.eu\/et\/wp-json\/wp\/v2\/product"}],"about":[{"href":"https:\/\/fiberoptics24.eu\/et\/wp-json\/wp\/v2\/types\/product"}],"replies":[{"embeddable":true,"href":"https:\/\/fiberoptics24.eu\/et\/wp-json\/wp\/v2\/comments?post=5732"}],"wp:featuredmedia":[{"embeddable":true,"href":"https:\/\/fiberoptics24.eu\/et\/wp-json\/wp\/v2\/media\/5733"}],"wp:attachment":[{"href":"https:\/\/fiberoptics24.eu\/et\/wp-json\/wp\/v2\/media?parent=5732"}],"wp:term":[{"taxonomy":"product_brand","embeddable":true,"href":"https:\/\/fiberoptics24.eu\/et\/wp-json\/wp\/v2\/product_brand?post=5732"},{"taxonomy":"product_cat","embeddable":true,"href":"https:\/\/fiberoptics24.eu\/et\/wp-json\/wp\/v2\/product_cat?post=5732"},{"taxonomy":"product_tag","embeddable":true,"href":"https:\/\/fiberoptics24.eu\/et\/wp-json\/wp\/v2\/product_tag?post=5732"}],"curies":[{"name":"wp","href":"https:\/\/api.w.org\/{rel}","templated":true}]}}