{"id":5737,"date":"2019-01-14T14:01:52","date_gmt":"2019-01-14T12:01:52","guid":{"rendered":"https:\/\/fiberoptics24-eu.vserver.zonevs.eu\/?post_type=product&#038;p=5737"},"modified":"2020-09-07T11:25:20","modified_gmt":"2020-09-07T09:25:20","slug":"splice-protector-sleeve-61mm","status":"publish","type":"product","link":"https:\/\/fiberoptics24.eu\/et\/toode\/splice-protector-sleeve-61mm\/","title":{"rendered":"Keevituskaitse h\u00fclss 61mm"},"content":{"rendered":"<p>H\u00fclsid on toodetud ISO 9001:2000 sertifikaati omavas tehases<br \/>\nning vastavad k\u00f5ikidele juhtivatele t\u00f6\u00f6stusstandarditele.<br \/>\nToote k\u00f5ik materjalid vastavad RoSH satndarditele.<\/p>\n<p>M\u00fc\u00fcakse pakki kaupa, pakis 100tk<\/p>","protected":false},"excerpt":{"rendered":"<p>M\u00fc\u00fcakse pakki kaupa, pakis 100tk<\/p>","protected":false},"featured_media":5738,"comment_status":"closed","ping_status":"closed","template":"","meta":{"jetpack_post_was_ever_published":false,"jetpack_publicize_message":"","jetpack_publicize_feature_enabled":true,"jetpack_social_post_already_shared":false,"jetpack_social_options":{"image_generator_settings":{"template":"highway","default_image_id":0,"font":"","enabled":false},"version":2}},"product_brand":[],"product_cat":[119],"product_tag":[89,16,99,172],"class_list":{"0":"post-5737","1":"product","2":"type-product","3":"status-publish","4":"has-post-thumbnail","6":"product_cat-fiber-splice-protection-sleeves","7":"product_tag-accessories","8":"product_tag-fiber-optics","9":"product_tag-fusion-splicer","10":"product_tag-sleeve","12":"first","13":"instock","14":"taxable","15":"shipping-taxable","16":"purchasable","17":"product-type-simple"},"jetpack_publicize_connections":[],"jetpack_sharing_enabled":true,"_links":{"self":[{"href":"https:\/\/fiberoptics24.eu\/et\/wp-json\/wp\/v2\/product\/5737","targetHints":{"allow":["GET"]}}],"collection":[{"href":"https:\/\/fiberoptics24.eu\/et\/wp-json\/wp\/v2\/product"}],"about":[{"href":"https:\/\/fiberoptics24.eu\/et\/wp-json\/wp\/v2\/types\/product"}],"replies":[{"embeddable":true,"href":"https:\/\/fiberoptics24.eu\/et\/wp-json\/wp\/v2\/comments?post=5737"}],"wp:featuredmedia":[{"embeddable":true,"href":"https:\/\/fiberoptics24.eu\/et\/wp-json\/wp\/v2\/media\/5738"}],"wp:attachment":[{"href":"https:\/\/fiberoptics24.eu\/et\/wp-json\/wp\/v2\/media?parent=5737"}],"wp:term":[{"taxonomy":"product_brand","embeddable":true,"href":"https:\/\/fiberoptics24.eu\/et\/wp-json\/wp\/v2\/product_brand?post=5737"},{"taxonomy":"product_cat","embeddable":true,"href":"https:\/\/fiberoptics24.eu\/et\/wp-json\/wp\/v2\/product_cat?post=5737"},{"taxonomy":"product_tag","embeddable":true,"href":"https:\/\/fiberoptics24.eu\/et\/wp-json\/wp\/v2\/product_tag?post=5737"}],"curies":[{"name":"wp","href":"https:\/\/api.w.org\/{rel}","templated":true}]}}