{"id":6248,"date":"2019-04-03T11:31:45","date_gmt":"2019-04-03T09:31:45","guid":{"rendered":"https:\/\/fiberoptics24-eu.vserver.zonevs.eu\/?post_type=product&#038;p=6248"},"modified":"2020-09-18T10:32:03","modified_gmt":"2020-09-18T08:32:03","slug":"jic-200-fiber-optic-stripper-200-micron-cable-jonard","status":"publish","type":"product","link":"https:\/\/fiberoptics24.eu\/et\/toode\/jic-200-fiber-optic-stripper-200-micron-cable-jonard\/","title":{"rendered":"JIC-200: Fiiberoptilise kaabli koorija, Jonard"},"content":{"rendered":"<table class=\"attributesTable\">\n<tbody>\n<tr>\n<td class=\"specType\"><strong>L\u00f5ike t\u00fc\u00fcp<\/strong><\/td>\n<td class=\"specValue\">Koorimine<\/td>\n<\/tr>\n<tr>\n<td class=\"specType\"><strong>Kaabli t\u00fc\u00fcp<\/strong><\/td>\n<td class=\"specValue\">Fiiberoptiline<\/td>\n<\/tr>\n<tr>\n<td class=\"specType\"><strong>Kaabli diameeter<\/strong><\/td>\n<td class=\"specValue\">200 micron, 125 micron<\/td>\n<\/tr>\n<tr>\n<td class=\"specType\"><strong>K\u00e4epide<\/strong><\/td>\n<td class=\"specValue\">TPR (termoplast kumm)<\/td>\n<\/tr>\n<tr>\n<td class=\"specType\"><strong>Color<\/strong><\/td>\n<td class=\"specValue\">Kollane<\/td>\n<\/tr>\n<tr>\n<td class=\"specType\"><\/td>\n<td class=\"specValue\"><\/td>\n<\/tr>\n<tr>\n<td class=\"specType\"><\/td>\n<td class=\"specValue\"><\/td>\n<\/tr>\n<\/tbody>\n<\/table>","protected":false},"excerpt":{"rendered":"<p>JONARD<\/p>\n<ul>\n<li>Kasutatakse 200 mikronilise katte eemaldamiseks kuni 125 mikronilise kiuni.<\/li>\n<li class=\"translation-block\">Eelseadistatud, lisa seadistamist ei vaja, t\u00f6\u00f6riitsa unikaalne disain hoiab \u00e4ra kiu vigastamise.<\/li>\n<li>Koorija terad on loodud vastupidavateks ja kauakestvateks.<\/li>\n<li>K\u00e4epide on tehtud TPR (termoplast kumm).<\/li>\n<\/ul>","protected":false},"featured_media":6253,"comment_status":"closed","ping_status":"closed","template":"","meta":{"jetpack_post_was_ever_published":false,"jetpack_publicize_message":"","jetpack_publicize_feature_enabled":true,"jetpack_social_post_already_shared":true,"jetpack_social_options":{"image_generator_settings":{"template":"highway","default_image_id":0,"font":"","enabled":false},"version":2}},"product_brand":[],"product_cat":[116,115],"product_tag":[],"class_list":{"0":"post-6248","1":"product","2":"type-product","3":"status-publish","4":"has-post-thumbnail","6":"product_cat-fiber-optic-stripper","7":"product_cat-fiber-optic-tools","9":"first","10":"onbackorder","11":"taxable","12":"shipping-taxable","13":"purchasable","14":"product-type-simple"},"jetpack_publicize_connections":[],"jetpack_sharing_enabled":true,"_links":{"self":[{"href":"https:\/\/fiberoptics24.eu\/et\/wp-json\/wp\/v2\/product\/6248","targetHints":{"allow":["GET"]}}],"collection":[{"href":"https:\/\/fiberoptics24.eu\/et\/wp-json\/wp\/v2\/product"}],"about":[{"href":"https:\/\/fiberoptics24.eu\/et\/wp-json\/wp\/v2\/types\/product"}],"replies":[{"embeddable":true,"href":"https:\/\/fiberoptics24.eu\/et\/wp-json\/wp\/v2\/comments?post=6248"}],"wp:featuredmedia":[{"embeddable":true,"href":"https:\/\/fiberoptics24.eu\/et\/wp-json\/wp\/v2\/media\/6253"}],"wp:attachment":[{"href":"https:\/\/fiberoptics24.eu\/et\/wp-json\/wp\/v2\/media?parent=6248"}],"wp:term":[{"taxonomy":"product_brand","embeddable":true,"href":"https:\/\/fiberoptics24.eu\/et\/wp-json\/wp\/v2\/product_brand?post=6248"},{"taxonomy":"product_cat","embeddable":true,"href":"https:\/\/fiberoptics24.eu\/et\/wp-json\/wp\/v2\/product_cat?post=6248"},{"taxonomy":"product_tag","embeddable":true,"href":"https:\/\/fiberoptics24.eu\/et\/wp-json\/wp\/v2\/product_tag?post=6248"}],"curies":[{"name":"wp","href":"https:\/\/api.w.org\/{rel}","templated":true}]}}