{"id":6256,"date":"2019-04-03T11:27:53","date_gmt":"2019-04-03T09:27:53","guid":{"rendered":"https:\/\/fiberoptics24-eu.vserver.zonevs.eu\/?post_type=product&#038;p=6256"},"modified":"2020-09-18T10:12:23","modified_gmt":"2020-09-18T08:12:23","slug":"fim-400-fiber-inspection-microscope-400x-magnification-jonard","status":"publish","type":"product","link":"https:\/\/fiberoptics24.eu\/et\/toode\/fim-400-fiber-inspection-microscope-400x-magnification-jonard\/","title":{"rendered":"FIM-400: Fiiberkiu kontrolli Mikroskoop 400x suurendusega, Jonard"},"content":{"rendered":"<p>Jonardi mikroskoobil on 40x suurendus, fookuse reguleerimise ratas ning 2.5mm (FC\/SC\/ST) ja 1.25mm (LC) adapterid enam levinud pistikute jaoks.<\/p>\n<p>&nbsp;<\/p>","protected":false},"excerpt":{"rendered":"<p>JONARD<\/p>\n<ul>\n<li>Akromaatiline l\u00e4\u00e4ts v\u00f5imaldab suurep\u00e4rast pilti ja \nintegreeritud laserfiltrid tagavad turvalisuse \n(ei ole m\u00f5eldud kasutamiseks valgustatud kiududega).<\/li>\n<li>Koaksiaalne valgustus tagab selge pildi.<\/li>\n<li>LED valgustus.<\/li>\n<li>Komplektis polsterdatud nailon kott ja AAA patareid, kaitseks  on mikroskoobil \u00fcmber kummist \u00fcmbris.<\/li>\n<\/ul>","protected":false},"featured_media":6262,"comment_status":"closed","ping_status":"closed","template":"","meta":{"jetpack_post_was_ever_published":false,"jetpack_publicize_message":"","jetpack_publicize_feature_enabled":true,"jetpack_social_post_already_shared":true,"jetpack_social_options":{"image_generator_settings":{"template":"highway","default_image_id":0,"font":"","enabled":false},"version":2}},"product_brand":[],"product_cat":[112],"product_tag":[531,1066],"class_list":{"0":"post-6256","1":"product","2":"type-product","3":"status-publish","4":"has-post-thumbnail","6":"product_cat-fiber-optic-inspection","7":"product_tag-fiber-optic","8":"product_tag-fiber-optic-inspection","10":"first","11":"onbackorder","12":"taxable","13":"shipping-taxable","14":"purchasable","15":"product-type-simple"},"jetpack_publicize_connections":[],"jetpack_sharing_enabled":true,"_links":{"self":[{"href":"https:\/\/fiberoptics24.eu\/et\/wp-json\/wp\/v2\/product\/6256","targetHints":{"allow":["GET"]}}],"collection":[{"href":"https:\/\/fiberoptics24.eu\/et\/wp-json\/wp\/v2\/product"}],"about":[{"href":"https:\/\/fiberoptics24.eu\/et\/wp-json\/wp\/v2\/types\/product"}],"replies":[{"embeddable":true,"href":"https:\/\/fiberoptics24.eu\/et\/wp-json\/wp\/v2\/comments?post=6256"}],"wp:featuredmedia":[{"embeddable":true,"href":"https:\/\/fiberoptics24.eu\/et\/wp-json\/wp\/v2\/media\/6262"}],"wp:attachment":[{"href":"https:\/\/fiberoptics24.eu\/et\/wp-json\/wp\/v2\/media?parent=6256"}],"wp:term":[{"taxonomy":"product_brand","embeddable":true,"href":"https:\/\/fiberoptics24.eu\/et\/wp-json\/wp\/v2\/product_brand?post=6256"},{"taxonomy":"product_cat","embeddable":true,"href":"https:\/\/fiberoptics24.eu\/et\/wp-json\/wp\/v2\/product_cat?post=6256"},{"taxonomy":"product_tag","embeddable":true,"href":"https:\/\/fiberoptics24.eu\/et\/wp-json\/wp\/v2\/product_tag?post=6256"}],"curies":[{"name":"wp","href":"https:\/\/api.w.org\/{rel}","templated":true}]}}