{"id":6263,"date":"2019-04-03T11:53:29","date_gmt":"2019-04-03T09:53:29","guid":{"rendered":"https:\/\/fiberoptics24-eu.vserver.zonevs.eu\/?post_type=product&#038;p=6263"},"modified":"2021-02-10T13:05:57","modified_gmt":"2021-02-10T11:05:57","slug":"fiber-optic-power-meter","status":"publish","type":"product","link":"https:\/\/fiberoptics24.eu\/et\/toode\/fiber-optic-power-meter\/","title":{"rendered":"FPM-50A: Fiiberoptiline v\u00f5imsusm\u00f5\u00f5tja koos FC\/SC\/LC Adapteritega PC\/UPC\/APC pistikutele"},"content":{"rendered":"<h3>FPM-50A Fiber Optic Power Meter<\/h3>\n<p>FPM-50A, intelligentne seade loodud v\u00f5imalikult lihtsaks kasutuseks. Seadet saab kasutada nii absoluutse, <iframe loading=\"lazy\" style=\"float: right;\" src=\"https:\/\/www.youtube.com\/embed\/zxqqp11Mv6Q\" width=\"560\" height=\"315\" frameborder=\"0\" allowfullscreen=\"allowfullscreen\"><span data-mce-type=\"bookmark\" style=\"display: inline-block; width: 0px; overflow: hidden; line-height: 0;\" class=\"mce_SELRES_start\"><\/span><span data-mce-type=\"bookmark\" style=\"display: inline-block; width: 0px; overflow: hidden; line-height: 0;\" class=\"mce_SELRES_start\"><\/span><\/iframe><br \/>\nkui ka suhtelise v\u00f5imsuse m\u00f5\u00f5tmiseks. Seade m\u00f5\u00f5dab laia lainepikkuste vahemikku suure t\u00e4psusega, mis<br \/>\nteeb sellest ideaalse t\u00f6\u00f6riista fiiberoptilistes v\u00f5rgut\u00f6\u00f6des.<\/p>\n<p>Selle v\u00f5imsusm\u00f5\u00f5turi funktsioonid on j\u00e4rgmised:<\/p>\n<p>\u2022 M\u00f5\u00f5dab laia lainepikkuste vahemikku, 850-1650 nm.<br \/>\n\u2022 M\u00f5\u00f5dab 6 eelseadistatud lainepikkust suure t\u00e4psusega, et m\u00e4\u00e4rata absoluut v\u00f5i suhtelist v\u00f5imsust.<br \/>\n\u2022 Spetsiaalne funktsioon lubab seadet manuaalselt kalibreerida, kui vaja.<br \/>\n\u2022 FPM-50A komplekt sisaldab FC ja SC adaptereid, nii et pistikuid saab otse seadmele \u00fchendada.<br \/>\n\u2022 LED ekraanil on ka kehvas valguses vaatamiseks tausta valgus ja 10 minutine auto-off<br \/>\n\u2022 Soovitav kasutada koos <span style=\"color: #00ccff;\"><a style=\"color: #00ccff;\" href=\"https:\/\/fiberoptics24-eu.vserver.zonevs.eu\/product\/fo-light-source\/\">FLS-50<\/a><\/span> optilise v\u00f5imsusm\u00f5\u00f5tjaga.<br \/>\nFPM-50A komplekt sisaldab: FPM-50-et ja k\u00f5iki \u00fcleval pool loetletud seadmeid ning ka <a href=\"https:\/\/fiberoptics24-eu.vserver.zonevs.eu\/et\/toode\/fc-lc-adapter\/\"><span style=\"color: #00ccff;\">VFL-25125<\/span><\/a> (LC adapterit).<\/p>\n<h4>Sisaldab:<\/h4>\n<p><a class=\"btn btn-primary\" style=\"float: right; width: 336px; height: 50px;\" href=\"https:\/\/jonard.com\/sites\/default\/files\/product_files\/Data%20Sheet%20-%20Optical%20Power%20Meter%20%26%20Light%20Source_2.pdf\" rel=\"noopener noreferrer\">TOOTE ANDMELEHT PDF.<\/a><\/p>\n<ul>\n<li style=\"list-style-type: none;\"><\/li>\n<li>fiiberoptilise v\u00f5imsusm\u00f5\u00f5tjaga<\/li>\n<li>Kasutusjuhend<\/li>\n<li style=\"list-style-type: none;\"><a class=\"btn btn-primary\" style=\"float: right; width: 336px; height: 50px;\" href=\"https:\/\/jonard.com\/sites\/default\/files\/product_files\/FPM-50A%20Instruction%20Manual.pdf\" rel=\"noopener noreferrer\">KASUTUSJUHEND PDF<\/a><\/li>\n<li>Kaitsekest<\/li>\n<li>(3) AA Batteries\u00a0(required for operation)<\/li>\n<li>(2) Puhastus pulka<\/li>\n<li>FC Adapter<\/li>\n<li>LC Adapter<\/li>\n<li>SC Adapter<\/li>\n<li>Nailonist kandekott<\/li>\n<\/ul>","protected":false},"excerpt":{"rendered":"<p><a href=\"https:\/\/jonard.com\/fiber-optic-testers-power-meter?v=135\"><span style=\"color: #00ccff;\">JONARD<\/span><\/a><\/p>\n<ul>\n<li>Sisaldab FC, SC, ja LC adaptereid, et otse \u00fchendada UPC\/APC\/PC FC, SC ja LC pistikutega<\/li>\n<li>M\u00f5\u00f5dab laia vahemikku lainepikkuseid, 850-1650 nm vaid 0,01 dB eraldusv\u00f5imega<\/li>\n<li>M\u00f5\u00f5dab 6 eelseadistatud lainepikkuseid suure t\u00e4psusega absoluutse v\u00f5i suhtelise v\u00f5imsuse m\u00e4\u00e4ramiseks<\/li>\n<li>Spetsiaalne funktsioon lubab seadet manuaalselt kalibreerida, kui peaks olema vajadust<\/li>\n<li>Seadmel on kaasas otse \u00fchendamiseks FC, LC ja SC adapterid<\/li>\n<li>LED ekraanil on ka kehvas valguses vaatamiseks tausta valgus ja 10 minutine auto-off funktsioon patareide s\u00e4\u00e4stmiseks<\/li>\n<li>Tolmu kindlad nupud ja purunemis kindel \u00fcmbris kaitsevad seadet terve selle eluea v\u00e4ltel<\/li>\n<\/ul>","protected":false},"featured_media":6264,"comment_status":"closed","ping_status":"closed","template":"","meta":{"jetpack_post_was_ever_published":false,"jetpack_publicize_message":"","jetpack_publicize_feature_enabled":true,"jetpack_social_post_already_shared":true,"jetpack_social_options":{"image_generator_settings":{"template":"highway","default_image_id":0,"font":"","enabled":false},"version":2}},"product_brand":[],"product_cat":[112],"product_tag":[1066,91,16],"class_list":{"0":"post-6263","1":"product","2":"type-product","3":"status-publish","4":"has-post-thumbnail","6":"product_cat-fiber-optic-inspection","7":"product_tag-fiber-optic-inspection","8":"product_tag-fiber-optic-testers","9":"product_tag-fiber-optics","11":"first","12":"instock","13":"taxable","14":"shipping-taxable","15":"purchasable","16":"product-type-simple"},"jetpack_publicize_connections":[],"jetpack_sharing_enabled":true,"_links":{"self":[{"href":"https:\/\/fiberoptics24.eu\/et\/wp-json\/wp\/v2\/product\/6263","targetHints":{"allow":["GET"]}}],"collection":[{"href":"https:\/\/fiberoptics24.eu\/et\/wp-json\/wp\/v2\/product"}],"about":[{"href":"https:\/\/fiberoptics24.eu\/et\/wp-json\/wp\/v2\/types\/product"}],"replies":[{"embeddable":true,"href":"https:\/\/fiberoptics24.eu\/et\/wp-json\/wp\/v2\/comments?post=6263"}],"wp:featuredmedia":[{"embeddable":true,"href":"https:\/\/fiberoptics24.eu\/et\/wp-json\/wp\/v2\/media\/6264"}],"wp:attachment":[{"href":"https:\/\/fiberoptics24.eu\/et\/wp-json\/wp\/v2\/media?parent=6263"}],"wp:term":[{"taxonomy":"product_brand","embeddable":true,"href":"https:\/\/fiberoptics24.eu\/et\/wp-json\/wp\/v2\/product_brand?post=6263"},{"taxonomy":"product_cat","embeddable":true,"href":"https:\/\/fiberoptics24.eu\/et\/wp-json\/wp\/v2\/product_cat?post=6263"},{"taxonomy":"product_tag","embeddable":true,"href":"https:\/\/fiberoptics24.eu\/et\/wp-json\/wp\/v2\/product_tag?post=6263"}],"curies":[{"name":"wp","href":"https:\/\/api.w.org\/{rel}","templated":true}]}}