{"id":6267,"date":"2019-04-04T08:42:29","date_gmt":"2019-04-04T06:42:29","guid":{"rendered":"https:\/\/fiberoptics24-eu.vserver.zonevs.eu\/?post_type=product&#038;p=6267"},"modified":"2019-12-10T16:23:04","modified_gmt":"2019-12-10T14:23:04","slug":"mdc-14-micro-duct-tubing-cutter-14mm-jonard","status":"publish","type":"product","link":"https:\/\/fiberoptics24.eu\/et\/toode\/mdc-14-micro-duct-tubing-cutter-14mm-jonard\/","title":{"rendered":"MDC-14: Mikrotoru l\u00f5ikur kuni 14mm torule, Jonnard"},"content":{"rendered":"<p>L\u00f5ikab mikrotorusid ja teisi torusid, mis on tehtud PVC, Nailon, Pol\u00fcet\u00fcleen ja teistest materjalidest, kiirelt ja v\u00e4ikse vaevaga ning tulemuseks on sirged ja puhtad l\u00f5iked.<br \/>\nMaksimaalne toru diameeter on 14mm (9\/16\"). T\u00f6\u00f6riist on tehtud Pol\u00fcprop\u00fcleenist ja k\u00e4ebidemed on mugavuse nimel kaetud TPR-ga (Termoplastik kumm). Tera on valmistatud kuumt\u00f6\u00f6deldu roostevabast terasest.<\/p>\n<p><a class=\"videoLink\" href=\"https:\/\/www.jonard.com\/Products\/Fiber-Optic-Tools-Fiber-Optic-Scissors-and-Cutters-MDC-14-Micro-Duct-Tube-Cutter#\"><img decoding=\"async\" class=\"videoThumb\" src=\"http:\/\/img.youtube.com\/vi\/ikjqmpq1KaA\/default.jpg\" \/><\/a><\/p>","protected":false},"excerpt":{"rendered":"<p>Jonard<\/p>\n<ul>\n<li>L\u00f5iked t\u00f6\u00f6riistaga on sirged ja puhtad.<\/li>\n<li>Maksimum diameeter  l\u00f5igataval torul on 14mm(9\/16\").<\/li>\n<li>TPR (termoplastik kumm) k\u00e4epidemed.<\/li>\n<li>Kuumt\u00f6\u00f6deldud roostevabast terasest tera.<\/li>\n<\/ul>\n<div>\n<div class=\"twoColumnContent\">\n<div id=\"product-detail-left\">\n<div class=\"productSlider\">\n<p>&nbsp;<\/p>\n<div class=\"vidOverlay\"><\/div>\n<\/div>\n<\/div>\n<\/div>\n<div id=\"product-detail-right\">\n<p>&nbsp;<\/p>\n<div class=\"product-detail-social-media\"><a>\u00a0<\/a><\/div>\n<\/div>\n<\/div>","protected":false},"featured_media":6268,"comment_status":"closed","ping_status":"closed","template":"","meta":{"jetpack_post_was_ever_published":false,"jetpack_publicize_message":"","jetpack_publicize_feature_enabled":true,"jetpack_social_post_already_shared":true,"jetpack_social_options":{"image_generator_settings":{"template":"highway","default_image_id":0,"font":"","enabled":false},"version":2}},"product_brand":[],"product_cat":[1402,115],"product_tag":[531,92],"class_list":{"0":"post-6267","1":"product","2":"type-product","3":"status-publish","4":"has-post-thumbnail","6":"product_cat-fiber-duct-cutters","7":"product_cat-fiber-optic-tools","8":"product_tag-fiber-optic","9":"product_tag-fiber-optic-tools","11":"first","12":"instock","13":"taxable","14":"shipping-taxable","15":"purchasable","16":"product-type-simple"},"jetpack_publicize_connections":[],"jetpack_sharing_enabled":true,"_links":{"self":[{"href":"https:\/\/fiberoptics24.eu\/et\/wp-json\/wp\/v2\/product\/6267","targetHints":{"allow":["GET"]}}],"collection":[{"href":"https:\/\/fiberoptics24.eu\/et\/wp-json\/wp\/v2\/product"}],"about":[{"href":"https:\/\/fiberoptics24.eu\/et\/wp-json\/wp\/v2\/types\/product"}],"replies":[{"embeddable":true,"href":"https:\/\/fiberoptics24.eu\/et\/wp-json\/wp\/v2\/comments?post=6267"}],"wp:featuredmedia":[{"embeddable":true,"href":"https:\/\/fiberoptics24.eu\/et\/wp-json\/wp\/v2\/media\/6268"}],"wp:attachment":[{"href":"https:\/\/fiberoptics24.eu\/et\/wp-json\/wp\/v2\/media?parent=6267"}],"wp:term":[{"taxonomy":"product_brand","embeddable":true,"href":"https:\/\/fiberoptics24.eu\/et\/wp-json\/wp\/v2\/product_brand?post=6267"},{"taxonomy":"product_cat","embeddable":true,"href":"https:\/\/fiberoptics24.eu\/et\/wp-json\/wp\/v2\/product_cat?post=6267"},{"taxonomy":"product_tag","embeddable":true,"href":"https:\/\/fiberoptics24.eu\/et\/wp-json\/wp\/v2\/product_tag?post=6267"}],"curies":[{"name":"wp","href":"https:\/\/api.w.org\/{rel}","templated":true}]}}