{"id":6273,"date":"2019-04-04T09:16:27","date_gmt":"2019-04-04T07:16:27","guid":{"rendered":"https:\/\/fiberoptics24-eu.vserver.zonevs.eu\/?post_type=product&#038;p=6273"},"modified":"2019-12-10T16:22:54","modified_gmt":"2019-12-10T14:22:54","slug":"mdc-64-large-fiber-duct-cutter-64mm-jonard","status":"publish","type":"product","link":"https:\/\/fiberoptics24.eu\/et\/toode\/mdc-64-large-fiber-duct-cutter-64mm-jonard\/","title":{"rendered":"MDC-64: Suur Fiiberkaabli torude l\u00f5ikur, kuni 64mm, Jonard"},"content":{"rendered":"<p>MDC-64 on suur Fiiberkaabli torude l\u00f5ikur torudele kuni 64mm diameeter. Sobibb PVC, CPVC, PE HDPE, PEX ja muude mittemetallist torude l\u00f5ikamiseks. See hammastatud hoovaga l\u00f5ikur  pakub k\u00f5rgekvalteedilist l\u00f5iget minimaalse j\u00f5ukuluga. Mugav ka \u00fchek\u00e4ega t\u00f6\u00f6tamiseks, lihtne avamine ja sulgemine<\/p>\n<p>N\u00f5uanne: Selleks, et l\u00f5ikur oleks koguaeg terav kasutage regulaarselt meie  KSS-1 noa ja k\u00e4\u00e4ride teritajat. <a href=\"https:\/\/www.jonard.com\/Products\/Fiber-Optic-Tools-Fiber-Optic-Scissors-KSS-1-Knife-And-Scissor-Sharpener\">KSS-1<\/a> Knife &amp; Scissor Sharpener.<\/p>","protected":false},"excerpt":{"rendered":"<p>JONARD<\/p>\n<ul>\n<li>L\u00f5ikab nii ruut kui ka sirgl\u00f5iget. V\u00f5rreldes sael\u00f5ikega olulislet puhtam l\u00f5ige.<\/li>\n<li>Kolmnurkne tera kuju aitab toru hoida ja ka v\u00e4hendab l\u00f5ikeks vajaminevat j\u00f5udu.<\/li>\n<li>T\u00f6\u00f6riista kere on tehtud alumiiniumist ja tera roostevabast terasest, et pikendada tera eluiga.<\/li>\n<li>Turvariiv k\u00e4epidemel hoiab k\u00e4epidemed koos, et v\u00e4ltida t\u00f6\u00f6riista l\u00f5iketera asjatut avanemist.<\/li>\n<\/ul>","protected":false},"featured_media":6274,"comment_status":"closed","ping_status":"closed","template":"","meta":{"jetpack_post_was_ever_published":false,"jetpack_publicize_message":"","jetpack_publicize_feature_enabled":true,"jetpack_social_post_already_shared":true,"jetpack_social_options":{"image_generator_settings":{"template":"highway","default_image_id":0,"font":"","enabled":false},"version":2}},"product_brand":[],"product_cat":[1402,115],"product_tag":[531,92],"class_list":{"0":"post-6273","1":"product","2":"type-product","3":"status-publish","4":"has-post-thumbnail","6":"product_cat-fiber-duct-cutters","7":"product_cat-fiber-optic-tools","8":"product_tag-fiber-optic","9":"product_tag-fiber-optic-tools","11":"first","12":"instock","13":"taxable","14":"shipping-taxable","15":"purchasable","16":"product-type-simple"},"jetpack_publicize_connections":[],"jetpack_sharing_enabled":true,"_links":{"self":[{"href":"https:\/\/fiberoptics24.eu\/et\/wp-json\/wp\/v2\/product\/6273","targetHints":{"allow":["GET"]}}],"collection":[{"href":"https:\/\/fiberoptics24.eu\/et\/wp-json\/wp\/v2\/product"}],"about":[{"href":"https:\/\/fiberoptics24.eu\/et\/wp-json\/wp\/v2\/types\/product"}],"replies":[{"embeddable":true,"href":"https:\/\/fiberoptics24.eu\/et\/wp-json\/wp\/v2\/comments?post=6273"}],"wp:featuredmedia":[{"embeddable":true,"href":"https:\/\/fiberoptics24.eu\/et\/wp-json\/wp\/v2\/media\/6274"}],"wp:attachment":[{"href":"https:\/\/fiberoptics24.eu\/et\/wp-json\/wp\/v2\/media?parent=6273"}],"wp:term":[{"taxonomy":"product_brand","embeddable":true,"href":"https:\/\/fiberoptics24.eu\/et\/wp-json\/wp\/v2\/product_brand?post=6273"},{"taxonomy":"product_cat","embeddable":true,"href":"https:\/\/fiberoptics24.eu\/et\/wp-json\/wp\/v2\/product_cat?post=6273"},{"taxonomy":"product_tag","embeddable":true,"href":"https:\/\/fiberoptics24.eu\/et\/wp-json\/wp\/v2\/product_tag?post=6273"}],"curies":[{"name":"wp","href":"https:\/\/api.w.org\/{rel}","templated":true}]}}