{"id":6280,"date":"2019-04-05T10:27:36","date_gmt":"2019-04-05T08:27:36","guid":{"rendered":"https:\/\/fiberoptics24-eu.vserver.zonevs.eu\/?post_type=product&#038;p=6280"},"modified":"2019-12-10T15:25:33","modified_gmt":"2019-12-10T13:25:33","slug":"ms-326-micro-duct-fiber-cable-slit-ring-tool-jonard","status":"publish","type":"product","link":"https:\/\/fiberoptics24.eu\/et\/toode\/ms-326-micro-duct-fiber-cable-slit-ring-tool-jonard\/","title":{"rendered":"MS_326: Mikrotoru kaablite l\u00f5hestus- ja l\u00f5iket\u00f6\u00f6riist, Jonard"},"content":{"rendered":"<p class=\"translation-block\">Patenteeritud MS-326 mikrotoru kaabli l\u00f5ikur on m\u00f5eldud avama kaableid mida kasutatakse just peamiselt mikrotorudes. Sellistel kaablitel on paksuseinaga katte mida on v\u00e4ga raske avada ilma sisemisi puhvertorusid vigastamata, kuid MS-326 on m\u00f5eldud just sellistele kaablitele. MS-326 avab ka paksuseinalist puhvertoru (buffer tube). Tuginedes Jonard Tools'i MS-6 ja MS-26 kiudoptiliste kaablite l\u00f5iket\u00f6\u00f6riistade populaarsusele, oleme lisanud MS-326-sse ringl\u00f5ike omaduse, mis muudab selle veelgi mitmek\u00fclgsemaks. MS-326 on 5 eelseadistatud pikki- ja ristil\u00f5ike tera suurustega 5mm kuni 10mm. Kaablisooone suurused: 5.0 \u2013 5.6mm | 6.0 \u2013 6.6mm | 7.2 \u2013 7.8mm | 7.8 \u2013 8.4mm | 9.4 \u2013 10mm<\/p>","protected":false},"excerpt":{"rendered":"<p>JONARD<\/p>\n<ul>\n<li>Mikrotoru kaablite l\u00f5hestus- ja l\u00f5iket\u00f6\u00f6riist<\/li>\n<li>MS-326 avab ka paksuseinalist puhvertoru (buffer tube).<\/li>\n<li>5 eelseadistatud pikki- ja ristil\u00f5ike tera<\/li>\n<\/ul>","protected":false},"featured_media":6283,"comment_status":"closed","ping_status":"closed","template":"","meta":{"jetpack_post_was_ever_published":false,"jetpack_publicize_message":"","jetpack_publicize_feature_enabled":true,"jetpack_social_post_already_shared":true,"jetpack_social_options":{"image_generator_settings":{"template":"highway","default_image_id":0,"font":"","enabled":false},"version":2}},"product_brand":[],"product_cat":[1400,115],"product_tag":[531,92],"class_list":{"0":"post-6280","1":"product","2":"type-product","3":"status-publish","4":"has-post-thumbnail","6":"product_cat-fiber-optic-slitter","7":"product_cat-fiber-optic-tools","8":"product_tag-fiber-optic","9":"product_tag-fiber-optic-tools","11":"first","12":"instock","13":"taxable","14":"shipping-taxable","15":"purchasable","16":"product-type-simple"},"jetpack_publicize_connections":[],"jetpack_sharing_enabled":true,"_links":{"self":[{"href":"https:\/\/fiberoptics24.eu\/et\/wp-json\/wp\/v2\/product\/6280","targetHints":{"allow":["GET"]}}],"collection":[{"href":"https:\/\/fiberoptics24.eu\/et\/wp-json\/wp\/v2\/product"}],"about":[{"href":"https:\/\/fiberoptics24.eu\/et\/wp-json\/wp\/v2\/types\/product"}],"replies":[{"embeddable":true,"href":"https:\/\/fiberoptics24.eu\/et\/wp-json\/wp\/v2\/comments?post=6280"}],"wp:featuredmedia":[{"embeddable":true,"href":"https:\/\/fiberoptics24.eu\/et\/wp-json\/wp\/v2\/media\/6283"}],"wp:attachment":[{"href":"https:\/\/fiberoptics24.eu\/et\/wp-json\/wp\/v2\/media?parent=6280"}],"wp:term":[{"taxonomy":"product_brand","embeddable":true,"href":"https:\/\/fiberoptics24.eu\/et\/wp-json\/wp\/v2\/product_brand?post=6280"},{"taxonomy":"product_cat","embeddable":true,"href":"https:\/\/fiberoptics24.eu\/et\/wp-json\/wp\/v2\/product_cat?post=6280"},{"taxonomy":"product_tag","embeddable":true,"href":"https:\/\/fiberoptics24.eu\/et\/wp-json\/wp\/v2\/product_tag?post=6280"}],"curies":[{"name":"wp","href":"https:\/\/api.w.org\/{rel}","templated":true}]}}