{"id":6288,"date":"2019-04-05T11:34:30","date_gmt":"2019-04-05T09:34:30","guid":{"rendered":"https:\/\/fiberoptics24-eu.vserver.zonevs.eu\/?post_type=product&#038;p=6288"},"modified":"2020-09-14T13:23:33","modified_gmt":"2020-09-14T11:23:33","slug":"tk-186-fiber-connector-cleaning-kit-jonard","status":"publish","type":"product","link":"https:\/\/fiberoptics24.eu\/et\/toode\/tk-186-fiber-connector-cleaning-kit-jonard\/","title":{"rendered":"TK-186: FO pistiku puhastuskomplekt, Jonard"},"content":{"rendered":"<p>Joardi TK-186 FO pistiku puhastuskomplekt sisaldab 1.25mm ja 2.5mm puhastajat, 50tk eelniisutatud puhastuslappi,  FO pistiku paigaldus ja eemaldamise tange ja taskulampi k\u00e4ep\u00e4rases ja vastupidavas t\u00f6\u00f6riistadekotis. Kotil on t\u00f6\u00f6riistade hoidmiseks 21 taskut nii sees kui v\u00e4ljaspool. H\u00e4davajalik komplekt igale FO tehnikule.<\/p>","protected":false},"excerpt":{"rendered":"<div class=\"twoColumnContent\">\n<div id=\"product-detail-left\">\n<div class=\"productSlider\">JONARD<\/div>\n<div><\/div>\n<\/div>\n<\/div>\n<div>Komplekt koosneb:<\/div>\n<div id=\"product-detail-right\">\n<div>\n<div>\n<ul>\n<li><strong><a href=\"https:\/\/www.jonard.com\/Products\/Fiber-Optic-Tools-Fiber-Connector-Cleaners-FCC-125-Fiber-Connector-Cleaner-125mm\" target=\"_blank\" rel=\"noopener noreferrer\">FCC-125<\/a><\/strong>\u00a0FO pistiku puhastaja 1.25mm<\/li>\n<li><strong><a href=\"https:\/\/www.jonard.com\/Products\/Fiber-Optic-Tools-Fiber-Connector-Cleaners-FCC-250-Fiber-Connector-Cleaner-25mm\" target=\"_blank\" rel=\"noopener noreferrer\">FCC-250<\/a><\/strong>\u00a0FO pistiku puhastaja 2.5mm<\/li>\n<li><strong><a href=\"https:\/\/www.jonard.com\/Products\/Fiber-Optic-Tools-Fiber-Connector-Cleaners-FCC-250-Fiber-Connector-Cleaner-25mm\">FCT-100<\/a><\/strong>\u00a0FO pistiku paigaldus ja eemaldamise tangid<\/li>\n<li><strong><a href=\"https:\/\/www.jonard.com\/Products\/FL-2000-LED-Flashlight-With-Zoom-Lens\" target=\"_blank\" rel=\"noopener noreferrer\">FL-2000<\/a><\/strong>\u00a0LED taskulamp, muudetava valgusvihu suurusega<\/li>\n<li><strong><a href=\"https:\/\/www.jonard.com\/Products\/FW-5-Fiber-Wipes\">FW-50<\/a><\/strong>\u00a0Puhastuslapid<\/li>\n<li><strong><a href=\"https:\/\/www.jonard.com\/Products\/H-90-Rugged-21-Pocket-Tool-Case\" target=\"_blank\" rel=\"noopener noreferrer\">H-90<\/a>\u00a0<\/strong>Vastupidav 21 taskuga t\u00f6\u00f6ristakott t\u00f6\u00f6riistade hoidmiseks ning millel on ka lisataskud muude t\u00f6\u00f6riistade v\u00f5i seadmete hoidmiseks<\/li>\n<\/ul>\n<\/div>\n<\/div>\n<\/div>","protected":false},"featured_media":6292,"comment_status":"closed","ping_status":"closed","template":"","meta":{"jetpack_post_was_ever_published":false,"jetpack_publicize_message":"","jetpack_publicize_feature_enabled":true,"jetpack_social_post_already_shared":true,"jetpack_social_options":{"image_generator_settings":{"template":"highway","default_image_id":0,"font":"","enabled":false},"version":2}},"product_brand":[],"product_cat":[114,112,1401,115],"product_tag":[531,85,92],"class_list":{"0":"post-6288","1":"product","2":"type-product","3":"status-publish","4":"has-post-thumbnail","6":"product_cat-fiber-optic-cleaning","7":"product_cat-fiber-optic-inspection","8":"product_cat-fiber-optic-tool-kit","9":"product_cat-fiber-optic-tools","10":"product_tag-fiber-optic","11":"product_tag-fiber-optic-cleaning-shop","12":"product_tag-fiber-optic-tools","14":"first","15":"onbackorder","16":"taxable","17":"shipping-taxable","18":"purchasable","19":"product-type-simple"},"jetpack_publicize_connections":[],"jetpack_sharing_enabled":true,"_links":{"self":[{"href":"https:\/\/fiberoptics24.eu\/et\/wp-json\/wp\/v2\/product\/6288","targetHints":{"allow":["GET"]}}],"collection":[{"href":"https:\/\/fiberoptics24.eu\/et\/wp-json\/wp\/v2\/product"}],"about":[{"href":"https:\/\/fiberoptics24.eu\/et\/wp-json\/wp\/v2\/types\/product"}],"replies":[{"embeddable":true,"href":"https:\/\/fiberoptics24.eu\/et\/wp-json\/wp\/v2\/comments?post=6288"}],"wp:featuredmedia":[{"embeddable":true,"href":"https:\/\/fiberoptics24.eu\/et\/wp-json\/wp\/v2\/media\/6292"}],"wp:attachment":[{"href":"https:\/\/fiberoptics24.eu\/et\/wp-json\/wp\/v2\/media?parent=6288"}],"wp:term":[{"taxonomy":"product_brand","embeddable":true,"href":"https:\/\/fiberoptics24.eu\/et\/wp-json\/wp\/v2\/product_brand?post=6288"},{"taxonomy":"product_cat","embeddable":true,"href":"https:\/\/fiberoptics24.eu\/et\/wp-json\/wp\/v2\/product_cat?post=6288"},{"taxonomy":"product_tag","embeddable":true,"href":"https:\/\/fiberoptics24.eu\/et\/wp-json\/wp\/v2\/product_tag?post=6288"}],"curies":[{"name":"wp","href":"https:\/\/api.w.org\/{rel}","templated":true}]}}