{"id":6296,"date":"2019-04-05T11:45:26","date_gmt":"2019-04-05T09:45:26","guid":{"rendered":"https:\/\/fiberoptics24-eu.vserver.zonevs.eu\/?post_type=product&#038;p=6296"},"modified":"2020-09-18T15:10:40","modified_gmt":"2020-09-18T13:10:40","slug":"tk-375-fiber-stripper-scissor-kit-jonard","status":"publish","type":"product","link":"https:\/\/fiberoptics24.eu\/et\/toode\/tk-375-fiber-stripper-scissor-kit-jonard\/","title":{"rendered":"TK-375: Fiibrikoorija ja k\u00e4\u00e4ride komplekt, Jonard"},"content":{"rendered":"<p>Fiibrikoorija ja k\u00e4\u00e4ride komplekt koosneb JIC 1ES-1964 elektriku k\u00e4\u00e4ridest ja JIC-375 kaablikoorijast ning metall klambriga vutlarist. JIC-375 saab teha k\u00f5ik peamised kaablikatte eemaldused. Esimene ava koorib 1.6-3mm fiibrikatte kuni 600-900 mikroniliseni kiukatteni. Teine ava koorib 600-900mikronilise kiukatte kuni 250 mikronilise katteni ja kolmas ava koorib 250 mikronilise kaabli kuni 125 mikronilise fiiberiuni ilma seda kajhustamata. K\u00e4epide on tehtud TPR (termoplast kummist). Elektriku k\u00e4\u00e4rid on loodud  n\u00f5udlikuks t\u00f6\u00f6ks. K\u00e4\u00e4rid on tehtud kroom-vanaaadium terasest, terade paremaks vastupidavuseks on need l\u00e4binud spetsiaalse teritus protsessi. K\u00e4\u00e4rid on profesionaalsema v\u00e4limuse huvides kroomitud. K\u00e4\u00e4ridel on s\u00fcvendid, et koorida 18-20 ja 22-24 AWG kaablit. terad on hammastatud. Terade peale on lisatud viil. T\u00f6\u00f6tab ka fiibri ja kevlari p\u00f5histel kaablitel.<\/p>","protected":false},"excerpt":{"rendered":"<p>JONARD<\/p>\n<p>Komplekt koosneb:<\/p>\n<ul>\n<li><strong><a href=\"https:\/\/www.jonard.com\/Products\/Fiber-Optic-Tools-Fiber-Optic-Tool-Kits-TK-375-Fiber-Stripper-and-Scissor-Kit\" target=\"_blank\" rel=\"noopener noreferrer\">JIC-375<\/a>\u00a0 <\/strong>Kolme auguga kaablikoorija<\/li>\n<li><strong><a href=\"https:\/\/www.jonard.com\/Products\/Fiber-Optic-Tools-Fiber-Optic-Scissors-ES-1964-Electricians-Scissors\" target=\"_blank\" rel=\"noopener noreferrer\">ES-1964<\/a><\/strong> Elektriku k\u00e4\u00e4rid<\/li>\n<li><strong><a href=\"https:\/\/www.jonard.com\/Products\/H-36-Molded-Pouch\" target=\"_blank\" rel=\"noopener noreferrer\">H-36<\/a><\/strong> Vutlar<\/li>\n<\/ul>","protected":false},"featured_media":6297,"comment_status":"closed","ping_status":"closed","template":"","meta":{"jetpack_post_was_ever_published":false,"jetpack_publicize_message":"","jetpack_publicize_feature_enabled":true,"jetpack_social_post_already_shared":true,"jetpack_social_options":{"image_generator_settings":{"template":"highway","default_image_id":0,"font":"","enabled":false},"version":2}},"product_brand":[],"product_cat":[1401,115],"product_tag":[531,92],"class_list":{"0":"post-6296","1":"product","2":"type-product","3":"status-publish","4":"has-post-thumbnail","6":"product_cat-fiber-optic-tool-kit","7":"product_cat-fiber-optic-tools","8":"product_tag-fiber-optic","9":"product_tag-fiber-optic-tools","11":"first","12":"onbackorder","13":"taxable","14":"shipping-taxable","15":"purchasable","16":"product-type-simple"},"jetpack_publicize_connections":[],"jetpack_sharing_enabled":true,"_links":{"self":[{"href":"https:\/\/fiberoptics24.eu\/et\/wp-json\/wp\/v2\/product\/6296","targetHints":{"allow":["GET"]}}],"collection":[{"href":"https:\/\/fiberoptics24.eu\/et\/wp-json\/wp\/v2\/product"}],"about":[{"href":"https:\/\/fiberoptics24.eu\/et\/wp-json\/wp\/v2\/types\/product"}],"replies":[{"embeddable":true,"href":"https:\/\/fiberoptics24.eu\/et\/wp-json\/wp\/v2\/comments?post=6296"}],"wp:featuredmedia":[{"embeddable":true,"href":"https:\/\/fiberoptics24.eu\/et\/wp-json\/wp\/v2\/media\/6297"}],"wp:attachment":[{"href":"https:\/\/fiberoptics24.eu\/et\/wp-json\/wp\/v2\/media?parent=6296"}],"wp:term":[{"taxonomy":"product_brand","embeddable":true,"href":"https:\/\/fiberoptics24.eu\/et\/wp-json\/wp\/v2\/product_brand?post=6296"},{"taxonomy":"product_cat","embeddable":true,"href":"https:\/\/fiberoptics24.eu\/et\/wp-json\/wp\/v2\/product_cat?post=6296"},{"taxonomy":"product_tag","embeddable":true,"href":"https:\/\/fiberoptics24.eu\/et\/wp-json\/wp\/v2\/product_tag?post=6296"}],"curies":[{"name":"wp","href":"https:\/\/api.w.org\/{rel}","templated":true}]}}