{"id":6303,"date":"2019-04-05T13:43:55","date_gmt":"2019-04-05T11:43:55","guid":{"rendered":"https:\/\/fiberoptics24-eu.vserver.zonevs.eu\/?post_type=product&#038;p=6303"},"modified":"2019-05-29T12:50:28","modified_gmt":"2019-05-29T10:50:28","slug":"jic-186kevlar-shears-fiber-optic-cable-preparation-jonards","status":"publish","type":"product","link":"https:\/\/fiberoptics24.eu\/et\/toode\/jic-186kevlar-shears-fiber-optic-cable-preparation-jonards\/","title":{"rendered":"JIC-186:Kevlar k\u00e4\u00e4rid fiiberoptilise kaabli etevalmistuseks, Jonard"},"content":{"rendered":"<p>Kevlari k\u00e4\u00e4rid. K\u00f5rge s\u00fcsinikusisaldusega roostevabast terasest terad mison m\u00f5eldud l\u00f5ikama nii Kevlar\u00ae, kaablikatet, teipe, kaablisidemeid ja teisi materjale. Ergonoomilised ja vastupidavad k\u00e4epidemed, et oleks mugav t\u00f6\u00f6tada. Seadistatav pingutuskruvi kaitsekatte all, hammastatud terad materjali paremaks l\u00f5ikamiseks, terva ja vastupidav 6\" pikk tera. K\u00e4epideme materjal on kahekomponentne, Nailon ja Santopreen.<\/p>","protected":false},"excerpt":{"rendered":"<p>JONARD<\/p>\n<ul>\n<li>K\u00f5rge s\u00fcsinikusisaldusega roostevabast terasest terad<\/li>\n<li>Ergonoomilised, mugavad ja vastupidavad k\u00e4epidemed<\/li>\n<li>Seadistatav pingutuskruvi kaitsekatte all<\/li>\n<\/ul>","protected":false},"featured_media":6304,"comment_status":"closed","ping_status":"closed","template":"","meta":{"jetpack_post_was_ever_published":false,"jetpack_publicize_message":"","jetpack_publicize_feature_enabled":true,"jetpack_social_post_already_shared":true,"jetpack_social_options":{"image_generator_settings":{"template":"highway","default_image_id":0,"font":"","enabled":false},"version":2}},"product_brand":[],"product_cat":[115],"product_tag":[531,92],"class_list":{"0":"post-6303","1":"product","2":"type-product","3":"status-publish","4":"has-post-thumbnail","6":"product_cat-fiber-optic-tools","7":"product_tag-fiber-optic","8":"product_tag-fiber-optic-tools","10":"first","11":"instock","12":"taxable","13":"shipping-taxable","14":"purchasable","15":"product-type-simple"},"jetpack_publicize_connections":[],"jetpack_sharing_enabled":true,"_links":{"self":[{"href":"https:\/\/fiberoptics24.eu\/et\/wp-json\/wp\/v2\/product\/6303","targetHints":{"allow":["GET"]}}],"collection":[{"href":"https:\/\/fiberoptics24.eu\/et\/wp-json\/wp\/v2\/product"}],"about":[{"href":"https:\/\/fiberoptics24.eu\/et\/wp-json\/wp\/v2\/types\/product"}],"replies":[{"embeddable":true,"href":"https:\/\/fiberoptics24.eu\/et\/wp-json\/wp\/v2\/comments?post=6303"}],"wp:featuredmedia":[{"embeddable":true,"href":"https:\/\/fiberoptics24.eu\/et\/wp-json\/wp\/v2\/media\/6304"}],"wp:attachment":[{"href":"https:\/\/fiberoptics24.eu\/et\/wp-json\/wp\/v2\/media?parent=6303"}],"wp:term":[{"taxonomy":"product_brand","embeddable":true,"href":"https:\/\/fiberoptics24.eu\/et\/wp-json\/wp\/v2\/product_brand?post=6303"},{"taxonomy":"product_cat","embeddable":true,"href":"https:\/\/fiberoptics24.eu\/et\/wp-json\/wp\/v2\/product_cat?post=6303"},{"taxonomy":"product_tag","embeddable":true,"href":"https:\/\/fiberoptics24.eu\/et\/wp-json\/wp\/v2\/product_tag?post=6303"}],"curies":[{"name":"wp","href":"https:\/\/api.w.org\/{rel}","templated":true}]}}