{"id":6316,"date":"2019-04-10T11:09:21","date_gmt":"2019-04-10T09:09:21","guid":{"rendered":"https:\/\/fiberoptics24-eu.vserver.zonevs.eu\/?post_type=product&#038;p=6316"},"modified":"2020-09-18T10:32:36","modified_gmt":"2020-09-18T08:32:36","slug":"cst-1900-round-cable-stripper-jonard","status":"publish","type":"product","link":"https:\/\/fiberoptics24.eu\/et\/toode\/cst-1900-round-cable-stripper-jonard\/","title":{"rendered":"CST-1900: \u00dcmarkaabli koorija, Jonard"},"content":{"rendered":"<p>CST-1900 on loodudkiireks, t\u00e4pseks PVC, kummi, PE ja muude kattete eemaldamiseks \u00fcmarkaablitel diameetriga  3\/16\u2033 to 1-1\/8\u2033 (4.5-29 mm). Lihtne, mitmek\u00fclgne, lihtsa kasutatvusega t\u00f6\u00f6riist mida su t\u00f6\u00f6tajad armastama hakkavad. <strong><a href=\"https:\/\/www.jonard.com\/Products\/CST-7915-CST-1900-Replacement-Blade\" target=\"_blank\" rel=\"noopener noreferrer\">CST-7915<\/a>\u00a0<\/strong>CST_1900 vahetatav tera on varustatud vedruga, seadistatav erinevatele kaablitele, millel on 90 kraadi p\u00f6\u00f6ramise v\u00f5imekus koos pika elueaga.<\/p>\n<p><a class=\"videoLink\" href=\"https:\/\/www.jonard.com\/Products\/Fiber-Optic-Tools-Fiber-Optic-Stripping-and-Slitting-CST-1900-Round-Cable-Stripper#\"><img decoding=\"async\" class=\"videoThumb\" src=\"http:\/\/img.youtube.com\/vi\/xEDbBQYUFXE\/default.jpg\" \/><\/a><\/p>","protected":false},"excerpt":{"rendered":"<p>JONARD<\/p>\n<ul>\n<li>Jonard \u00fcmarkaabli koorija l\u00f5pukoorimiseks, keskelt koorimiseks ja ringl\u00f5igete tegemiseks.<\/li>\n<li>L\u00f5ikab mitte-armeeritud kaablit diameetriga 3\/16\u2033 to 1-1\/8\u2033 (4.5-29 mm)<\/li>\n<\/ul>\n<div class=\"productSlider\">\n<p>&nbsp;<\/p>\n<div class=\"vidOverlay\"><\/div>\n<\/div>","protected":false},"featured_media":6317,"comment_status":"closed","ping_status":"closed","template":"","meta":{"jetpack_post_was_ever_published":false,"jetpack_publicize_message":"","jetpack_publicize_feature_enabled":true,"jetpack_social_post_already_shared":true,"jetpack_social_options":{"image_generator_settings":{"template":"highway","default_image_id":0,"font":"","enabled":false},"version":2}},"product_brand":[],"product_cat":[1400,115],"product_tag":[531,1079,92],"class_list":{"0":"post-6316","1":"product","2":"type-product","3":"status-publish","4":"has-post-thumbnail","6":"product_cat-fiber-optic-slitter","7":"product_cat-fiber-optic-tools","8":"product_tag-fiber-optic","9":"product_tag-fiber-optic-stripper","10":"product_tag-fiber-optic-tools","12":"first","13":"onbackorder","14":"taxable","15":"shipping-taxable","16":"purchasable","17":"product-type-simple"},"jetpack_publicize_connections":[],"jetpack_sharing_enabled":true,"_links":{"self":[{"href":"https:\/\/fiberoptics24.eu\/et\/wp-json\/wp\/v2\/product\/6316","targetHints":{"allow":["GET"]}}],"collection":[{"href":"https:\/\/fiberoptics24.eu\/et\/wp-json\/wp\/v2\/product"}],"about":[{"href":"https:\/\/fiberoptics24.eu\/et\/wp-json\/wp\/v2\/types\/product"}],"replies":[{"embeddable":true,"href":"https:\/\/fiberoptics24.eu\/et\/wp-json\/wp\/v2\/comments?post=6316"}],"wp:featuredmedia":[{"embeddable":true,"href":"https:\/\/fiberoptics24.eu\/et\/wp-json\/wp\/v2\/media\/6317"}],"wp:attachment":[{"href":"https:\/\/fiberoptics24.eu\/et\/wp-json\/wp\/v2\/media?parent=6316"}],"wp:term":[{"taxonomy":"product_brand","embeddable":true,"href":"https:\/\/fiberoptics24.eu\/et\/wp-json\/wp\/v2\/product_brand?post=6316"},{"taxonomy":"product_cat","embeddable":true,"href":"https:\/\/fiberoptics24.eu\/et\/wp-json\/wp\/v2\/product_cat?post=6316"},{"taxonomy":"product_tag","embeddable":true,"href":"https:\/\/fiberoptics24.eu\/et\/wp-json\/wp\/v2\/product_tag?post=6316"}],"curies":[{"name":"wp","href":"https:\/\/api.w.org\/{rel}","templated":true}]}}