{"id":6321,"date":"2019-04-10T11:30:07","date_gmt":"2019-04-10T09:30:07","guid":{"rendered":"https:\/\/fiberoptics24-eu.vserver.zonevs.eu\/?post_type=product&#038;p=6321"},"modified":"2024-01-31T13:41:54","modified_gmt":"2024-01-31T11:41:54","slug":"fod-2000-fiber-optic-drop-cable-slitters-jonard","status":"publish","type":"product","link":"https:\/\/fiberoptics24.eu\/et\/toode\/fod-2000-fiber-optic-drop-cable-slitters-jonard\/","title":{"rendered":"FOD-2000: Fiiberoptilise lapik kaabli koorija, Jonard"},"content":{"rendered":"<p>FOD-2000 on patenteeritud t\u00f6\u00f6riist, mi son loodud FTTH tehnikutele lihtsustamaks lapikkaablite koorimist nii otsast l\u00f5puni kui ka keskele avausi tehes. Lapikkaablitele laiusega .305\"-.350\" ja paksusega  .155\"-.185\". Need on ka Corning SST-Drop lapikkaabli, mille katte paksus on  0.03-0.04 tolli, m\u00f5\u00f5dud. Selle t\u00f6\u00f6ristaga sobib loomulikult ka teistele sama t\u00fc\u00fcpi ja m\u00f5\u00f5tudega kaablitele.<\/p>\n<p>FOD-2000 l\u00f5hestab kaali m\u00f5lemalt poolt h\u00f5lbustades niimoodi ligip\u00e4\u00e4su kaabli sisemusse. Lihtne kasutavus teeb sellest t\u00f5eliselt unikaalse t\u00f6\u00f6riista. Kasutamisek pane t\u00f6\u00f6riist lihtsalt kaabli \u00fcmber ja t\u00f5mba.<\/p>\n<p>FOD-2000 on varustatud kahe teraga, mis on \u00fcmber p\u00f6\u00f6ratavad kui \u00fcks tera pool on kulunud. Terad on vahetatavad, saadavl on ka vahetus terad (FOD-RB25) 25tk pakis.<\/p>\n<p><a class=\"videoLink\" href=\"https:\/\/www.jonard.com\/Products\/Fiber-Optic-Tools-Fiber-Optic-Stripping-and-Slitting-FOD-2000-Fiber-Optic-Drop-Cable-Slitter#\"><img decoding=\"async\" class=\"videoThumb\" src=\"http:\/\/img.youtube.com\/vi\/eH4RiU7f8cg\/default.jpg\" \/><\/a><\/p>","protected":false},"excerpt":{"rendered":"<p>JONARD<\/p>\n<ul>\n<li>FOD-2000 kaablikoorija on patenteeritud t\u00f6\u00f6riist.<\/li>\n<li>T\u00f6\u00f6riist lihtsustab lapik kaablite koorimist nii otsat l\u00f5puni koorides kui ka keskele avade tegemisel.<\/li>\n<li>FOD-2000 on varustatud kahe teraga, mida saab \u00fcmberp\u00f6\u00f6rata, kui terad on kulunud.<\/li>\n<li>Terad on vahetatavad.<\/li>\n<\/ul>","protected":false},"featured_media":6324,"comment_status":"closed","ping_status":"closed","template":"","meta":{"jetpack_post_was_ever_published":false,"jetpack_publicize_message":"","jetpack_publicize_feature_enabled":true,"jetpack_social_post_already_shared":true,"jetpack_social_options":{"image_generator_settings":{"template":"highway","default_image_id":0,"font":"","enabled":false},"version":2}},"product_brand":[],"product_cat":[1400,115],"product_tag":[531,92],"class_list":{"0":"post-6321","1":"product","2":"type-product","3":"status-publish","4":"has-post-thumbnail","6":"product_cat-fiber-optic-slitter","7":"product_cat-fiber-optic-tools","8":"product_tag-fiber-optic","9":"product_tag-fiber-optic-tools","11":"first","12":"instock","13":"taxable","14":"shipping-taxable","15":"purchasable","16":"product-type-simple"},"jetpack_publicize_connections":[],"jetpack_sharing_enabled":true,"_links":{"self":[{"href":"https:\/\/fiberoptics24.eu\/et\/wp-json\/wp\/v2\/product\/6321","targetHints":{"allow":["GET"]}}],"collection":[{"href":"https:\/\/fiberoptics24.eu\/et\/wp-json\/wp\/v2\/product"}],"about":[{"href":"https:\/\/fiberoptics24.eu\/et\/wp-json\/wp\/v2\/types\/product"}],"replies":[{"embeddable":true,"href":"https:\/\/fiberoptics24.eu\/et\/wp-json\/wp\/v2\/comments?post=6321"}],"wp:featuredmedia":[{"embeddable":true,"href":"https:\/\/fiberoptics24.eu\/et\/wp-json\/wp\/v2\/media\/6324"}],"wp:attachment":[{"href":"https:\/\/fiberoptics24.eu\/et\/wp-json\/wp\/v2\/media?parent=6321"}],"wp:term":[{"taxonomy":"product_brand","embeddable":true,"href":"https:\/\/fiberoptics24.eu\/et\/wp-json\/wp\/v2\/product_brand?post=6321"},{"taxonomy":"product_cat","embeddable":true,"href":"https:\/\/fiberoptics24.eu\/et\/wp-json\/wp\/v2\/product_cat?post=6321"},{"taxonomy":"product_tag","embeddable":true,"href":"https:\/\/fiberoptics24.eu\/et\/wp-json\/wp\/v2\/product_tag?post=6321"}],"curies":[{"name":"wp","href":"https:\/\/api.w.org\/{rel}","templated":true}]}}