{"id":6328,"date":"2019-04-10T11:41:44","date_gmt":"2019-04-10T09:41:44","guid":{"rendered":"https:\/\/fiberoptics24-eu.vserver.zonevs.eu\/?post_type=product&#038;p=6328"},"modified":"2020-09-18T10:30:07","modified_gmt":"2020-09-18T08:30:07","slug":"jic-175-fiber-optic-stripper-jonard","status":"publish","type":"product","link":"https:\/\/fiberoptics24.eu\/et\/toode\/jic-175-fiber-optic-stripper-jonard\/","title":{"rendered":"JIC-175: Fiiberoptilise kaabli koorija, Jonard"},"content":{"rendered":"<table class=\"attributesTable\">\n<tbody>\n<tr>\n<td class=\"specType\">L\u00f5ike t\u00fc\u00fcp<\/td>\n<td class=\"specValue\">Koorimine<\/td>\n<\/tr>\n<tr>\n<td class=\"specType\">Kaabli t\u00fc\u00fcp<\/td>\n<td class=\"specValue\">Fiiberoptiline<\/td>\n<\/tr>\n<tr>\n<td class=\"specType\">Kaabli diameeter<\/td>\n<td class=\"specValue\">250 mikronit, 125 mikronit<\/td>\n<\/tr>\n<tr>\n<td class=\"specType\">K\u00e4epide<\/td>\n<td class=\"specValue\">TPR (termoplast kumm)<\/td>\n<\/tr>\n<tr>\n<td class=\"specType\">Color<\/td>\n<td class=\"specValue\">Kollane<\/td>\n<\/tr>\n<tr>\n<td class=\"specType\"><\/td>\n<td class=\"specValue\"><\/td>\n<\/tr>\n<tr>\n<td class=\"specType\"><\/td>\n<td class=\"specValue\"><\/td>\n<\/tr>\n<\/tbody>\n<\/table>","protected":false},"excerpt":{"rendered":"<p>JONARD<\/p>\n<ul>\n<li>Kasutatakse 250mikronilise katte eemaldamiseks kuni 125 mikronilise kiuni.<\/li>\n<li>Eelseadistatud, lisa seadistamist ei vaja, t\u00f6\u00f6riitsa unikaalne disain hoiab \u00e4ra kiu vigastamise.<\/li>\n<li>Koorija terad on loodud vastupidavateks ja kauakestvateks. K\u00e4epide on tehtud TPR (termoplast kumm).<\/li>\n<\/ul>","protected":false},"featured_media":6329,"comment_status":"closed","ping_status":"closed","template":"","meta":{"jetpack_post_was_ever_published":false,"jetpack_publicize_message":"","jetpack_publicize_feature_enabled":true,"jetpack_social_post_already_shared":true,"jetpack_social_options":{"image_generator_settings":{"template":"highway","default_image_id":0,"font":"","enabled":false},"version":2}},"product_brand":[],"product_cat":[116,115],"product_tag":[531,1079,92],"class_list":{"0":"post-6328","1":"product","2":"type-product","3":"status-publish","4":"has-post-thumbnail","6":"product_cat-fiber-optic-stripper","7":"product_cat-fiber-optic-tools","8":"product_tag-fiber-optic","9":"product_tag-fiber-optic-stripper","10":"product_tag-fiber-optic-tools","12":"first","13":"onbackorder","14":"taxable","15":"shipping-taxable","16":"purchasable","17":"product-type-simple"},"jetpack_publicize_connections":[],"jetpack_sharing_enabled":true,"_links":{"self":[{"href":"https:\/\/fiberoptics24.eu\/et\/wp-json\/wp\/v2\/product\/6328","targetHints":{"allow":["GET"]}}],"collection":[{"href":"https:\/\/fiberoptics24.eu\/et\/wp-json\/wp\/v2\/product"}],"about":[{"href":"https:\/\/fiberoptics24.eu\/et\/wp-json\/wp\/v2\/types\/product"}],"replies":[{"embeddable":true,"href":"https:\/\/fiberoptics24.eu\/et\/wp-json\/wp\/v2\/comments?post=6328"}],"wp:featuredmedia":[{"embeddable":true,"href":"https:\/\/fiberoptics24.eu\/et\/wp-json\/wp\/v2\/media\/6329"}],"wp:attachment":[{"href":"https:\/\/fiberoptics24.eu\/et\/wp-json\/wp\/v2\/media?parent=6328"}],"wp:term":[{"taxonomy":"product_brand","embeddable":true,"href":"https:\/\/fiberoptics24.eu\/et\/wp-json\/wp\/v2\/product_brand?post=6328"},{"taxonomy":"product_cat","embeddable":true,"href":"https:\/\/fiberoptics24.eu\/et\/wp-json\/wp\/v2\/product_cat?post=6328"},{"taxonomy":"product_tag","embeddable":true,"href":"https:\/\/fiberoptics24.eu\/et\/wp-json\/wp\/v2\/product_tag?post=6328"}],"curies":[{"name":"wp","href":"https:\/\/api.w.org\/{rel}","templated":true}]}}