{"id":6331,"date":"2019-04-10T11:47:34","date_gmt":"2019-04-10T09:47:34","guid":{"rendered":"https:\/\/fiberoptics24-eu.vserver.zonevs.eu\/?post_type=product&#038;p=6331"},"modified":"2020-09-18T15:05:42","modified_gmt":"2020-09-18T13:05:42","slug":"tk-350-fiber-kit-kevlar-cutter-jonards","status":"publish","type":"product","link":"https:\/\/fiberoptics24.eu\/et\/toode\/tk-350-fiber-kit-kevlar-cutter-jonards\/","title":{"rendered":"TK-350: Fiibri t\u00f6\u00f6riistade komplekt, Jonard"},"content":{"rendered":"<p>TK-350 koosneb JIC 186 kevlari k\u00e4\u00e4ridest ja JIC-375 kaablikoorijast ning metall klambriga vutlarist. JIc-375 saab teha k\u00f5ik peamised kaablikatte eemaldused. Esimene ava  koorib 1.6-3mm fiibri katte kuni  600-900 mikroniliseni kiukatteni. Teine ava koorib 600-900mikronilise kiukatte kuni 250 mikronilise katteni ja kolmas ava koorib 250 mikronilise kaabli kuni 125 mikronilise fiiberiuni ilma seda kajhustamata. K\u00e4epide on tehtud TPR (termoplast kummist). JIC-186 ergonoomilised fiiberoptika kevlari l\u00f5ikurid on tehtud k\u00f5rge s\u00fcsinikusisaldusega roostevabast terasest mis l\u00f5ikavad nii Kevlar\u00ae, kaablikatet, teipe, kaablisidemeid ja teisi materjale. Ergonoomilised k\u00e4epidemed tagavad mugava ja turvalise t\u00f6\u00f6. Seadistav pingutuskruvi kaitsekatte all, hammastatud terad materjali paremaks l\u00f5ikamiseks, terva ja vastupidav 6\" pikk tera.<\/p>\n<p><a class=\"videoLink\" href=\"https:\/\/www.jonard.com\/Products\/Fiber-Optic-Tools-Fiber-Optic-Tool-Kits-TK-350-Fiber-Kit-With-Kevlar-Cutter#\"><img decoding=\"async\" class=\"videoThumb\" src=\"http:\/\/img.youtube.com\/vi\/wJoJgPaB1Ac\/default.jpg\" \/><\/a><\/p>","protected":false},"excerpt":{"rendered":"<p>JONARD<\/p>\n<p>Komplekt koosneb:<\/p>\n<ul>\n<li><strong><a href=\"https:\/\/www.jonard.com\/Products\/Fiber-Optic-Tools-Fiber-Optic-Stripping-and-Slitting-JIC-375-Fiber-Optic-Stripper-Three-Hole\" target=\"_blank\" rel=\"noopener noreferrer\">JIC-375<\/a>\u00a0<\/strong>Kolme auguga kaablikoorija<\/li>\n<li><strong><a href=\"https:\/\/www.jonard.com\/Products\/Fiber-Optic-Tools-Fiber-Optic-Scissors-JIC-186-Wire-And-Kevlar-Cutting-Shears\" target=\"_blank\" rel=\"noopener noreferrer\">JIC-186<\/a><\/strong>\u00a0Kevlar k\u00e4\u00e4rid<\/li>\n<li><strong><a href=\"https:\/\/www.jonard.com\/Products\/H-60-Molded-Two-Tool-Pouch\" target=\"_blank\" rel=\"noopener noreferrer\">H-60<\/a><\/strong>\u00a0Tugevas vormis kaheosaline t\u00f6\u00f6riistahoidja<\/li>\n<\/ul>","protected":false},"featured_media":6332,"comment_status":"closed","ping_status":"closed","template":"","meta":{"jetpack_post_was_ever_published":false,"jetpack_publicize_message":"","jetpack_publicize_feature_enabled":true,"jetpack_social_post_already_shared":true,"jetpack_social_options":{"image_generator_settings":{"template":"highway","default_image_id":0,"font":"","enabled":false},"version":2}},"product_brand":[],"product_cat":[1401,115],"product_tag":[531,1079,92],"class_list":{"0":"post-6331","1":"product","2":"type-product","3":"status-publish","4":"has-post-thumbnail","6":"product_cat-fiber-optic-tool-kit","7":"product_cat-fiber-optic-tools","8":"product_tag-fiber-optic","9":"product_tag-fiber-optic-stripper","10":"product_tag-fiber-optic-tools","12":"first","13":"onbackorder","14":"taxable","15":"shipping-taxable","16":"purchasable","17":"product-type-simple"},"jetpack_publicize_connections":[],"jetpack_sharing_enabled":true,"_links":{"self":[{"href":"https:\/\/fiberoptics24.eu\/et\/wp-json\/wp\/v2\/product\/6331","targetHints":{"allow":["GET"]}}],"collection":[{"href":"https:\/\/fiberoptics24.eu\/et\/wp-json\/wp\/v2\/product"}],"about":[{"href":"https:\/\/fiberoptics24.eu\/et\/wp-json\/wp\/v2\/types\/product"}],"replies":[{"embeddable":true,"href":"https:\/\/fiberoptics24.eu\/et\/wp-json\/wp\/v2\/comments?post=6331"}],"wp:featuredmedia":[{"embeddable":true,"href":"https:\/\/fiberoptics24.eu\/et\/wp-json\/wp\/v2\/media\/6332"}],"wp:attachment":[{"href":"https:\/\/fiberoptics24.eu\/et\/wp-json\/wp\/v2\/media?parent=6331"}],"wp:term":[{"taxonomy":"product_brand","embeddable":true,"href":"https:\/\/fiberoptics24.eu\/et\/wp-json\/wp\/v2\/product_brand?post=6331"},{"taxonomy":"product_cat","embeddable":true,"href":"https:\/\/fiberoptics24.eu\/et\/wp-json\/wp\/v2\/product_cat?post=6331"},{"taxonomy":"product_tag","embeddable":true,"href":"https:\/\/fiberoptics24.eu\/et\/wp-json\/wp\/v2\/product_tag?post=6331"}],"curies":[{"name":"wp","href":"https:\/\/api.w.org\/{rel}","templated":true}]}}