{"id":6333,"date":"2019-04-10T11:54:01","date_gmt":"2019-04-10T09:54:01","guid":{"rendered":"https:\/\/fiberoptics24-eu.vserver.zonevs.eu\/?post_type=product&#038;p=6333"},"modified":"2020-01-24T08:41:52","modified_gmt":"2020-01-24T06:41:52","slug":"ms-6-mid-span-slitter-jonard","status":"publish","type":"product","link":"https:\/\/fiberoptics24.eu\/et\/toode\/ms-6-mid-span-slitter-jonard\/","title":{"rendered":"MS-6: Mid Span Slitter, Jonard"},"content":{"rendered":"<p><strong>Kaablisoone suurused:<\/strong><\/p>\n<ul>\n<li>1.2 &#8211; 1.5 mm<\/li>\n<li>1.5 &#8211; 1.8 mm<\/li>\n<li>1.8 &#8211; 2.1 mm<\/li>\n<li>2.1 &#8211; 2.5 mm<\/li>\n<li>2.5 &#8211; 2.9 mm<\/li>\n<li>2.9 &#8211; 3.3 mm<\/li>\n<\/ul>\n<div>\n<div><\/div>\n<p><strong>Lihtne kasutatavus:<\/strong><\/p>\n<ol>\n<li>Vali \u00f5ige m\u00f5\u00f5duga kaablisoon. K\u00f5ik sooned on m\u00e4rgistatud soovitusliku m\u00f5\u00f5duga.<\/li>\n<li>Pane kaabel soonde. Nool MS-26 peal n\u00e4itab tera asetust ja t\u00f5mbe suunda.<\/li>\n<li>Sulge t\u00f6\u00f6riist, j\u00e4lgi, et lukk sulguks ja t\u00f5mba.<\/li>\n<\/ol>\n<p><strong>M\u00e4rkus:\u00a0<\/strong><\/p>\n<ul>\n<li>This tool is specified for use on the OFS EZ-Bend<sup>\u00ae<\/sup>\u00a03.0mm cable.<\/li>\n<li class=\"translation-block\">Sobib sellistele kaablit\u00fc\u00fcpidele Corning\u2019s v\u00e4li ALTOS<sup>\u00ae<\/sup> loose tube, Microduct MiniXtend<sup>\u00ae<\/sup> HD ja MiniXtend<sup>\u00ae<\/sup> kaablile Binderless<sup>\u00ae<\/sup> FastAccess<sup>\u00ae<\/sup> Techonology, ja nende sise\/v\u00e4li FREEDM<sup>\u00ae<\/sup>\u00a0jaLSZH<sup>\u00ae<\/sup> loose tube kaablitele 1.4, 1.7, 2.5mm kiukattega.<\/li>\n<li>T\u00f6\u00f6tab h\u00e4sti PPC poolpehme 3mm.<\/li>\n<\/ul>\n<\/div>","protected":false},"excerpt":{"rendered":"<p>JONARD<\/p>\n<ul>\n<li>Jonard Toolsi poolt patendeeritud ja auhinna v\u00f5itnud MS-26 keskmise suurusega kaablikoorija on loodud 1.2-3.3mm diameetriga fiiberkaabli katete ja kiukatete avamiseks.<\/li>\n<li>6 erim\u00f5\u00f5dus kaablisoonega saad kiukatte eemaldada ilma kiudu vigastamatta. Vahetatavd terad (MSB-1533)<\/li>\n<\/ul>","protected":false},"featured_media":6334,"comment_status":"closed","ping_status":"closed","template":"","meta":{"jetpack_post_was_ever_published":false,"jetpack_publicize_message":"","jetpack_publicize_feature_enabled":true,"jetpack_social_post_already_shared":true,"jetpack_social_options":{"image_generator_settings":{"template":"highway","default_image_id":0,"font":"","enabled":false},"version":2}},"product_brand":[],"product_cat":[1400,115],"product_tag":[531,92],"class_list":{"0":"post-6333","1":"product","2":"type-product","3":"status-publish","4":"has-post-thumbnail","6":"product_cat-fiber-optic-slitter","7":"product_cat-fiber-optic-tools","8":"product_tag-fiber-optic","9":"product_tag-fiber-optic-tools","11":"first","12":"onbackorder","13":"taxable","14":"shipping-taxable","15":"purchasable","16":"product-type-simple"},"jetpack_publicize_connections":[],"jetpack_sharing_enabled":true,"_links":{"self":[{"href":"https:\/\/fiberoptics24.eu\/et\/wp-json\/wp\/v2\/product\/6333","targetHints":{"allow":["GET"]}}],"collection":[{"href":"https:\/\/fiberoptics24.eu\/et\/wp-json\/wp\/v2\/product"}],"about":[{"href":"https:\/\/fiberoptics24.eu\/et\/wp-json\/wp\/v2\/types\/product"}],"replies":[{"embeddable":true,"href":"https:\/\/fiberoptics24.eu\/et\/wp-json\/wp\/v2\/comments?post=6333"}],"wp:featuredmedia":[{"embeddable":true,"href":"https:\/\/fiberoptics24.eu\/et\/wp-json\/wp\/v2\/media\/6334"}],"wp:attachment":[{"href":"https:\/\/fiberoptics24.eu\/et\/wp-json\/wp\/v2\/media?parent=6333"}],"wp:term":[{"taxonomy":"product_brand","embeddable":true,"href":"https:\/\/fiberoptics24.eu\/et\/wp-json\/wp\/v2\/product_brand?post=6333"},{"taxonomy":"product_cat","embeddable":true,"href":"https:\/\/fiberoptics24.eu\/et\/wp-json\/wp\/v2\/product_cat?post=6333"},{"taxonomy":"product_tag","embeddable":true,"href":"https:\/\/fiberoptics24.eu\/et\/wp-json\/wp\/v2\/product_tag?post=6333"}],"curies":[{"name":"wp","href":"https:\/\/api.w.org\/{rel}","templated":true}]}}