{"id":6335,"date":"2019-04-10T12:00:12","date_gmt":"2019-04-10T10:00:12","guid":{"rendered":"https:\/\/fiberoptics24-eu.vserver.zonevs.eu\/?post_type=product&#038;p=6335"},"modified":"2020-09-18T15:03:15","modified_gmt":"2020-09-18T13:03:15","slug":"ms-26-large-mid-span-slitter-jonard","status":"publish","type":"product","link":"https:\/\/fiberoptics24.eu\/et\/toode\/ms-26-large-mid-span-slitter-jonard\/","title":{"rendered":"MS-26: Suur kaablikoorija, Jonard"},"content":{"rendered":"<p><strong>Kaablisoone suurused:<\/strong><\/p>\n<div>\n<ul>\n<li>2.9 &#8211; 3.6 mm<\/li>\n<li>3.6 &#8211; 4.4 mm<\/li>\n<li>4.4 &#8211; 5.2 mm<\/li>\n<li>5.2 &#8211; 6.0 mm<\/li>\n<li>6.0 &#8211; 6.8 mm<\/li>\n<\/ul>\n<p><strong>M\u00e4rkus:<\/strong>\u00a0T\u00f6\u00f6tab ka OFS EZ-Bend<sup>\u00ae<\/sup>\u00a03.0 ja 4.8mm t\u00f5mbekaablitega<br \/>\n<strong>Lihtne kasutatavus:<\/strong><\/p>\n<ol>\n<li>Vali \u00f5ige m\u00f5\u00f5duga kaablisoon. K\u00f5ik sooned on m\u00e4rgistatud soovitusliku m\u00f5\u00f5duga.<\/li>\n<li>Pane kaabel soonde. Nool MS-26 peal n\u00e4itab tera asetust ja t\u00f5mbe suunda.<\/li>\n<li>Sulge t\u00f6\u00f6riist, j\u00e4lgi, et lukk sulguks ja t\u00f5mba.<\/li>\n<\/ol>\n<div class=\"clearboth\"><\/div>\n<div class=\"productSlider\">\n<p><a class=\"videoLink\" href=\"https:\/\/www.jonard.com\/Products\/Fiber-Optic-Tools-Fiber-Optic-Stripping-and-Slitting-MS-26-Mid-Span-Slitter-29mm-68mm#\"><img decoding=\"async\" class=\"videoThumb\" src=\"http:\/\/img.youtube.com\/vi\/KdVY_PxgOgs\/default.jpg\" \/><\/a><\/p>\n<div class=\"vidOverlay\"><\/div>\n<\/div>\n<p>&nbsp;<\/p>\n<\/div>","protected":false},"excerpt":{"rendered":"<p>JONARD<\/p>\n<p><img decoding=\"async\" src=\"https:\/\/www.jonard.com\/Products\/~\/media\/FE3CAB54E4344070A2B5B490B1D3161C.ashx?la=en&amp;h=83&amp;w=186\" alt=\"\" \/><\/p>\n<ul>\n<li class=\"translation-block\">Jonard Toolsi poolt patendeeritud ja auhinna v\u00f5itnud MS-26 keskmise suurusega kaablikoorija on loodud 2.9-6.8mm diameetriga fiiberkaabli katete ja kiukatete avamiseks.<\/li>\n<li>Erinevas m\u00f5\u00f5tu kaablite jaoks on 5 eelseatistatud l\u00f5ikesoont. Ergonoomiline disain laseb sul avada kaablikatteid ja fiibrikatteid ilma fiiberkiudu vigastamata.<\/li>\n<li>Terad on vahetatavad, tootekood on MSB-2968<\/li>\n<\/ul>","protected":false},"featured_media":6336,"comment_status":"closed","ping_status":"closed","template":"","meta":{"jetpack_post_was_ever_published":false,"jetpack_publicize_message":"","jetpack_publicize_feature_enabled":true,"jetpack_social_post_already_shared":true,"jetpack_social_options":{"image_generator_settings":{"template":"highway","default_image_id":0,"font":"","enabled":false},"version":2}},"product_brand":[],"product_cat":[1400,115],"product_tag":[531,92],"class_list":{"0":"post-6335","1":"product","2":"type-product","3":"status-publish","4":"has-post-thumbnail","6":"product_cat-fiber-optic-slitter","7":"product_cat-fiber-optic-tools","8":"product_tag-fiber-optic","9":"product_tag-fiber-optic-tools","11":"first","12":"onbackorder","13":"taxable","14":"shipping-taxable","15":"purchasable","16":"product-type-simple"},"jetpack_publicize_connections":[],"jetpack_sharing_enabled":true,"_links":{"self":[{"href":"https:\/\/fiberoptics24.eu\/et\/wp-json\/wp\/v2\/product\/6335","targetHints":{"allow":["GET"]}}],"collection":[{"href":"https:\/\/fiberoptics24.eu\/et\/wp-json\/wp\/v2\/product"}],"about":[{"href":"https:\/\/fiberoptics24.eu\/et\/wp-json\/wp\/v2\/types\/product"}],"replies":[{"embeddable":true,"href":"https:\/\/fiberoptics24.eu\/et\/wp-json\/wp\/v2\/comments?post=6335"}],"wp:featuredmedia":[{"embeddable":true,"href":"https:\/\/fiberoptics24.eu\/et\/wp-json\/wp\/v2\/media\/6336"}],"wp:attachment":[{"href":"https:\/\/fiberoptics24.eu\/et\/wp-json\/wp\/v2\/media?parent=6335"}],"wp:term":[{"taxonomy":"product_brand","embeddable":true,"href":"https:\/\/fiberoptics24.eu\/et\/wp-json\/wp\/v2\/product_brand?post=6335"},{"taxonomy":"product_cat","embeddable":true,"href":"https:\/\/fiberoptics24.eu\/et\/wp-json\/wp\/v2\/product_cat?post=6335"},{"taxonomy":"product_tag","embeddable":true,"href":"https:\/\/fiberoptics24.eu\/et\/wp-json\/wp\/v2\/product_tag?post=6335"}],"curies":[{"name":"wp","href":"https:\/\/api.w.org\/{rel}","templated":true}]}}