{"id":6338,"date":"2019-04-10T12:59:08","date_gmt":"2019-04-10T10:59:08","guid":{"rendered":"https:\/\/fiberoptics24-eu.vserver.zonevs.eu\/?post_type=product&#038;p=6338"},"modified":"2021-02-10T13:56:09","modified_gmt":"2021-02-10T11:56:09","slug":"csr-1575-cable-slit-ring-tool-jonard","status":"publish","type":"product","link":"https:\/\/fiberoptics24.eu\/et\/toode\/csr-1575-cable-slit-ring-tool-jonard\/","title":{"rendered":"CSR-1575: Kaablikoorija , Jonard"},"content":{"rendered":"<p><strong>Lihtne kasutada:<\/strong><\/p>\n<ul>\n<li>Ristl\u00f5ike tegemine kaablile: Ristl\u00f5ike tera on kergesti reguleeritav spetsiaalse reguleerimis kruvi abil. P\u00f6\u00f6rates reguleerimis kruvi \"+\" m\u00e4rgi poole suureneb ristl\u00f5ike tera l\u00f5ikke s\u00fcgavus. \"-\" m\u00e4rgi poole p\u00f6\u00f6rates l\u00f5ikes\u00fcgavus v\u00e4heneb. Kui l\u00f5ikes\u00fcgavus on reguleeritud \u00f5igeks, avage tangid sisestage kaabel. P\u00f6\u00f6rake t\u00f6\u00f6rista  kolm korda \u00fcmber kaabli, avage tangid ja v\u00f5tke kaabel vahelt v\u00e4lja ning eemaldage kaablilt kate.<\/li>\n<li>Pikki kaablit l\u00f5ige: Esiteks valige kumba V kaablisoont soovite kasutada, meie soovitame kasutada v\u00e4iksemat kaablisoont kaablite 3mm ja v\u00e4iksemate puhul ja suuremat kaablisoont suuremate kui 3mm kaablite puhul. kaabli soone vahetamiseks lihtsalt l\u00fckake see oma pesast v\u00e4lja p\u00f6\u00f6rake ringi ja suruge oma kohale tagasi.<\/li>\n<li>Pikkil\u00f5ike tera s\u00fcgavuse reguleerimiseks keerake tera hoidev kruvi l\u00f5dvemaks, seadistage tera \u00f5igele s\u00fcgavusele ja pingutage tera hoidev kruvi. Avage tangid asetage kaabel kaablisoonde ja vajutage tangid kinni ja t\u00f5mmake kaabel l\u00e4bi t\u00f6\u00f6riista.<\/li>\n<\/ul>\n<div class=\"productSlider\"><a class=\"videoLink\" href=\"https:\/\/www.jonard.com\/Products\/Fiber-Optic-Tools-Fiber-Optic-Stripping-and-Slitting-CSR-1575-Cable-Slit-And-Ring-Tool#\"><img decoding=\"async\" class=\"videoThumb\" src=\"http:\/\/img.youtube.com\/vi\/-QeC3LphoSU\/default.jpg\" \/><\/a><\/p>\n<div class=\"vidOverlay\"><\/div>\n<\/div>","protected":false},"excerpt":{"rendered":"<p>JONARD<\/p>\n<ul>\n<li>CSR-1757 on loodud  kuni 7.5mm diameetriga kaablite koorimiseks.<\/li>\n<li>T\u00f6\u00f6riistal on kaks kergesti reguleeritavadt tera ja kahe suurusega kaablisoon erinevate suurustega kaablite koorimiseks.<\/li>\n<\/ul>","protected":false},"featured_media":6339,"comment_status":"closed","ping_status":"closed","template":"","meta":{"jetpack_post_was_ever_published":false,"jetpack_publicize_message":"","jetpack_publicize_feature_enabled":true,"jetpack_social_post_already_shared":true,"jetpack_social_options":{"image_generator_settings":{"template":"highway","default_image_id":0,"font":"","enabled":false},"version":2}},"product_brand":[],"product_cat":[1400,115,1399],"product_tag":[531,1079,92],"class_list":{"0":"post-6338","1":"product","2":"type-product","3":"status-publish","4":"has-post-thumbnail","6":"product_cat-fiber-optic-slitter","7":"product_cat-fiber-optic-tools","8":"product_cat-tools","9":"product_tag-fiber-optic","10":"product_tag-fiber-optic-stripper","11":"product_tag-fiber-optic-tools","13":"first","14":"instock","15":"taxable","16":"shipping-taxable","17":"purchasable","18":"product-type-simple"},"jetpack_publicize_connections":[],"jetpack_sharing_enabled":true,"_links":{"self":[{"href":"https:\/\/fiberoptics24.eu\/et\/wp-json\/wp\/v2\/product\/6338","targetHints":{"allow":["GET"]}}],"collection":[{"href":"https:\/\/fiberoptics24.eu\/et\/wp-json\/wp\/v2\/product"}],"about":[{"href":"https:\/\/fiberoptics24.eu\/et\/wp-json\/wp\/v2\/types\/product"}],"replies":[{"embeddable":true,"href":"https:\/\/fiberoptics24.eu\/et\/wp-json\/wp\/v2\/comments?post=6338"}],"wp:featuredmedia":[{"embeddable":true,"href":"https:\/\/fiberoptics24.eu\/et\/wp-json\/wp\/v2\/media\/6339"}],"wp:attachment":[{"href":"https:\/\/fiberoptics24.eu\/et\/wp-json\/wp\/v2\/media?parent=6338"}],"wp:term":[{"taxonomy":"product_brand","embeddable":true,"href":"https:\/\/fiberoptics24.eu\/et\/wp-json\/wp\/v2\/product_brand?post=6338"},{"taxonomy":"product_cat","embeddable":true,"href":"https:\/\/fiberoptics24.eu\/et\/wp-json\/wp\/v2\/product_cat?post=6338"},{"taxonomy":"product_tag","embeddable":true,"href":"https:\/\/fiberoptics24.eu\/et\/wp-json\/wp\/v2\/product_tag?post=6338"}],"curies":[{"name":"wp","href":"https:\/\/api.w.org\/{rel}","templated":true}]}}