{"id":6341,"date":"2019-04-10T13:11:04","date_gmt":"2019-04-10T11:11:04","guid":{"rendered":"https:\/\/fiberoptics24-eu.vserver.zonevs.eu\/?post_type=product&#038;p=6341"},"modified":"2020-09-18T15:00:24","modified_gmt":"2020-09-18T13:00:24","slug":"rst-8514-riser-micro-duct-slitter-jonard","status":"publish","type":"product","link":"https:\/\/fiberoptics24.eu\/et\/toode\/rst-8514-riser-micro-duct-slitter-jonard\/","title":{"rendered":"RST-8514: Riser &#038; Micro Duct Slitter, Jonard"},"content":{"rendered":"<p>RST-8514 on keskmist m\u00f5\u00f5tu l\u00f5iket\u00f6\u00f6riist, mida kasutatakse avauste tegemiseks FTTH t\u00f5usukaablitesse ku ka mikrtorutesse. T\u00f6\u00f6riist on m\u00f5eldud kaablitele l\u00e4bim\u00f5\u00f5duga 8.5mm kuni 14mm.<br \/>\nTera on kergesti vahetatav<\/p>","protected":false},"excerpt":{"rendered":"<p>JONARD<\/p>\n<p><strong>Lihtne kasutatavus:<\/strong><\/p>\n<ol>\n<li>Suru t\u00f6\u00f6riist vastu kaablit<\/li>\n<li>Haara t\u00f6\u00f6riistast ja kaablit lihtsalt \u00fchek\u00e4ega kinni ja t\u00f5mba.<\/li>\n<\/ol>\n<p>&nbsp;<\/p>","protected":false},"featured_media":6342,"comment_status":"closed","ping_status":"closed","template":"","meta":{"jetpack_post_was_ever_published":false,"jetpack_publicize_message":"","jetpack_publicize_feature_enabled":true,"jetpack_social_post_already_shared":true,"jetpack_social_options":{"image_generator_settings":{"template":"highway","default_image_id":0,"font":"","enabled":false},"version":2}},"product_brand":[],"product_cat":[1400,115],"product_tag":[531,92],"class_list":{"0":"post-6341","1":"product","2":"type-product","3":"status-publish","4":"has-post-thumbnail","6":"product_cat-fiber-optic-slitter","7":"product_cat-fiber-optic-tools","8":"product_tag-fiber-optic","9":"product_tag-fiber-optic-tools","11":"first","12":"onbackorder","13":"taxable","14":"shipping-taxable","15":"purchasable","16":"product-type-simple"},"jetpack_publicize_connections":[],"jetpack_sharing_enabled":true,"_links":{"self":[{"href":"https:\/\/fiberoptics24.eu\/et\/wp-json\/wp\/v2\/product\/6341","targetHints":{"allow":["GET"]}}],"collection":[{"href":"https:\/\/fiberoptics24.eu\/et\/wp-json\/wp\/v2\/product"}],"about":[{"href":"https:\/\/fiberoptics24.eu\/et\/wp-json\/wp\/v2\/types\/product"}],"replies":[{"embeddable":true,"href":"https:\/\/fiberoptics24.eu\/et\/wp-json\/wp\/v2\/comments?post=6341"}],"wp:featuredmedia":[{"embeddable":true,"href":"https:\/\/fiberoptics24.eu\/et\/wp-json\/wp\/v2\/media\/6342"}],"wp:attachment":[{"href":"https:\/\/fiberoptics24.eu\/et\/wp-json\/wp\/v2\/media?parent=6341"}],"wp:term":[{"taxonomy":"product_brand","embeddable":true,"href":"https:\/\/fiberoptics24.eu\/et\/wp-json\/wp\/v2\/product_brand?post=6341"},{"taxonomy":"product_cat","embeddable":true,"href":"https:\/\/fiberoptics24.eu\/et\/wp-json\/wp\/v2\/product_cat?post=6341"},{"taxonomy":"product_tag","embeddable":true,"href":"https:\/\/fiberoptics24.eu\/et\/wp-json\/wp\/v2\/product_tag?post=6341"}],"curies":[{"name":"wp","href":"https:\/\/api.w.org\/{rel}","templated":true}]}}