{"id":6344,"date":"2019-04-10T13:38:02","date_gmt":"2019-04-10T11:38:02","guid":{"rendered":"https:\/\/fiberoptics24-eu.vserver.zonevs.eu\/?post_type=product&#038;p=6344"},"modified":"2023-03-30T08:32:43","modified_gmt":"2023-03-30T06:32:43","slug":"vfl-150-visual-fault-locator-kit-jonard","status":"publish","type":"product","link":"https:\/\/fiberoptics24.eu\/et\/toode\/vfl-150-visual-fault-locator-kit-jonard\/","title":{"rendered":"VFL-150: Visuaalse vea tuvastaja, Jonard"},"content":{"rendered":"<div class=\"twoColumnContent\">\n<div id=\"product-detail-left\">\n<div class=\"clearboth\">Visuaalse vea tuvastaja komplekt sisaldab AAA patareisid ja VFL-25125 FC\/LC adapterit. See pliiats t\u00fc\u00fcpi seade on spetsiaalselt loodud spetsialistidele kes vajavad kaasaskantavat valgusallikat fiiberkaabli murdepunktide ja kehva \u00fchenduse leidmiseks. VFL t\u00f6\u00f6tab FC, SC, ST pistikutega ja LC pitikute jaoks on kaasas VFL-25125 adapter.<\/div>\n<\/div>\n<\/div>\n<div><\/div>\n<div><a class=\"videoLink\" style=\"color: inherit; outline: 0px;\" href=\"https:\/\/www.jonard.com\/Products\/Fiber-Optic-Tools-Fiber-Optic-Visual-Fault-Locators-VFL-150-Visual-Fault-Locator-Kit#\"><img decoding=\"async\" class=\"videoThumb\" src=\"http:\/\/img.youtube.com\/vi\/vAk_QAK7lXw\/default.jpg\" \/><\/a><\/div>\n<p>&nbsp;<\/p>\n<p>Technical Specifications:<\/p>\n<ul>\n<li>Valgusallikas: Klass IIIA laserdiood &lt; 5mw<\/li>\n<li>Lainepikkus: 650nm.<\/li>\n<li>Distants: kuni 5km<\/li>\n<li>Patarei eluiga: 60 tundi.<\/li>\n<li>Pistik : 2.5mm universaal.<\/li>\n<li>T\u00f6\u00f6temperatuur: -20C kuni 60C.<\/li>\n<li>Ladustamise temperatuur:  -40C kuni 85C<\/li>\n<li>Toide: 2 AAA patareid<\/li>\n<\/ul>\n<div class=\"productSlider\">\n<div class=\"vidOverlay\"><\/div>\n<\/div>","protected":false},"excerpt":{"rendered":"<div class=\"twoColumnContent\">\n<div id=\"product-detail-left\">\n<div class=\"twoColumnContent\">\n<div id=\"product-detail-left\">\n<div class=\"clearboth\">JONARD<\/div>\n<\/div>\n<div>\n<p>&nbsp;<\/p>\n<p>Komplekt koosneb:<\/p>\n<ul>\n<li><strong><a href=\"https:\/\/www.jonard.com\/Products\/Fiber-Optic-Tools-Fiber-Optic-Visual-Fault-Locators-VFL-25-Visual-Fault-Locator\" target=\"_blank\" rel=\"noopener noreferrer\">VFL-25<\/a><\/strong> Visuaalse vea tuvastaja<\/li>\n<li><strong><a href=\"https:\/\/www.jonard.com\/Products\/Fiber-Optic-Tools-Fiber-Optic-Visual-Fault-Locators-VFL-25125-Adapter-For-VFL-FC-LC\" target=\"_blank\" rel=\"noopener noreferrer\">VFL-25125<\/a><\/strong> Adapter VFL FC-LC<\/li>\n<\/ul>\n<\/div>\n<\/div>\n<\/div>\n<\/div>","protected":false},"featured_media":6347,"comment_status":"open","ping_status":"closed","template":"","meta":{"jetpack_post_was_ever_published":false,"jetpack_publicize_message":"","jetpack_publicize_feature_enabled":true,"jetpack_social_post_already_shared":true,"jetpack_social_options":{"image_generator_settings":{"template":"highway","default_image_id":0,"font":"","enabled":false},"version":2}},"product_brand":[],"product_cat":[112,115],"product_tag":[531,1066,92],"class_list":{"0":"post-6344","1":"product","2":"type-product","3":"status-publish","4":"has-post-thumbnail","6":"product_cat-fiber-optic-inspection","7":"product_cat-fiber-optic-tools","8":"product_tag-fiber-optic","9":"product_tag-fiber-optic-inspection","10":"product_tag-fiber-optic-tools","12":"first","13":"instock","14":"taxable","15":"shipping-taxable","16":"purchasable","17":"product-type-simple"},"jetpack_publicize_connections":[],"jetpack_sharing_enabled":true,"_links":{"self":[{"href":"https:\/\/fiberoptics24.eu\/et\/wp-json\/wp\/v2\/product\/6344","targetHints":{"allow":["GET"]}}],"collection":[{"href":"https:\/\/fiberoptics24.eu\/et\/wp-json\/wp\/v2\/product"}],"about":[{"href":"https:\/\/fiberoptics24.eu\/et\/wp-json\/wp\/v2\/types\/product"}],"replies":[{"embeddable":true,"href":"https:\/\/fiberoptics24.eu\/et\/wp-json\/wp\/v2\/comments?post=6344"}],"wp:featuredmedia":[{"embeddable":true,"href":"https:\/\/fiberoptics24.eu\/et\/wp-json\/wp\/v2\/media\/6347"}],"wp:attachment":[{"href":"https:\/\/fiberoptics24.eu\/et\/wp-json\/wp\/v2\/media?parent=6344"}],"wp:term":[{"taxonomy":"product_brand","embeddable":true,"href":"https:\/\/fiberoptics24.eu\/et\/wp-json\/wp\/v2\/product_brand?post=6344"},{"taxonomy":"product_cat","embeddable":true,"href":"https:\/\/fiberoptics24.eu\/et\/wp-json\/wp\/v2\/product_cat?post=6344"},{"taxonomy":"product_tag","embeddable":true,"href":"https:\/\/fiberoptics24.eu\/et\/wp-json\/wp\/v2\/product_tag?post=6344"}],"curies":[{"name":"wp","href":"https:\/\/api.w.org\/{rel}","templated":true}]}}