{"id":6348,"date":"2019-04-10T13:43:49","date_gmt":"2019-04-10T11:43:49","guid":{"rendered":"https:\/\/fiberoptics24-eu.vserver.zonevs.eu\/?post_type=product&#038;p=6348"},"modified":"2020-09-18T15:05:00","modified_gmt":"2020-09-18T13:05:00","slug":"tk-120-fiber-prep-kit-jonard","status":"publish","type":"product","link":"https:\/\/fiberoptics24.eu\/et\/toode\/tk-120-fiber-prep-kit-jonard\/","title":{"rendered":"TK-120: Fiibri ettevalmistus komplekt, Jonard"},"content":{"rendered":"<p>Komplekt koosneb:<\/p>\n<ul>\n<li><strong><a href=\"http:\/\/www.jonard.com\/Products\/Fiber-Optic-Tools-Fiber-Optic-Stripping-and-Slitting-JIC-375-Fiber-Optic-Stripper-Three-Hole\">JIC-375<\/a><\/strong>\u00a0Kolme auguga kaablikoorija<\/li>\n<li><strong><a href=\"https:\/\/www.jonard.com\/Products\/Fiber-Optic-Tools-Fiber-Optic-Scissors-JIC-186-Wire-And-Kevlar-Cutting-Shears\" target=\"_blank\" rel=\"noopener noreferrer\">JIC-186<\/a>\u00a0<\/strong>Kevlari k\u00e4\u00e4rid<\/li>\n<li><strong><a href=\"https:\/\/www.jonard.com\/Products\/Fiber-Optic-Tools-Fiber-Optic-Stripping-and-Slitting-CSR-1575-Cable-Strip-And-Ring-Tool\" target=\"_blank\" rel=\"noopener noreferrer\">CSR-1575<\/a>\u00a0<\/strong>Kaablikoorija<\/li>\n<li><strong><a href=\"https:\/\/www.jonard.com\/Products\/Fiber-Optic-Tools-Fiber-Optic-Stripping-and-Slitting-FOD-2000-Fiber-Optic-Drop-Cable-Slitter\" target=\"_blank\" rel=\"noopener noreferrer\">FOD-2000<\/a>\u00a0<\/strong>Lapiku kaabli koorija<\/li>\n<li><strong><a href=\"https:\/\/www.jonard.com\/Products\/Pliers-Diagonal-Cutting-Pliers-JIC-2288-Plier-Diagonal-Cutter-8\" target=\"_blank\" rel=\"noopener noreferrer\">Kaablitangid<\/a><\/strong>\u00a0Plier, Diagonal, Cutter, 8&#8243;<\/li>\n<li><strong><a href=\"https:\/\/www.jonard.com\/Products\/Fiber-Optic-Tools-Fiber-Optic-Stripping-and-Slitting-CST-1900-Round-Cable-Stripper\" target=\"_blank\" rel=\"noopener noreferrer\">CST-1900<\/a>\u00a0<\/strong>\u00dcmara kaabli koorija<\/li>\n<li><strong><a href=\"https:\/\/www.jonard.com\/Products\/Fiber-Optic-Tools-Fiber-Optic-Stripping-and-Slitting-MS-6-Mid-Span-Slitter\" target=\"_blank\" rel=\"noopener noreferrer\">MS-6<\/a><\/strong>\u00a0Keskmine kaablikoorija, millega saab koorida erinava suurusega kaableid<\/li>\n<li><strong><a href=\"https:\/\/www.jonard.com\/Products\/Screwdrivers-and-Nut-Drivers-Multibit-Screwdrivers-SD-61-Screwdriver-Multi-Bit-6-In-1\" target=\"_blank\" rel=\"noopener noreferrer\">SD-61<\/a><\/strong>\u00a0Kruvikeeraja<\/li>\n<li><strong><a href=\"https:\/\/www.jonard.com\/Products\/FL-2000-LED-Flashlight-With-Zoom-Lens\" target=\"_blank\" rel=\"noopener noreferrer\">FL-2000<\/a><\/strong>\u00a0LED taskulamp, muudetava valgusvihu suurusega<\/li>\n<li><strong><a href=\"https:\/\/www.jonard.com\/Products\/Pliers-Long-and-Needle-Nose-Pliers-JIC-842-Telecom-Long-Nose-D-Pliers\" target=\"_blank\" rel=\"noopener noreferrer\">JIC-842<\/a><\/strong>\u00a0Pika terva ninaga tangid<\/li>\n<li><a href=\"https:\/\/www.jonard.com\/Products\/FW-5-Fiber-Wipes\"><strong>FW-5<\/strong><\/a> Puhastuslapid<\/li>\n<li><strong><a href=\"https:\/\/www.jonard.com\/Products\/H-90-Rugged-21-Pocket-Tool-Case\" target=\"_blank\" rel=\"noopener noreferrer\">H-90<\/a>\u00a0<\/strong>Vastupidav 21 taskuga t\u00f6\u00f6ristakott t\u00f6\u00f6riistade hoidmiseks ning millel on ka lisataskud muude t\u00f6\u00f6riistade v\u00f5i seadmete hoidmiseks<\/li>\n<\/ul>","protected":false},"excerpt":{"rendered":"<p>JONARD<\/p>\n<p>TK-120 Fiibri ettevalmistus komplektis on hulk t\u00f6\u00f6riistu fiiberoptilise kaabli ettevalmistuseks.<\/p>","protected":false},"featured_media":6349,"comment_status":"closed","ping_status":"closed","template":"","meta":{"jetpack_post_was_ever_published":false,"jetpack_publicize_message":"","jetpack_publicize_feature_enabled":true,"jetpack_social_post_already_shared":true,"jetpack_social_options":{"image_generator_settings":{"template":"highway","default_image_id":0,"font":"","enabled":false},"version":2}},"product_brand":[],"product_cat":[1401,115],"product_tag":[531,1079,92],"class_list":{"0":"post-6348","1":"product","2":"type-product","3":"status-publish","4":"has-post-thumbnail","6":"product_cat-fiber-optic-tool-kit","7":"product_cat-fiber-optic-tools","8":"product_tag-fiber-optic","9":"product_tag-fiber-optic-stripper","10":"product_tag-fiber-optic-tools","12":"first","13":"onbackorder","14":"taxable","15":"shipping-taxable","16":"purchasable","17":"product-type-simple"},"jetpack_publicize_connections":[],"jetpack_sharing_enabled":true,"_links":{"self":[{"href":"https:\/\/fiberoptics24.eu\/et\/wp-json\/wp\/v2\/product\/6348","targetHints":{"allow":["GET"]}}],"collection":[{"href":"https:\/\/fiberoptics24.eu\/et\/wp-json\/wp\/v2\/product"}],"about":[{"href":"https:\/\/fiberoptics24.eu\/et\/wp-json\/wp\/v2\/types\/product"}],"replies":[{"embeddable":true,"href":"https:\/\/fiberoptics24.eu\/et\/wp-json\/wp\/v2\/comments?post=6348"}],"wp:featuredmedia":[{"embeddable":true,"href":"https:\/\/fiberoptics24.eu\/et\/wp-json\/wp\/v2\/media\/6349"}],"wp:attachment":[{"href":"https:\/\/fiberoptics24.eu\/et\/wp-json\/wp\/v2\/media?parent=6348"}],"wp:term":[{"taxonomy":"product_brand","embeddable":true,"href":"https:\/\/fiberoptics24.eu\/et\/wp-json\/wp\/v2\/product_brand?post=6348"},{"taxonomy":"product_cat","embeddable":true,"href":"https:\/\/fiberoptics24.eu\/et\/wp-json\/wp\/v2\/product_cat?post=6348"},{"taxonomy":"product_tag","embeddable":true,"href":"https:\/\/fiberoptics24.eu\/et\/wp-json\/wp\/v2\/product_tag?post=6348"}],"curies":[{"name":"wp","href":"https:\/\/api.w.org\/{rel}","templated":true}]}}