{"id":6350,"date":"2019-04-10T14:00:04","date_gmt":"2019-04-10T12:00:04","guid":{"rendered":"https:\/\/fiberoptics24-eu.vserver.zonevs.eu\/?post_type=product&#038;p=6350"},"modified":"2020-09-14T13:22:03","modified_gmt":"2020-09-14T11:22:03","slug":"fcc-120-fiber-connector-cleaner-mpo-jonard","status":"publish","type":"product","link":"https:\/\/fiberoptics24.eu\/et\/toode\/fcc-120-fiber-connector-cleaner-mpo-jonard\/","title":{"rendered":"FCC-120: FO pistiku puhastaja MPO, Jonard"},"content":{"rendered":"<p>FCC-120 MPO pistiku ferruli otspinna puhastaja on loodud, et saavutada erakordne puhastus tulemus. Seadmele k\u00fclge kinnitatud kork tagab puhastuskanga kaitse ja on ka pistiku adapteriks.<\/p>\n<p>FCC-120 on, patenteeritud 360 kraadi p\u00f6\u00f6rduv ots eriti laia puhastuse saavutamiseks, \u00fche surumisega t\u00f6\u00f6protsess ja pikendatav otsik. Sellega saab otsa pikendada 3.8cm 10cm-ni, et ulatuda ka s\u00fcgvatessse ja kitsastesse portitesse. Lisaks kasutab FCC-250 mittekootud mikrokiudu, mis on tolmuvaba. FCC-120 on v\u00f5imalik teha 500+ puhastust protsessi ja sellel on ka aken kust on n\u00e4ha palju puhastuslintti on veel j\u00e4rel. V\u00e4lise kesta materjal on antistaatiline, mis v\u00f5imaldab ESD vaba t\u00f6\u00f6d.<\/p>\n<div class=\"productSlider\">\n<div class=\"vidOverlay\"><\/div>\n<\/div>","protected":false},"excerpt":{"rendered":"<p>JONARD<\/p>\n<p>Patenteeritud puhastus tehnoloogia<\/p>\n<ul>\n<li>Slide-Guide\u2122 libisemiskindel mikro lint karanteerib\nk\u00f5rge usaldusv\u00e4\u00e4rsuse<\/li>\n<li>Topelt p\u00f6\u00f6rdega ots tagab suurep\u00e4rase ferruli otspinna puhastuse<\/li>\n<li>MPO pistikute puhastamiseks<\/li>\n<\/ul>","protected":false},"featured_media":6352,"comment_status":"closed","ping_status":"closed","template":"","meta":{"jetpack_post_was_ever_published":false,"jetpack_publicize_message":"","jetpack_publicize_feature_enabled":true,"jetpack_social_post_already_shared":true,"jetpack_social_options":{"image_generator_settings":{"template":"highway","default_image_id":0,"font":"","enabled":false},"version":2}},"product_brand":[],"product_cat":[114],"product_tag":[531,85],"class_list":{"0":"post-6350","1":"product","2":"type-product","3":"status-publish","4":"has-post-thumbnail","6":"product_cat-fiber-optic-cleaning","7":"product_tag-fiber-optic","8":"product_tag-fiber-optic-cleaning-shop","10":"first","11":"onbackorder","12":"taxable","13":"shipping-taxable","14":"purchasable","15":"product-type-simple"},"jetpack_publicize_connections":[],"jetpack_sharing_enabled":true,"_links":{"self":[{"href":"https:\/\/fiberoptics24.eu\/et\/wp-json\/wp\/v2\/product\/6350","targetHints":{"allow":["GET"]}}],"collection":[{"href":"https:\/\/fiberoptics24.eu\/et\/wp-json\/wp\/v2\/product"}],"about":[{"href":"https:\/\/fiberoptics24.eu\/et\/wp-json\/wp\/v2\/types\/product"}],"replies":[{"embeddable":true,"href":"https:\/\/fiberoptics24.eu\/et\/wp-json\/wp\/v2\/comments?post=6350"}],"wp:featuredmedia":[{"embeddable":true,"href":"https:\/\/fiberoptics24.eu\/et\/wp-json\/wp\/v2\/media\/6352"}],"wp:attachment":[{"href":"https:\/\/fiberoptics24.eu\/et\/wp-json\/wp\/v2\/media?parent=6350"}],"wp:term":[{"taxonomy":"product_brand","embeddable":true,"href":"https:\/\/fiberoptics24.eu\/et\/wp-json\/wp\/v2\/product_brand?post=6350"},{"taxonomy":"product_cat","embeddable":true,"href":"https:\/\/fiberoptics24.eu\/et\/wp-json\/wp\/v2\/product_cat?post=6350"},{"taxonomy":"product_tag","embeddable":true,"href":"https:\/\/fiberoptics24.eu\/et\/wp-json\/wp\/v2\/product_tag?post=6350"}],"curies":[{"name":"wp","href":"https:\/\/api.w.org\/{rel}","templated":true}]}}