{"id":6353,"date":"2019-04-10T14:08:17","date_gmt":"2019-04-10T12:08:17","guid":{"rendered":"https:\/\/fiberoptics24-eu.vserver.zonevs.eu\/?post_type=product&#038;p=6353"},"modified":"2020-01-24T08:46:46","modified_gmt":"2020-01-24T06:46:46","slug":"fcc-125-fiber-connector-cleaner-1-25mm-jonard","status":"publish","type":"product","link":"https:\/\/fiberoptics24.eu\/et\/toode\/fcc-125-fiber-connector-cleaner-1-25mm-jonard\/","title":{"rendered":"FCC-125: FO pistiku puhastaja 1.25mm, Jonard"},"content":{"rendered":"<p>FCC-125 1,25mm FO pistiku ferruli otspinna puhastaja on loodud, et saavutada erakordne puhastus tulemus. Seadmele k\u00fclge kinnitatud kork tagab puhastuskanga kaitse ja on ka pistiku adapteriks.<\/p>\n<p>FCC-125on, patenteeritud 360 kraadi p\u00f6\u00f6rduv ots eriti laia puhastuse saavutamiseks, \u00fche surumisega t\u00f6\u00f6protsess ja pikendatav otsik. Sellega saab otsa pikendada 3.8cm 10cm-ni, et ulatuda ka s\u00fcgvatessse ja kitsastesse portitesse. Lisaks kasutab FCC-250 mittekootud mikrokiudu, mis on tolmuvaba. FCC-125 on v\u00f5imalik teha 800+ puhastust protsessi ja sellel on ka aken kust on n\u00e4ha palju puhastuslintti on veel j\u00e4rel. V\u00e4lise kesta materjal on antistaatiline, mis v\u00f5imaldab ESD vaba t\u00f6\u00f6d.<\/p>\n<p><a class=\"videoLink\" href=\"https:\/\/www.jonard.com\/Products\/Fiber-Optic-Tools-Fiber-Connector-Cleaners-FCC-125-Fiber-Connector-Cleaner-125mm#\"><img decoding=\"async\" class=\"videoThumb\" src=\"http:\/\/img.youtube.com\/vi\/40YmRUJGEJw\/default.jpg\" \/><\/a><\/p>","protected":false},"excerpt":{"rendered":"<p>JONARD<\/p>\n<p>Patenteeritud puhastus tehnoloogia<\/p>\n<ul>\n<li>Slide-Guide\u2122 libisemiskindel mikro lint karanteerib\nk\u00f5rge usaldusv\u00e4\u00e4rsuse<\/li>\n<li>Topelt p\u00f6\u00f6rdega ots tagab suurep\u00e4rase ferruli otspinna puhastuse<\/li>\n<li>LC pistikute puhastamiseks<\/li>\n<\/ul>\n<p><a class=\"videoLink\" href=\"https:\/\/www.jonard.com\/Products\/Fiber-Optic-Tools-Fiber-Connector-Cleaners-FCC-125-Fiber-Connector-Cleaner-125mm#\">\u00a0<\/a><\/p>","protected":false},"featured_media":6354,"comment_status":"closed","ping_status":"closed","template":"","meta":{"jetpack_post_was_ever_published":false,"jetpack_publicize_message":"","jetpack_publicize_feature_enabled":true,"jetpack_social_post_already_shared":true,"jetpack_social_options":{"image_generator_settings":{"template":"highway","default_image_id":0,"font":"","enabled":false},"version":2}},"product_brand":[],"product_cat":[114],"product_tag":[85,92],"class_list":{"0":"post-6353","1":"product","2":"type-product","3":"status-publish","4":"has-post-thumbnail","6":"product_cat-fiber-optic-cleaning","7":"product_tag-fiber-optic-cleaning-shop","8":"product_tag-fiber-optic-tools","10":"first","11":"onbackorder","12":"taxable","13":"shipping-taxable","14":"purchasable","15":"product-type-simple"},"jetpack_publicize_connections":[],"jetpack_sharing_enabled":true,"_links":{"self":[{"href":"https:\/\/fiberoptics24.eu\/et\/wp-json\/wp\/v2\/product\/6353","targetHints":{"allow":["GET"]}}],"collection":[{"href":"https:\/\/fiberoptics24.eu\/et\/wp-json\/wp\/v2\/product"}],"about":[{"href":"https:\/\/fiberoptics24.eu\/et\/wp-json\/wp\/v2\/types\/product"}],"replies":[{"embeddable":true,"href":"https:\/\/fiberoptics24.eu\/et\/wp-json\/wp\/v2\/comments?post=6353"}],"wp:featuredmedia":[{"embeddable":true,"href":"https:\/\/fiberoptics24.eu\/et\/wp-json\/wp\/v2\/media\/6354"}],"wp:attachment":[{"href":"https:\/\/fiberoptics24.eu\/et\/wp-json\/wp\/v2\/media?parent=6353"}],"wp:term":[{"taxonomy":"product_brand","embeddable":true,"href":"https:\/\/fiberoptics24.eu\/et\/wp-json\/wp\/v2\/product_brand?post=6353"},{"taxonomy":"product_cat","embeddable":true,"href":"https:\/\/fiberoptics24.eu\/et\/wp-json\/wp\/v2\/product_cat?post=6353"},{"taxonomy":"product_tag","embeddable":true,"href":"https:\/\/fiberoptics24.eu\/et\/wp-json\/wp\/v2\/product_tag?post=6353"}],"curies":[{"name":"wp","href":"https:\/\/api.w.org\/{rel}","templated":true}]}}