{"id":6355,"date":"2019-04-10T14:12:33","date_gmt":"2019-04-10T12:12:33","guid":{"rendered":"https:\/\/fiberoptics24-eu.vserver.zonevs.eu\/?post_type=product&#038;p=6355"},"modified":"2020-01-24T08:46:25","modified_gmt":"2020-01-24T06:46:25","slug":"fcc-250-fiber-connector-cleaner-2-5mm-jonard","status":"publish","type":"product","link":"https:\/\/fiberoptics24.eu\/et\/toode\/fcc-250-fiber-connector-cleaner-2-5mm-jonard\/","title":{"rendered":"FCC-250: FO pistiku puhastaja 2.5mm, Jonard"},"content":{"rendered":"<p>FCC-250 2.5mm FO pistiku ferruli otspinna puhastaja on loodud, et saavutada erakordne puhastus tulemus. Seadmele k\u00fclge kinnitatud kork tagab puhastuskanga kaitse ja on ka pistiku adapteriks.<\/p>\n<p>FCC-250 on, patenteeritud 360 kraadi p\u00f6\u00f6rduv ots eriti laia puhastuse saavutamiseks, \u00fche surumisega t\u00f6\u00f6protsess ja pikendatav otsik. Sellega saab otsa pikendada 3.8cm 10cm-ni, et ulatuda ka s\u00fcgvatessse ja kitsastesse portitesse. \nLisaks kasutab FCC-250 mittekootud mikrokiudu, mis on tolmuvaba. FCC-250 on v\u00f5imalik teha 800+ puhastust protsessi  ja sellel on ka aken kust on n\u00e4ha palju puhastuslintti on veel j\u00e4rel. V\u00e4lise kesta materjal on antistaatiline, mis v\u00f5imaldab ESD vaba t\u00f6\u00f6d.<\/p>\n<div class=\"productSlider\">\n<p><a class=\"videoLink\" href=\"https:\/\/www.jonard.com\/Products\/Fiber-Optic-Tools-Fiber-Connector-Cleaners-FCC-250-Fiber-Connector-Cleaner-25mm#\"><img decoding=\"async\" class=\"videoThumb\" src=\"http:\/\/img.youtube.com\/vi\/40YmRUJGEJw\/default.jpg\" \/><\/a><\/p>\n<\/div>","protected":false},"excerpt":{"rendered":"<p>JONARD<\/p>\n<p>Patenteeritud puhastus tehnoloogia<\/p>\n<ul>\n<li>Slide-Guide\u2122 libisemiskindel mikro lint karanteerib\nk\u00f5rge usaldusv\u00e4\u00e4rsuse<\/li>\n<li>Topelt p\u00f6\u00f6rdega ots tagab suurep\u00e4rase ferruli otspinna puhastuse<\/li>\n<li>FC, ST, SC pistikute puhastamiseks<\/li>\n<\/ul>\n<div class=\"productSlider\">\n<p>&nbsp;<\/p>\n<div class=\"vidOverlay\"><\/div>\n<\/div>","protected":false},"featured_media":6356,"comment_status":"closed","ping_status":"closed","template":"","meta":{"jetpack_post_was_ever_published":false,"jetpack_publicize_message":"","jetpack_publicize_feature_enabled":true,"jetpack_social_post_already_shared":true,"jetpack_social_options":{"image_generator_settings":{"template":"highway","default_image_id":0,"font":"","enabled":false},"version":2}},"product_brand":[],"product_cat":[114],"product_tag":[531,85,92],"class_list":{"0":"post-6355","1":"product","2":"type-product","3":"status-publish","4":"has-post-thumbnail","6":"product_cat-fiber-optic-cleaning","7":"product_tag-fiber-optic","8":"product_tag-fiber-optic-cleaning-shop","9":"product_tag-fiber-optic-tools","11":"first","12":"onbackorder","13":"taxable","14":"shipping-taxable","15":"purchasable","16":"product-type-simple"},"jetpack_publicize_connections":[],"jetpack_sharing_enabled":true,"_links":{"self":[{"href":"https:\/\/fiberoptics24.eu\/et\/wp-json\/wp\/v2\/product\/6355","targetHints":{"allow":["GET"]}}],"collection":[{"href":"https:\/\/fiberoptics24.eu\/et\/wp-json\/wp\/v2\/product"}],"about":[{"href":"https:\/\/fiberoptics24.eu\/et\/wp-json\/wp\/v2\/types\/product"}],"replies":[{"embeddable":true,"href":"https:\/\/fiberoptics24.eu\/et\/wp-json\/wp\/v2\/comments?post=6355"}],"wp:featuredmedia":[{"embeddable":true,"href":"https:\/\/fiberoptics24.eu\/et\/wp-json\/wp\/v2\/media\/6356"}],"wp:attachment":[{"href":"https:\/\/fiberoptics24.eu\/et\/wp-json\/wp\/v2\/media?parent=6355"}],"wp:term":[{"taxonomy":"product_brand","embeddable":true,"href":"https:\/\/fiberoptics24.eu\/et\/wp-json\/wp\/v2\/product_brand?post=6355"},{"taxonomy":"product_cat","embeddable":true,"href":"https:\/\/fiberoptics24.eu\/et\/wp-json\/wp\/v2\/product_cat?post=6355"},{"taxonomy":"product_tag","embeddable":true,"href":"https:\/\/fiberoptics24.eu\/et\/wp-json\/wp\/v2\/product_tag?post=6355"}],"curies":[{"name":"wp","href":"https:\/\/api.w.org\/{rel}","templated":true}]}}