{"id":6357,"date":"2019-04-12T10:29:49","date_gmt":"2019-04-12T08:29:49","guid":{"rendered":"https:\/\/fiberoptics24-eu.vserver.zonevs.eu\/?post_type=product&#038;p=6357"},"modified":"2020-09-14T13:19:27","modified_gmt":"2020-09-14T11:19:27","slug":"fcc-300-fiber-connector-cleaner-jonard","status":"publish","type":"product","link":"https:\/\/fiberoptics24.eu\/et\/toode\/fcc-300-fiber-connector-cleaner-jonard\/","title":{"rendered":"FCC-300: Fiibri pistiku puhastaja, Jonard"},"content":{"rendered":"<p><strong>FCC-300<\/strong><\/p>\n<p>Uus, FCC-300 universaalne pistiku puhastaja \nsisaldab uut mittekootud, s\u00fcnteetilist puhastuslappi, mis pakub suuremat vastupidavust, kasutatavust ja usaldusv\u00e4\u00e4rsust. See puhastuslapp kanntab m\u00e4rg ja kuiv puhastust ja ei j\u00e4ta otspinnale kunagi kiuj\u00e4\u00e4ke.<\/p>\n<p>FCC-300 k\u00e4ep\u00e4rane pistikute puhastaja on piisavalt  tugev agressiivseks puhastamiseks suurema hulga saasteainete ja  otspinna mustuse vastu.<\/p>\n<p>Stabiilne, j\u00e4rjekindel puhastus olenemata operaatori oskustest t\u00e4nu\u00a0<strong>patenteeritud Slide-Guide \u2122<\/strong>\u00a0pistikupesale.<\/p>\n<p><strong>Applicable Connectors:<\/strong><\/p>\n<ul>\n<li>Simplex FC, SC, ST, LC ja MU ( PC ja APC)<\/li>\n<li>Duplex LC\/PC (standardne 6,25 mm ja kitsas 5.25 mm)<\/li>\n<li>Duplex MU\/PC (Standardne 4.5 mm)<\/li>\n<\/ul>","protected":false},"excerpt":{"rendered":"<p>JONARD<\/p>\n<p><strong>Peamised omadused:<\/strong><\/p>\n<ul>\n<li>Eriti vastupidav, kompaktne ja \u00fclimalt usaldusv\u00e4\u00e4rne pistikute ja ferrulite puhastaja, nii ehitusobjektile kui  ka tootmisettev\u00f5ttesse.<\/li>\n<li>Automaatne \"Clean and Advance\u201d  lindi tehnoloogia annab tulemuseks puhta pinna p\u00e4rast igat puhastus korda ja samas garanteerib t\u00f6\u00f6riista pika eluea. Puhastuseks on vaja teha ainult \u00fcks libistus ja seda v\u00f5ib teha m\u00f5lemat pidi.<\/li>\n<li>K\u00e4eparne peopesa suurune suurus, \u00fcle 500 puhastus korra.<\/li>\n<li>T\u00f6\u00f6tab m\u00f5lemte nii simplex kui ka duplex seadmetega.<\/li>\n<li>ESD antistaatiline materjal. Toetab nii PC kui ka APC seadmeid.<\/li>\n<\/ul>","protected":false},"featured_media":6358,"comment_status":"closed","ping_status":"closed","template":"","meta":{"jetpack_post_was_ever_published":false,"jetpack_publicize_message":"","jetpack_publicize_feature_enabled":true,"jetpack_social_post_already_shared":false,"jetpack_social_options":{"image_generator_settings":{"template":"highway","default_image_id":0,"font":"","enabled":false},"version":2}},"product_brand":[],"product_cat":[114],"product_tag":[531,85,92],"class_list":{"0":"post-6357","1":"product","2":"type-product","3":"status-publish","4":"has-post-thumbnail","6":"product_cat-fiber-optic-cleaning","7":"product_tag-fiber-optic","8":"product_tag-fiber-optic-cleaning-shop","9":"product_tag-fiber-optic-tools","11":"first","12":"onbackorder","13":"taxable","14":"shipping-taxable","15":"purchasable","16":"product-type-simple"},"jetpack_publicize_connections":[],"jetpack_sharing_enabled":true,"_links":{"self":[{"href":"https:\/\/fiberoptics24.eu\/et\/wp-json\/wp\/v2\/product\/6357","targetHints":{"allow":["GET"]}}],"collection":[{"href":"https:\/\/fiberoptics24.eu\/et\/wp-json\/wp\/v2\/product"}],"about":[{"href":"https:\/\/fiberoptics24.eu\/et\/wp-json\/wp\/v2\/types\/product"}],"replies":[{"embeddable":true,"href":"https:\/\/fiberoptics24.eu\/et\/wp-json\/wp\/v2\/comments?post=6357"}],"wp:featuredmedia":[{"embeddable":true,"href":"https:\/\/fiberoptics24.eu\/et\/wp-json\/wp\/v2\/media\/6358"}],"wp:attachment":[{"href":"https:\/\/fiberoptics24.eu\/et\/wp-json\/wp\/v2\/media?parent=6357"}],"wp:term":[{"taxonomy":"product_brand","embeddable":true,"href":"https:\/\/fiberoptics24.eu\/et\/wp-json\/wp\/v2\/product_brand?post=6357"},{"taxonomy":"product_cat","embeddable":true,"href":"https:\/\/fiberoptics24.eu\/et\/wp-json\/wp\/v2\/product_cat?post=6357"},{"taxonomy":"product_tag","embeddable":true,"href":"https:\/\/fiberoptics24.eu\/et\/wp-json\/wp\/v2\/product_tag?post=6357"}],"curies":[{"name":"wp","href":"https:\/\/api.w.org\/{rel}","templated":true}]}}