{"id":6362,"date":"2019-04-10T14:44:16","date_gmt":"2019-04-10T12:44:16","guid":{"rendered":"https:\/\/fiberoptics24-eu.vserver.zonevs.eu\/?post_type=product&#038;p=6362"},"modified":"2020-01-06T12:19:40","modified_gmt":"2020-01-06T10:19:40","slug":"fc-220-fiber-cleaver-jonard","status":"publish","type":"product","link":"https:\/\/fiberoptics24.eu\/et\/toode\/fc-220-fiber-cleaver-jonard\/","title":{"rendered":"FC-220: Fiiberkiu l\u00f5ikur, Jonard"},"content":{"rendered":"<p>Saadaval varuosad:<\/p>\n<p>FC-4 vahetatav tera<\/p>\n<p>FC-65 vahetatav lehtvedru<\/p>\n<p><a class=\"videoLink\" href=\"https:\/\/www.jonard.com\/Products\/Fiber-Optic-Tools-Fiber-Optic-Other-FC-220-Fiber-Cleaver#\"><img decoding=\"async\" class=\"videoThumb\" src=\"http:\/\/img.youtube.com\/vi\/M6-wWEMOu7w\/default.jpg\" \/><\/a><\/p>","protected":false},"excerpt":{"rendered":"<div class=\"twoColumnContent\">\n<div id=\"product-detail-left\">\n<p>JONARD<\/p>\n<ul>\n<li class=\"clearboth\">FC-220 on \u00fchekiu l\u00f5ikur, mis on loodud 900\u00b5m v\u00f5i \n250\u00b5m fiibri l\u00f5ikamiseks.<\/li>\n<li class=\"clearboth\">Lehtvedru alus on reguleeritud nii, et sellega saab l\u00f5igata pikkusi 2 kuni 20 mm. Karbiidist tera v\u00f5imaldab kuni 6000 l\u00f5iget.<\/li>\n<\/ul>\n<\/div>\n<\/div>\n<div id=\"product-detail-right\">\n<p>&nbsp;<\/p>\n<\/div>","protected":false},"featured_media":6363,"comment_status":"closed","ping_status":"closed","template":"","meta":{"jetpack_post_was_ever_published":false,"jetpack_publicize_message":"","jetpack_publicize_feature_enabled":true,"jetpack_social_post_already_shared":true,"jetpack_social_options":{"image_generator_settings":{"template":"highway","default_image_id":0,"font":"","enabled":false},"version":2}},"product_brand":[],"product_cat":[104],"product_tag":[90,531],"class_list":{"0":"post-6362","1":"product","2":"type-product","3":"status-publish","4":"has-post-thumbnail","6":"product_cat-fiber-cleaver","7":"product_tag-fiber-cleaver","8":"product_tag-fiber-optic","10":"first","11":"onbackorder","12":"taxable","13":"shipping-taxable","14":"purchasable","15":"product-type-simple"},"jetpack_publicize_connections":[],"jetpack_sharing_enabled":true,"_links":{"self":[{"href":"https:\/\/fiberoptics24.eu\/et\/wp-json\/wp\/v2\/product\/6362","targetHints":{"allow":["GET"]}}],"collection":[{"href":"https:\/\/fiberoptics24.eu\/et\/wp-json\/wp\/v2\/product"}],"about":[{"href":"https:\/\/fiberoptics24.eu\/et\/wp-json\/wp\/v2\/types\/product"}],"replies":[{"embeddable":true,"href":"https:\/\/fiberoptics24.eu\/et\/wp-json\/wp\/v2\/comments?post=6362"}],"wp:featuredmedia":[{"embeddable":true,"href":"https:\/\/fiberoptics24.eu\/et\/wp-json\/wp\/v2\/media\/6363"}],"wp:attachment":[{"href":"https:\/\/fiberoptics24.eu\/et\/wp-json\/wp\/v2\/media?parent=6362"}],"wp:term":[{"taxonomy":"product_brand","embeddable":true,"href":"https:\/\/fiberoptics24.eu\/et\/wp-json\/wp\/v2\/product_brand?post=6362"},{"taxonomy":"product_cat","embeddable":true,"href":"https:\/\/fiberoptics24.eu\/et\/wp-json\/wp\/v2\/product_cat?post=6362"},{"taxonomy":"product_tag","embeddable":true,"href":"https:\/\/fiberoptics24.eu\/et\/wp-json\/wp\/v2\/product_tag?post=6362"}],"curies":[{"name":"wp","href":"https:\/\/api.w.org\/{rel}","templated":true}]}}