{"id":6365,"date":"2019-04-10T15:00:19","date_gmt":"2019-04-10T13:00:19","guid":{"rendered":"https:\/\/fiberoptics24-eu.vserver.zonevs.eu\/?post_type=product&#038;p=6365"},"modified":"2021-02-10T13:55:13","modified_gmt":"2021-02-10T11:55:13","slug":"rcs-25-ratcheting-cable-slitter-jonard","status":"publish","type":"product","link":"https:\/\/fiberoptics24.eu\/et\/toode\/rcs-25-ratcheting-cable-slitter-jonard\/","title":{"rendered":"RCS-25: Kaabli l\u00f5hestaja, Jonard"},"content":{"rendered":"<table class=\"attributesTable\">\n<tbody>\n<tr>\n<td class=\"specType\">L\u00f5ike t\u00fc\u00fcp<\/td>\n<td class=\"specValue\">L\u00f5hestamine, ringl\u00f5ige<\/td>\n<\/tr>\n<tr>\n<td class=\"specType\">Kaal<\/td>\n<td class=\"specValue\">0.4 lbs (181.43g)<\/td>\n<\/tr>\n<tr>\n<td class=\"specType\">Pikkus<\/td>\n<td class=\"specValue\">Lahtiselt 8-1\/4\u2033 (209.55 mm), kokkupandult 6\u2033 (152.4 mm)<\/td>\n<\/tr>\n<\/tbody>\n<\/table>\n<p><a class=\"videoLink\" href=\"https:\/\/www.jonard.com\/Products\/Fiber-Optic-Tools-Fiber-Optic-Stripping-and-Slitting-RCS-25-Ratcheting-Cable-Slitter#\"><img decoding=\"async\" class=\"videoThumb\" src=\"http:\/\/img.youtube.com\/vi\/jPaQculFpQA\/default.jpg\" \/><\/a><\/p>","protected":false},"excerpt":{"rendered":"<p>JONARD<\/p>\n<p>Omadused:<\/p>\n<ul>\n<li>N\u00fc\u00fcd fikseeritud hammastega mis tagab parema haardumise ja t\u00f6\u00f6riista liikumise kaablil.<\/li>\n<li>L\u00f5hestab ja l\u00f5ikab PVC, PE, kummi ja teisi kaabli kattematerjale. T\u00f6\u00f6tab h\u00e4sti nii v\u00e4ikeste kaablite kui ka suuremate kui 25mm kaablitega.<\/li>\n<li>T\u00f6\u00f6riistal on p\u00f5\u00f5rduv topelt otsaga tera mille reguleerimis ulatus on 0-5mm.<\/li>\n<li>t\u00f6\u00f6riistale on m\u00e4rgitud 10\/20\/30mm l\u00f5hestamise pikkuse skaala.<\/li>\n<\/ul>\n<div class=\"clearboth\"><\/div>\n<div class=\"productSlider\">\n<p>&nbsp;<\/p>\n<div class=\"vidOverlay\"><\/div>\n<\/div>","protected":false},"featured_media":6366,"comment_status":"closed","ping_status":"closed","template":"","meta":{"jetpack_post_was_ever_published":false,"jetpack_publicize_message":"","jetpack_publicize_feature_enabled":true,"jetpack_social_post_already_shared":true,"jetpack_social_options":{"image_generator_settings":{"template":"highway","default_image_id":0,"font":"","enabled":false},"version":2}},"product_brand":[],"product_cat":[1453,1400,115],"product_tag":[531,1120,92],"class_list":{"0":"post-6365","1":"product","2":"type-product","3":"status-publish","4":"has-post-thumbnail","6":"product_cat-copper-networks-tools","7":"product_cat-fiber-optic-slitter","8":"product_cat-fiber-optic-tools","9":"product_tag-fiber-optic","10":"product_tag-fiber-optic-slitter","11":"product_tag-fiber-optic-tools","13":"first","14":"instock","15":"taxable","16":"shipping-taxable","17":"purchasable","18":"product-type-simple"},"jetpack_publicize_connections":[],"jetpack_sharing_enabled":true,"_links":{"self":[{"href":"https:\/\/fiberoptics24.eu\/et\/wp-json\/wp\/v2\/product\/6365","targetHints":{"allow":["GET"]}}],"collection":[{"href":"https:\/\/fiberoptics24.eu\/et\/wp-json\/wp\/v2\/product"}],"about":[{"href":"https:\/\/fiberoptics24.eu\/et\/wp-json\/wp\/v2\/types\/product"}],"replies":[{"embeddable":true,"href":"https:\/\/fiberoptics24.eu\/et\/wp-json\/wp\/v2\/comments?post=6365"}],"wp:featuredmedia":[{"embeddable":true,"href":"https:\/\/fiberoptics24.eu\/et\/wp-json\/wp\/v2\/media\/6366"}],"wp:attachment":[{"href":"https:\/\/fiberoptics24.eu\/et\/wp-json\/wp\/v2\/media?parent=6365"}],"wp:term":[{"taxonomy":"product_brand","embeddable":true,"href":"https:\/\/fiberoptics24.eu\/et\/wp-json\/wp\/v2\/product_brand?post=6365"},{"taxonomy":"product_cat","embeddable":true,"href":"https:\/\/fiberoptics24.eu\/et\/wp-json\/wp\/v2\/product_cat?post=6365"},{"taxonomy":"product_tag","embeddable":true,"href":"https:\/\/fiberoptics24.eu\/et\/wp-json\/wp\/v2\/product_tag?post=6365"}],"curies":[{"name":"wp","href":"https:\/\/api.w.org\/{rel}","templated":true}]}}