{"id":6370,"date":"2019-04-10T15:04:31","date_gmt":"2019-04-10T13:04:31","guid":{"rendered":"https:\/\/fiberoptics24-eu.vserver.zonevs.eu\/?post_type=product&#038;p=6370"},"modified":"2021-02-10T13:54:52","modified_gmt":"2021-02-10T11:54:52","slug":"fs-616-fiber-scribe-6mm-wide-carbide-blade-35-degree-bevel-edge-jonard","status":"publish","type":"product","link":"https:\/\/fiberoptics24.eu\/et\/toode\/fs-616-fiber-scribe-6mm-wide-carbide-blade-35-degree-bevel-edge-jonard\/","title":{"rendered":"FS-616: Fiiberkiu murdja; Jonard"},"content":{"rendered":"<p>Tugeva metallist korgiga, millel on taskuklamber, FS-616 on  6mm lai tera, mis on 35 kraadise kaldega. Seadmel on lai karbiidist tera, mis v\u00f5imaldab nii standard- kui ka suurema l\u00e4bim\u00f5\u00f5duga kiudude ja ka miniatuursete piklike l\u00e4\u00e4tsede l\u00f5hestamist. Ideaalne fiiberoptilisekaabli kiudude murdmiseks.<\/p>\n<p><a class=\"videoLink\" style=\"color: inherit; outline: 0px;\" href=\"https:\/\/www.jonard.com\/Products\/Fiber-Optic-Tools-Fiber-Optic-Other-FS-616-Fiber-Scribe#\"><img decoding=\"async\" class=\"videoThumb\" src=\"http:\/\/img.youtube.com\/vi\/eEo9MO_uPlY\/default.jpg\" \/><\/a><\/p>\n<p>&nbsp;<\/p>","protected":false},"excerpt":{"rendered":"<p>JONARD<\/p>\n<ul>\n<li>6mm lai karbiid tera<\/li>\n<li>35 kraadise kaldega tera<\/li>\n<\/ul>\n<p>&nbsp;<\/p>","protected":false},"featured_media":6371,"comment_status":"closed","ping_status":"closed","template":"","meta":{"jetpack_post_was_ever_published":false,"jetpack_publicize_message":"","jetpack_publicize_feature_enabled":true,"jetpack_social_post_already_shared":true,"jetpack_social_options":{"image_generator_settings":{"template":"highway","default_image_id":0,"font":"","enabled":false},"version":2}},"product_brand":[],"product_cat":[115,1399],"product_tag":[531,16],"class_list":{"0":"post-6370","1":"product","2":"type-product","3":"status-publish","4":"has-post-thumbnail","6":"product_cat-fiber-optic-tools","7":"product_cat-tools","8":"product_tag-fiber-optic","9":"product_tag-fiber-optics","11":"first","12":"onbackorder","13":"taxable","14":"shipping-taxable","15":"purchasable","16":"product-type-simple"},"jetpack_publicize_connections":[],"jetpack_sharing_enabled":true,"_links":{"self":[{"href":"https:\/\/fiberoptics24.eu\/et\/wp-json\/wp\/v2\/product\/6370","targetHints":{"allow":["GET"]}}],"collection":[{"href":"https:\/\/fiberoptics24.eu\/et\/wp-json\/wp\/v2\/product"}],"about":[{"href":"https:\/\/fiberoptics24.eu\/et\/wp-json\/wp\/v2\/types\/product"}],"replies":[{"embeddable":true,"href":"https:\/\/fiberoptics24.eu\/et\/wp-json\/wp\/v2\/comments?post=6370"}],"wp:featuredmedia":[{"embeddable":true,"href":"https:\/\/fiberoptics24.eu\/et\/wp-json\/wp\/v2\/media\/6371"}],"wp:attachment":[{"href":"https:\/\/fiberoptics24.eu\/et\/wp-json\/wp\/v2\/media?parent=6370"}],"wp:term":[{"taxonomy":"product_brand","embeddable":true,"href":"https:\/\/fiberoptics24.eu\/et\/wp-json\/wp\/v2\/product_brand?post=6370"},{"taxonomy":"product_cat","embeddable":true,"href":"https:\/\/fiberoptics24.eu\/et\/wp-json\/wp\/v2\/product_cat?post=6370"},{"taxonomy":"product_tag","embeddable":true,"href":"https:\/\/fiberoptics24.eu\/et\/wp-json\/wp\/v2\/product_tag?post=6370"}],"curies":[{"name":"wp","href":"https:\/\/api.w.org\/{rel}","templated":true}]}}