{"id":6372,"date":"2019-04-10T15:09:30","date_gmt":"2019-04-10T13:09:30","guid":{"rendered":"https:\/\/fiberoptics24-eu.vserver.zonevs.eu\/?post_type=product&#038;p=6372"},"modified":"2021-02-10T13:54:36","modified_gmt":"2021-02-10T11:54:36","slug":"fct-100-fiber-connector-tool-jonard","status":"publish","type":"product","link":"https:\/\/fiberoptics24.eu\/et\/toode\/fct-100-fiber-connector-tool-jonard\/","title":{"rendered":"FCT-100: Fiiberkaabli pistikute t\u00f6\u00f6riist, Jonard"},"content":{"rendered":"<table class=\"attributesTable\">\n<tbody>\n<tr>\n<td class=\"specType\">Pistik<\/td>\n<td class=\"specValue\">LC, SC-Simplex, SC-Duplex, MU, MT-RJ<\/td>\n<\/tr>\n<tr>\n<td class=\"specType\">Pikkus<\/td>\n<td class=\"specValue\">10.6&#8243; (269.2 mm)<\/td>\n<\/tr>\n<tr>\n<td class=\"specType\">Kaal<\/td>\n<td class=\"specValue\">1.13 lbs (0.512 kg)<\/td>\n<\/tr>\n<\/tbody>\n<\/table>","protected":false},"excerpt":{"rendered":"<p>FCT-100 on ideaalne t\u00f6\u00f6riist fiiberkabli pistikute mugavaks paigaldamiseks ja eemaldamiseks FO paneelides.<\/p>\n<p>T\u00f6\u00f6riist on loodud nii LC, SC simplex ja duplex, kui ka MU, MT-RJ muude sama t\u00fc\u00fcbiliste pistikutega t\u00f6\u00f6tamiseks.<\/p>\n<p>Lithsaks kautamiseks on t\u00f6\u00f6riistal mugavad k\u00e4epidemed ja nendevaheline vedru.<\/p>\n<div class=\"productSlider\">\n<p><a class=\"videoLink\" href=\"https:\/\/www.jonard.com\/Products\/Fiber-Optic-Tools-Fiber-Optic-Other-FCT-100-Fiber-Connector-Tool#\"><img decoding=\"async\" class=\"videoThumb\" src=\"http:\/\/img.youtube.com\/vi\/w0PxXwylYGA\/default.jpg\" \/><\/a><\/p>\n<div class=\"vidOverlay\"><\/div>\n<\/div>","protected":false},"featured_media":6373,"comment_status":"closed","ping_status":"closed","template":"","meta":{"jetpack_post_was_ever_published":false,"jetpack_publicize_message":"","jetpack_publicize_feature_enabled":true,"jetpack_social_post_already_shared":true,"jetpack_social_options":{"image_generator_settings":{"template":"highway","default_image_id":0,"font":"","enabled":false},"version":2}},"product_brand":[],"product_cat":[115,1399],"product_tag":[531,92],"class_list":{"0":"post-6372","1":"product","2":"type-product","3":"status-publish","4":"has-post-thumbnail","6":"product_cat-fiber-optic-tools","7":"product_cat-tools","8":"product_tag-fiber-optic","9":"product_tag-fiber-optic-tools","11":"first","12":"instock","13":"taxable","14":"shipping-taxable","15":"purchasable","16":"product-type-simple"},"jetpack_publicize_connections":[],"jetpack_sharing_enabled":true,"_links":{"self":[{"href":"https:\/\/fiberoptics24.eu\/et\/wp-json\/wp\/v2\/product\/6372","targetHints":{"allow":["GET"]}}],"collection":[{"href":"https:\/\/fiberoptics24.eu\/et\/wp-json\/wp\/v2\/product"}],"about":[{"href":"https:\/\/fiberoptics24.eu\/et\/wp-json\/wp\/v2\/types\/product"}],"replies":[{"embeddable":true,"href":"https:\/\/fiberoptics24.eu\/et\/wp-json\/wp\/v2\/comments?post=6372"}],"wp:featuredmedia":[{"embeddable":true,"href":"https:\/\/fiberoptics24.eu\/et\/wp-json\/wp\/v2\/media\/6373"}],"wp:attachment":[{"href":"https:\/\/fiberoptics24.eu\/et\/wp-json\/wp\/v2\/media?parent=6372"}],"wp:term":[{"taxonomy":"product_brand","embeddable":true,"href":"https:\/\/fiberoptics24.eu\/et\/wp-json\/wp\/v2\/product_brand?post=6372"},{"taxonomy":"product_cat","embeddable":true,"href":"https:\/\/fiberoptics24.eu\/et\/wp-json\/wp\/v2\/product_cat?post=6372"},{"taxonomy":"product_tag","embeddable":true,"href":"https:\/\/fiberoptics24.eu\/et\/wp-json\/wp\/v2\/product_tag?post=6372"}],"curies":[{"name":"wp","href":"https:\/\/api.w.org\/{rel}","templated":true}]}}