{"id":6583,"date":"2019-09-03T14:09:08","date_gmt":"2019-09-03T12:09:08","guid":{"rendered":"https:\/\/fiberoptics24-eu.vserver.zonevs.eu\/?post_type=product&#038;p=6583"},"modified":"2023-10-06T08:01:46","modified_gmt":"2023-10-06T06:01:46","slug":"sonde-locator-cl43","status":"publish","type":"product","link":"https:\/\/fiberoptics24.eu\/et\/toode\/sonde-locator-cl43\/","title":{"rendered":"COMPACT LOCATOR CL43-PA"},"content":{"rendered":"<h3>COMPACT SONDE LOCATOR CL43-PA<\/h3>\n<p>CL 43 on ihaldusv\u00e4\u00e4rne ja lihtsasti kasutatav kaablite juhtmete ja kanali sondide lokaator. V\u00e4litingimustes <iframe loading=\"lazy\" style=\"float: right;\" src=\"https:\/\/www.youtube.com\/embed\/hLwDnDOf7hk\" width=\"560\" height=\"315\" frameborder=\"0\" allowfullscreen=\"allowfullscreen\" data-mce-fragment=\"1\"><\/iframe><br \/>\nsaab CL43-e kasutada maa-aluste kaablite ja sondide j\u00e4lgimiseks ja t\u00e4psustamiseks mitme meetri s\u00fcgavuses.<br \/>\nSisetingimustes leiab CL43 v\u00e4ga lihtsalt n\u00e4iteks, p\u00f5randak\u00fcttekaablid v\u00f5i elektrikaablid seintes.<\/p>\n<p>CL43 on lihtne kasutajaliides ainult kahe nupuga, 13 LED tule ja helisignaaliga. Sonde on lihtne lahti\u00fchendada,<br \/>\nt\u00e4nu millele on seda v\u00e4ga lihtne taskus kanda.<\/p>\n<p>CL43-PA komplektis ei ole saatjat, kuid see on sobilik k\u00f5igile<span style=\"color: #000000;\"> Vesala 10kHz ja 33kHz sondide ja<\/span> (CCT33)<br \/>\nsaatjaga<a href=\"https:\/\/fiberoptics24-eu.vserver.zonevs.eu\/product-category\/fiber-optic-accessories\/\"><span style=\"color: #00ccff;\">(Vaata sonde lisaseadmete lehelt).<\/span><\/a>CL43 t\u00f6\u00f6tab ka teiste tootjate 33kHz saatjatega.<br \/>\ntransmitters.<\/p>\n<p>peamiselt metall ja malm torudele on olemas komplekt <a href=\"https:\/\/fiberoptics24-eu.vserver.zonevs.eu\/product\/compact-locator-cl43-pb\/\"><span style=\"color: #00ccff;\">CL43-PB<\/span><\/a> Selle juurde sobivad sonid on<br \/>\n<a href=\"https:\/\/fiberoptics24-eu.vserver.zonevs.eu\/product\/sonde-pl18-05m12f-18-mm-512-hz\/\"><span style=\"color: #00ccff;\">PL18-05<\/span> <\/a>ja <a href=\"https:\/\/fiberoptics24-eu.vserver.zonevs.eu\/product\/megasonde-pl42-05-42-mm-512-hz\/\"><span style=\"color: #00ccff;\">PL42-05<\/span><\/a>.<\/p>\n<p>Lisa sonde saab hiljem juurde muretseda. Kui tahate CL43 ka kaableid ja juhtmeid leida nii sise- kui v\u00e4listingimustes<br \/>\nsiis muretsega ka endale meie CT33 kaablij\u00e4lgija. Soovikorral koostame teile personaalse komplekti vajaminevatest<br \/>\nseadmetes ja sondidest k\u00f5i ilusti k\u00e4ep\u00e4rasesse kohvrisse pakitud.<\/p>\n<h4>Komplekt koosneb:<\/h4>\n<ul>\n<li>Compact Locator CL43<\/li>\n<li>Vastuv\u00f5tu antenn <a href=\"https:\/\/fiberoptics24-eu.vserver.zonevs.eu\/product\/sa43-rod-antenna-compact-locator\/\"><span style=\"color: #00ccff;\">SA43<\/span><\/a> (10 kHz ja 33 kHz)<\/li>\n<li>Kohver KLCL43<\/li>\n<li>Kasutusjuhend<\/li>\n<li>Patareid<\/li>\n<\/ul>\n<p>&nbsp;<\/p>\n<p><a class=\"btn btn-primary\" style=\"float: right; width: 336px; height: 50px;\" href=\"https:\/\/vesala.fi\/wp-content\/uploads\/CL43_Brochure.pdf\" target=\"_blank\" rel=\"noopener noreferrer\">TOOTE INFOLEHT PDF<\/a><\/p>","protected":false},"excerpt":{"rendered":"<p><a href=\"https:\/\/vesala.fi\/en\/product\/cl43-compact-locator\/#tab-1d\"><span style=\"color: #00ccff;\">VESALA<\/span><\/a><\/p>\n<p><strong>LOCATOR CL43-PA komplekt koos SA43 antenniga (33kHz and 10kHz) <\/strong><\/p>\n<ul>\n<li>Ihaldusv\u00e4\u00e4rne vastuv\u00f5tja peamiselt kanali sondide leidmiseks<\/li>\n<li>Sobilik ka kaablite ja juhtmete leidmiseks<\/li>\n<li>Toetab 33kHz, 10kHz ja 512 kHz sagedusi<\/li>\n<li>Nii sise- kui v\u00e4listingimustesse<\/li>\n<\/ul>","protected":false},"featured_media":6585,"comment_status":"closed","ping_status":"closed","template":"","meta":{"jetpack_post_was_ever_published":false,"jetpack_publicize_message":"","jetpack_publicize_feature_enabled":true,"jetpack_social_post_already_shared":true,"jetpack_social_options":{"image_generator_settings":{"template":"highway","default_image_id":0,"font":"","enabled":false},"version":2}},"product_brand":[],"product_cat":[429,213],"product_tag":[1259,531,1066,92,16],"class_list":{"0":"post-6583","1":"product","2":"type-product","3":"status-publish","4":"has-post-thumbnail","6":"product_cat-uncategorized","7":"product_cat-copper-testing","8":"product_tag-fiber","9":"product_tag-fiber-optic","10":"product_tag-fiber-optic-inspection","11":"product_tag-fiber-optic-tools","12":"product_tag-fiber-optics","14":"first","15":"onbackorder","16":"taxable","17":"shipping-taxable","18":"purchasable","19":"product-type-simple"},"jetpack_publicize_connections":[],"jetpack_sharing_enabled":true,"_links":{"self":[{"href":"https:\/\/fiberoptics24.eu\/et\/wp-json\/wp\/v2\/product\/6583","targetHints":{"allow":["GET"]}}],"collection":[{"href":"https:\/\/fiberoptics24.eu\/et\/wp-json\/wp\/v2\/product"}],"about":[{"href":"https:\/\/fiberoptics24.eu\/et\/wp-json\/wp\/v2\/types\/product"}],"replies":[{"embeddable":true,"href":"https:\/\/fiberoptics24.eu\/et\/wp-json\/wp\/v2\/comments?post=6583"}],"wp:featuredmedia":[{"embeddable":true,"href":"https:\/\/fiberoptics24.eu\/et\/wp-json\/wp\/v2\/media\/6585"}],"wp:attachment":[{"href":"https:\/\/fiberoptics24.eu\/et\/wp-json\/wp\/v2\/media?parent=6583"}],"wp:term":[{"taxonomy":"product_brand","embeddable":true,"href":"https:\/\/fiberoptics24.eu\/et\/wp-json\/wp\/v2\/product_brand?post=6583"},{"taxonomy":"product_cat","embeddable":true,"href":"https:\/\/fiberoptics24.eu\/et\/wp-json\/wp\/v2\/product_cat?post=6583"},{"taxonomy":"product_tag","embeddable":true,"href":"https:\/\/fiberoptics24.eu\/et\/wp-json\/wp\/v2\/product_tag?post=6583"}],"curies":[{"name":"wp","href":"https:\/\/api.w.org\/{rel}","templated":true}]}}