{"id":6588,"date":"2019-06-10T10:29:49","date_gmt":"2019-06-10T08:29:49","guid":{"rendered":"https:\/\/fiberoptics24-eu.vserver.zonevs.eu\/?post_type=product&#038;p=6588"},"modified":"2023-10-06T08:03:46","modified_gmt":"2023-10-06T06:03:46","slug":"cable-tracer-tm30","status":"publish","type":"product","link":"https:\/\/fiberoptics24.eu\/et\/toode\/cable-tracer-tm30\/","title":{"rendered":"Kaabliotsija TM30"},"content":{"rendered":"<h2>Vesala kaabliotsija TM30<\/h2>\n<p>Kaabloitsija TM30 on nii kaablite kui kaablisoone otsija, millel on nii j\u00e4lgimise kui ka m\u00f5\u00f5tmise funktsioonid.<iframe loading=\"lazy\" style=\"float: right;\" src=\"https:\/\/vesala.fi\/wp-content\/uploads\/2016\/09\/TM30.mp4?_=1\" width=\"560\" height=\"315\" frameborder=\"0\" allowfullscreen=\"allowfullscreen\" data-mce-fragment=\"1\"><\/iframe><br \/>\nSeda saab kasutada ka vooluv\u00f5rgus, sellest tulenevalt on see seade kasutusk\u00f5lblik nii elektri<br \/>\nkui telekommunikatsiooni instalatsiooni, renoveerimis kui ka vea leidmis t\u00f6\u00f6des ja veel paljudes t\u00f6\u00f6des.<br \/>\nTM 30-ga on v\u00f5imalik leida ka l\u00fchikese pikkusega juhtmeid v\u00f5i \u00fcksik juhtmeid, mis on tavaliselt raskemini leitavad<\/p>\n<p><strong>Saatja TM30<\/strong><br \/>\nTMT30 on kolm v\u00e4ga lihtsasti kasutatavat re\u017eiimi:<\/p>\n<ul>\n<li class=\"translation-block\">J\u00e4lgimis (Trace) re\u017eiimis saadab seade v\u00e4lja signaali mida on v\u00e4ga lihtne vastuv\u00f5tjaga j\u00e4litada. TMT30 peab vastu kuni 400V, nii et seda saab edukalt \u00fchendada pingeall olevasse voolupistikusse. Seade n\u00e4itab siis ka liini pinget ja ka saadetavat signaali.<\/li>\n<li>Meter re\u017eiimis, TMT30 t\u00f6\u00f6tab kui pinge ja sagedusm\u00f5\u00f5tur.<\/li>\n<li class=\"translation-block\">Spetsiaalse DSLAM testiga saa kontrollida kas CO poolne ADSL modem on pealtn\u00e4ha kasutamat liini taga.<\/li>\n<\/ul>\n<p><strong>Saatja TMR30<\/strong><br \/>\nTMR30 on v\u00e4ga mitmek\u00fclgne:<\/p>\n<ul>\n<li>Seadmel on kolm j\u00e4lgimisre\u017eiimi, mida saab kasutada saatja genereeritud signaalide j\u00e4litamiseks ja j\u00e4lgimiseks lahtistes <a class=\"btn btn-primary\" style=\"float: right; width: 336px; height: 50px;\" href=\"https:\/\/vesala.fi\/wp-content\/uploads\/TM30_Brochure.pdf\" target=\"_blank\" rel=\"noopener noreferrer\">TOOTE INFOLEHT PDF<\/a><br \/>\nkaablites ja lahtistes juhtmetes. Kaableid saab j\u00e4lgida nii l\u00e4hedalt kui ka kuni paari meetri kauguselt.<\/li>\n<li>Three monitor re\u017eiimis saab signaali kaablites terminalides j\u00e4lgida v\u00f5i kuulata ilma<br \/>\nkalvaniseeritud kontakti tekitamatta.<\/li>\n<li>Powerline monitoorimis re\u017eiimis saab seadet kasutada ilma saatjata, et lihtsalt leida pinge all olevaid kaableid, <a class=\"btn btn-primary\" style=\"float: right; width: 336px; height: 50px;\" href=\"https:\/\/vesala.fi\/wp-content\/uploads\/vesala_tm30_user_manual_en.pdf\" target=\"_blank\" rel=\"noopener noreferrer\">KASUTUSJUHEND PDF<\/a><br \/>\nseina pistikuid ja saada teada kumb pool on faas.<\/li>\n<li class=\"translation-block\">K\u00f5rgsageduslike signaale, nagu lairiba juhtmed ja terminalid, on v\u00f5imalik j\u00e4lgida High Freq reziimis.<\/li>\n<li>Audio Freq re\u017eiimis on heli sagedusi kuulata otse kaabli pinnalt.<\/li>\n<\/ul>\n<p>TMR30 on sisemiseda antennid, mis tagab tema v\u00e4ga kompaktsed m\u00f5\u00f5dud ja lihtsasti kasutatavuse. Led displei koos<br \/>\nhelisignaalidega paljastaavd h\u00f5lpsalt otsitavad sihtm\u00e4rgid. Lisaks on TMR30 valikuline\nLED-t\u00f6\u00f6lamp, mis on suunatud<br \/>\nj\u00e4lgitavale kohale.<\/p>","protected":false},"excerpt":{"rendered":"<p><a href=\"https:\/\/vesala.fi\/en\/product\/tracemeter-tm30-cable-tracer\/\"><span style=\"color: #00ccff;\">VESALA<\/span><\/a><\/p>\n<ul>\n<li>Leia kaablid ja juhtmed, kaasa arvatud pingeall olevad kaablid, kuni 400V<\/li>\n<li>Identifitseeri kaablid ja kaablipaarid ja kaitsel\u00fclitid<\/li>\n<li>Monitoori telekommunikatsiooni liine<\/li>\n<li>Leia metall torud ja kanalid<\/li>\n<\/ul>","protected":false},"featured_media":6589,"comment_status":"closed","ping_status":"closed","template":"","meta":{"jetpack_post_was_ever_published":false,"jetpack_publicize_message":"","jetpack_publicize_feature_enabled":true,"jetpack_social_post_already_shared":true,"jetpack_social_options":{"image_generator_settings":{"template":"highway","default_image_id":0,"font":"","enabled":false},"version":2}},"product_brand":[],"product_cat":[211,213,429],"product_tag":[1306,1307,1259,531,1066,92,16],"class_list":{"0":"post-6588","1":"product","2":"type-product","3":"status-publish","4":"has-post-thumbnail","6":"product_cat-copper-networks","7":"product_cat-copper-testing","8":"product_cat-uncategorized","9":"product_tag-copper-networks","10":"product_tag-copper-testing","11":"product_tag-fiber","12":"product_tag-fiber-optic","13":"product_tag-fiber-optic-inspection","14":"product_tag-fiber-optic-tools","15":"product_tag-fiber-optics","17":"first","18":"onbackorder","19":"taxable","20":"shipping-taxable","21":"purchasable","22":"product-type-simple"},"jetpack_publicize_connections":[],"jetpack_sharing_enabled":true,"_links":{"self":[{"href":"https:\/\/fiberoptics24.eu\/et\/wp-json\/wp\/v2\/product\/6588","targetHints":{"allow":["GET"]}}],"collection":[{"href":"https:\/\/fiberoptics24.eu\/et\/wp-json\/wp\/v2\/product"}],"about":[{"href":"https:\/\/fiberoptics24.eu\/et\/wp-json\/wp\/v2\/types\/product"}],"replies":[{"embeddable":true,"href":"https:\/\/fiberoptics24.eu\/et\/wp-json\/wp\/v2\/comments?post=6588"}],"wp:featuredmedia":[{"embeddable":true,"href":"https:\/\/fiberoptics24.eu\/et\/wp-json\/wp\/v2\/media\/6589"}],"wp:attachment":[{"href":"https:\/\/fiberoptics24.eu\/et\/wp-json\/wp\/v2\/media?parent=6588"}],"wp:term":[{"taxonomy":"product_brand","embeddable":true,"href":"https:\/\/fiberoptics24.eu\/et\/wp-json\/wp\/v2\/product_brand?post=6588"},{"taxonomy":"product_cat","embeddable":true,"href":"https:\/\/fiberoptics24.eu\/et\/wp-json\/wp\/v2\/product_cat?post=6588"},{"taxonomy":"product_tag","embeddable":true,"href":"https:\/\/fiberoptics24.eu\/et\/wp-json\/wp\/v2\/product_tag?post=6588"}],"curies":[{"name":"wp","href":"https:\/\/api.w.org\/{rel}","templated":true}]}}