{"id":6590,"date":"2019-09-03T12:10:39","date_gmt":"2019-09-03T10:10:39","guid":{"rendered":"https:\/\/fiberoptics24-eu.vserver.zonevs.eu\/?post_type=product&#038;p=6590"},"modified":"2023-10-06T07:54:50","modified_gmt":"2023-10-06T05:54:50","slug":"vesala-drill-point-locator-pk2","status":"publish","type":"product","link":"https:\/\/fiberoptics24.eu\/et\/toode\/vesala-drill-point-locator-pk2\/","title":{"rendered":"PUURAUGU LOKAATOR PK2"},"content":{"rendered":"<h4>PUURAUGU LOKAATOR PK2<\/h4>\n<p>Vesala PK2 puurimispunkti komplekt lahendab ohutult korduva probleemi, kuidas puurida auke seintesse,<iframe loading=\"lazy\" style=\"float: right;\" src=\"https:\/\/www.youtube.com\/embed\/70ASsAIplwk\" width=\"560\" height=\"315\" frameborder=\"0\" allowfullscreen=\"allowfullscreen\" data-mce-fragment=\"1\"><\/iframe><br \/>\np\u00f5randatesse jms. ohutult ja t\u00e4pselt. PK2 s\u00e4\u00e4stad aega aega n\u00f5udvatelt m\u00f5\u00f5tmistelt ja v\u00e4ldid valesti ja<br \/>\nm\u00f6\u00f6da puuritud aukudest tekkivaid probleeme. PK2 komplekt  sisaldab saatjat PKT2 ja vastuv\u00f5tjat PKR2.<br \/>\nPKR2.<\/p>\n<p>Vastuv\u00f5tjaga n\u00e4ed saatja augu asukohta. Noole kujuline punane led lamb l\u00e4heb v\u00e4iksemaks mida l\u00e4hemale<br \/>\nj\u00f5uad \u00f5igele kohale. Kui k\u00f5ik led tuled on rohelised, oled leidnud t\u00e4pse puurimise koha.<br \/>\nspot has been reached. Right spot can be pinpointed accurately up to 150cm distance.<\/p>\n<p>Before drilling it is often good to know whether there are hidden obstacles in the way. PKT2<br \/>\ntransmitter has an automatic metal detector feature, which warns if there is metal under it. AC<br \/>\ndetector displays if there is alternating voltage present, hinting about possible live mains<br \/>\nwiring underneath.<\/p>\n<p>&nbsp;<\/p>\n<p><a class=\"btn btn-primary\" style=\"float: left; width: 336px; height: 50px;\" href=\"https:\/\/vesala.fi\/wp-content\/uploads\/TM30_Brochure.pdf\" target=\"_blank\" rel=\"noopener noreferrer\">TOOTE INFOLEHT PDF<\/a><\/p>","protected":false},"excerpt":{"rendered":"<p><a href=\"https:\/\/vesala.fi\/en\/product\/pk2-drill-point-locator\/\"><span style=\"color: #00ccff;\">VESALA<\/span><\/a><\/p>\n<ul>\n<li>T\u00e4psete puuraukude tegemiseks kuni 150cm paksustesse seintesse ja p\u00f5rand\/lagedesse<\/li>\n<li>Puuraugu s\u00fcgavuse m\u00e4\u00e4ramine<\/li>\n<li>Metall ja elektriliste objektide tuvastamine<\/li>\n<\/ul>","protected":false},"featured_media":6591,"comment_status":"closed","ping_status":"closed","template":"","meta":{"jetpack_post_was_ever_published":false,"jetpack_publicize_message":"","jetpack_publicize_feature_enabled":true,"jetpack_social_post_already_shared":true,"jetpack_social_options":{"image_generator_settings":{"template":"highway","default_image_id":0,"font":"","enabled":false},"version":2}},"product_brand":[],"product_cat":[213,429],"product_tag":[1446,1445],"class_list":{"0":"post-6590","1":"product","2":"type-product","3":"status-publish","4":"has-post-thumbnail","6":"product_cat-copper-testing","7":"product_cat-uncategorized","8":"product_tag-electronic-tools","9":"product_tag-vesala","11":"first","12":"instock","13":"taxable","14":"shipping-taxable","15":"purchasable","16":"product-type-simple"},"jetpack_publicize_connections":[],"jetpack_sharing_enabled":true,"_links":{"self":[{"href":"https:\/\/fiberoptics24.eu\/et\/wp-json\/wp\/v2\/product\/6590","targetHints":{"allow":["GET"]}}],"collection":[{"href":"https:\/\/fiberoptics24.eu\/et\/wp-json\/wp\/v2\/product"}],"about":[{"href":"https:\/\/fiberoptics24.eu\/et\/wp-json\/wp\/v2\/types\/product"}],"replies":[{"embeddable":true,"href":"https:\/\/fiberoptics24.eu\/et\/wp-json\/wp\/v2\/comments?post=6590"}],"wp:featuredmedia":[{"embeddable":true,"href":"https:\/\/fiberoptics24.eu\/et\/wp-json\/wp\/v2\/media\/6591"}],"wp:attachment":[{"href":"https:\/\/fiberoptics24.eu\/et\/wp-json\/wp\/v2\/media?parent=6590"}],"wp:term":[{"taxonomy":"product_brand","embeddable":true,"href":"https:\/\/fiberoptics24.eu\/et\/wp-json\/wp\/v2\/product_brand?post=6590"},{"taxonomy":"product_cat","embeddable":true,"href":"https:\/\/fiberoptics24.eu\/et\/wp-json\/wp\/v2\/product_cat?post=6590"},{"taxonomy":"product_tag","embeddable":true,"href":"https:\/\/fiberoptics24.eu\/et\/wp-json\/wp\/v2\/product_tag?post=6590"}],"curies":[{"name":"wp","href":"https:\/\/api.w.org\/{rel}","templated":true}]}}