{"id":6596,"date":"2019-06-11T14:17:26","date_gmt":"2019-06-11T12:17:26","guid":{"rendered":"https:\/\/fiberoptics24-eu.vserver.zonevs.eu\/?post_type=product&#038;p=6596"},"modified":"2021-04-21T11:28:04","modified_gmt":"2021-04-21T09:28:04","slug":"microsonde-mpl7-33m6f-7-5-mm-33-khz","status":"publish","type":"product","link":"https:\/\/fiberoptics24.eu\/et\/toode\/microsonde-mpl7-33m6f-7-5-mm-33-khz\/","title":{"rendered":"MICROSONDE MPL7-33M6F (7.5 MM, 33 KHZ)"},"content":{"rendered":"<p>MPL7-33 is painduv ja ainult 7,5mm diameetrise l\u00e4bim\u00f5\u00f5duga signaali saatmise sond mikrotorude ning teiste<a class=\"btn btn-primary\" style=\"float: right; width: 336px; height: 50px;\" href=\"https:\/\/vesala.fi\/wp-content\/uploads\/Sondes_Brochure_EN.pdf\" target=\"_blank\" rel=\"noopener noreferrer\">TOOTE INFOLEHT PDF<\/a><br \/>\ntorude blokeeringute avastamiseks. Sond on v\u00e4ga kasulik uute kaablite panemisel vanadesse torudesse,<br \/>\nmillesse on eelnevalt juba kaablid installeeritud. MPL7-33 on m\u00f5eldud kasyutamiseks koos vesala CL43 Kompakt<br \/>\nlokaatoriga, samuti ka teiste lokaatoritega, mis kasutavad 33kHz sagedust.<a class=\"btn btn-primary\" style=\"float: right; width: 336px; height: 50px;\" href=\"https:\/\/vesala.fi\/en\/product\/microsonde-mpl7-33\/#tab-4d\" target=\"_blank\" rel=\"noopener noreferrer\">SONDIDE SPETSID. PDF<\/a><\/p>\n<p>MPL7-33 koosneb saate osast ja batarei osast, mis on omavahel kokkukeeratavad. Poolj\u00e4ik konstruktsioon aitab<br \/>\nsondi lihtsalt l\u00e4bi toru kurvide ja liideste. Selliselt saab ehitaja teada kas toru on uue kaabli paigaldamiseks sobilik v\u00f5i mitte.<a class=\"btn btn-primary\" style=\"float: right; width: 336px; height: 50px;\" href=\"https:\/\/vesala.fi\/wp-content\/uploads\/vesala_mpl7-33_user_manual.pdf\" target=\"_blank\" rel=\"noopener noreferrer\">KASUTUSJUHEND PDF<\/a><br \/>\nv\u00f5i mitte. MPL7-33 on m\u00f5eldud torudele mille l\u00e4bim\u00f5\u00f5t on 10mm v\u00f5i rohkem.<br \/>\n10mm or more.<\/p>\n<p><strong>MPL7-33 kasutamine<\/strong><\/p>\n<p>MPL7-33 hakkab signaaali edastama siis kui, patarei on patarei osasse sisestatud ja see on antenni osaga kokkukeeratud.<br \/>\nSonde kinnitatakse t\u00f5ukurvarda (madu) otsa sellel oleva M6 sisemise keermega, mis asub paterei osa l\u00f5pus.<br \/>\nAlternatiivina saab sondi kinnitada teibiga t\u00f5ukurvarda k\u00fcljele, mis v\u00e4hendab sondi vigastamise riski.<br \/>\nrod to reduce risk of damage.<\/p>\n<p>P\u00e4rast sondi kinnitamist t\u00f5ukurvardale v\u00f5ib selle torusse l\u00fckata. Kui torus on takistus saab selle kauguse kiirelt m\u00e4\u00e4rata<br \/>\nsissel\u00fckatud t\u00f5ukurvarda pikkusega, siin aitab samuti kaablite\/torude projekti v\u00f5i kaardi kasutamine. P\u00e4rast seda on juba<br \/>\nlihtne t\u00e4pne asukoht sondi lokaatoriga CL43 tuvastada. \nUmmistuse t\u00e4pse koha teadmine\ns\u00e4\u00e4stab aega ja v\u00e4hendab tarbetuid<br \/>\nkaevamiskulusid.<\/p>\n<p>Sondil on peal punane vilkuv valgusdiood mis annab m\u00e4rku selle t\u00f6\u00f6tamisest. \u00dchekordseks kasutamiseks m\u00f5eldud liitium<br \/>\npatarei annab sondile kokku umbes 6 tunnise t\u00f6\u00f6aja.<\/p>\n<p>MPL7_33 diameeter on 7.5mm ja pikkus \u00fchendatud patarei osaga on 114mm.<\/p>\n<p><strong>Saatja sagedus<\/strong><br \/>\n32.768 kHz pidev sinusoidaalne signaal.<\/p>\n<p>See Vesala toode on tehtud Soomes.<\/p>\n<p>Kui on vaja ka <a href=\"https:\/\/vesala.fi\/wp-content\/uploads\/vesala_shock_absorbers_for_sondes.pdf\"><span style=\"color: #00ccff;\">L\u00f6\u00f6gileevendit, vaatake sobivust siit<\/span><\/a> ja tehke <a href=\"https:\/\/fiberoptics24-eu.vserver.zonevs.eu\/contact\/\"><span style=\"color: #00ccff;\">Hinnap\u00e4ring<\/span><\/a><\/p>\n<p>Koosneb:<\/p>\n<ul>\n<li>MPL7-33 saatesond<\/li>\n<li>Patarei osa koos\u00a0<strong>M6<\/strong>\u00a0sisese \u00fchendus keermega<\/li>\n<li>3.0V Liitium patarei BR535, 2tk.<\/li>\n<li>Plastikkarp SB7<\/li>\n<li>Kiirjuhend<\/li>\n<\/ul>","protected":false},"excerpt":{"rendered":"<p>VESALA<\/p>\n<ul>\n<li>Kanalite, torude ja kanalisatsioonide ja nede blokeeringute avastamiseks<\/li>\n<li>Turu v\u00e4ikseim: Diameeter alates 4.6mm<\/li>\n<li>Saadetavad sagedused 33kHz ja 512kHz<\/li>\n<li>Nii telekomi kui ka elektri insatlatsioonides, kaevet\u00f6\u00f6des  jne.<\/li>\n<\/ul>","protected":false},"featured_media":6604,"comment_status":"closed","ping_status":"closed","template":"","meta":{"jetpack_post_was_ever_published":false,"jetpack_publicize_message":"","jetpack_publicize_feature_enabled":true,"jetpack_social_post_already_shared":true,"jetpack_social_options":{"image_generator_settings":{"template":"highway","default_image_id":0,"font":"","enabled":false},"version":2}},"product_brand":[],"product_cat":[108,429],"product_tag":[],"class_list":{"0":"post-6596","1":"product","2":"type-product","3":"status-publish","4":"has-post-thumbnail","6":"product_cat-fiber-optic-accessories","7":"product_cat-uncategorized","9":"first","10":"onbackorder","11":"taxable","12":"shipping-taxable","13":"purchasable","14":"product-type-simple"},"jetpack_publicize_connections":[],"jetpack_sharing_enabled":true,"_links":{"self":[{"href":"https:\/\/fiberoptics24.eu\/et\/wp-json\/wp\/v2\/product\/6596","targetHints":{"allow":["GET"]}}],"collection":[{"href":"https:\/\/fiberoptics24.eu\/et\/wp-json\/wp\/v2\/product"}],"about":[{"href":"https:\/\/fiberoptics24.eu\/et\/wp-json\/wp\/v2\/types\/product"}],"replies":[{"embeddable":true,"href":"https:\/\/fiberoptics24.eu\/et\/wp-json\/wp\/v2\/comments?post=6596"}],"wp:featuredmedia":[{"embeddable":true,"href":"https:\/\/fiberoptics24.eu\/et\/wp-json\/wp\/v2\/media\/6604"}],"wp:attachment":[{"href":"https:\/\/fiberoptics24.eu\/et\/wp-json\/wp\/v2\/media?parent=6596"}],"wp:term":[{"taxonomy":"product_brand","embeddable":true,"href":"https:\/\/fiberoptics24.eu\/et\/wp-json\/wp\/v2\/product_brand?post=6596"},{"taxonomy":"product_cat","embeddable":true,"href":"https:\/\/fiberoptics24.eu\/et\/wp-json\/wp\/v2\/product_cat?post=6596"},{"taxonomy":"product_tag","embeddable":true,"href":"https:\/\/fiberoptics24.eu\/et\/wp-json\/wp\/v2\/product_tag?post=6596"}],"curies":[{"name":"wp","href":"https:\/\/api.w.org\/{rel}","templated":true}]}}