{"id":6621,"date":"2019-06-13T14:31:41","date_gmt":"2019-06-13T12:31:41","guid":{"rendered":"https:\/\/fiberoptics24-eu.vserver.zonevs.eu\/?post_type=product&#038;p=6621"},"modified":"2023-10-06T08:02:55","modified_gmt":"2023-10-06T06:02:55","slug":"minisonde-mpl4-33-4-6-mm-33-khz","status":"publish","type":"product","link":"https:\/\/fiberoptics24.eu\/et\/toode\/minisonde-mpl4-33-4-6-mm-33-khz\/","title":{"rendered":"MINISOND MPL4-33 (4.6 MM, 33 KHZ)"},"content":{"rendered":"<p>NanoSonde MPL4-33 on Vesala uus maailma pisim aktiiv-sond v\u00e4ikeste, maaaluste torude jaoks.<a class=\"btn btn-primary\" style=\"float: right; width: 336px; height: 50px;\" href=\"https:\/\/vesala.fi\/wp-content\/uploads\/Sondes_Brochure_EN.pdf\" target=\"_blank\" rel=\"noopener noreferrer\">TOOTE INFOLEHT PDF<\/a><br \/>\nSee on ainult 4.6 mm diameetriga, nii siis on see optimaalne 6 mm (sisemine diameeter) mikrotorude jaoks<br \/>\njaoks, lokaliseerimaks seal olevaid takistusi, ummistusi ja teisi probleeme. MPL4-33 on keskelt  painduv, nii<br \/>\net see suudab liikuda kitsastes kanalik\u00f5verustes raadiusega 170 mm.<a class=\"btn btn-primary\" style=\"float: right; width: 336px; height: 50px;\" href=\"https:\/\/vesala.fi\/wp-content\/uploads\/vesala_sondes_technical_specifications.pdf\" target=\"_blank\" rel=\"noopener noreferrer\">SONDIDE SPETSID. PDF<\/a><\/p>\n<p>MPL7-33 on m\u00f5eldud kasyutamiseks koos vesala CL43 Kompakt\nlokaatoriga, samuti ka teiste lokaatoritega,<br \/>\nmis kasutavad 33kHz sagedust.<a class=\"btn btn-primary\" style=\"float: right; width: 336px; height: 50px;\" href=\"https:\/\/vesala.fi\/wp-content\/uploads\/Vesala_NanoSonde_MPL4-33_User_Manual.pdf\" target=\"_blank\" rel=\"noopener noreferrer\">KASUTUSJUHEND PDF<\/a><\/p>\n<p><strong>Kuidas kalibreerida mikrotoru MPL4-33 sondiga<\/strong><\/p>\n<p>Enne puhumist pannakse sobiva m\u00f5\u00f5duga l\u00f6\u00f6gileevendi sondi otsa. See kaitseb sondi, kui ees on tugev takistus.<br \/>\nSeej\u00e4rel \u00fchendage patarei osa sondi antenni osaga. P\u00e4rast seda v\u00f5ib sondi torusse puhuda. Kui sond l\u00e4bib<br \/>\nprobleemiteta toru on toru kalibreeritud ja kaabli paigalduseks korras. Kui sond peatub torus, siis saab selle<br \/>\nasukoha maapinnalt t\u00e4pselt m\u00e4\u00e4rata. Ummistuse t\u00e4pse koha teadmine s\u00e4\u00e4stab aega ja v\u00e4hendab tarbetuid<br \/>\nkaevamiskulusid.<\/p>\n<p><strong>MPL4-33 tehnilised omadused<\/strong><\/p>\n<p>MPL7-33 hakkab signaaali edastama siis kui, patarei on patarei osasse sisestatud ja see on antenni osaga kokkukeeratud.<br \/>\nT\u00fc\u00fcpiline signaali levimisultaus, kui kasutada CL43, on umbes 2.3 m. Vahetatav liitium patarei annab t\u00f6\u00f6ajaks kokku<br \/>\numbes 9 tundi. T\u00f6\u00f6aeg s\u00f5ltub ka paljuski \u00fcmbritsevast temperatuurist. MPL4-33 diameeter on 4.6 mm ja pikkus koos<br \/>\npatarei osaga on 94 mm. L\u00f6\u00f6gileevendi kinnitus \u00fchendus on M3.5 emase keermega. Komplekti kuulub 6 mm kanalite<br \/>\njaoks sobiv 4,8 mm kalibraatoriga l\u00f6\u00f6gileevendi. 6.4 mm pea 8 mm toru jaoks on samuti olemas.<br \/>\nmm head for 8 mm ducts is also availabe.<\/p>\n<p>Kui on vaja ka <a href=\"https:\/\/vesala.fi\/wp-content\/uploads\/vesala_shock_absorbers_for_sondes.pdf\"><span style=\"color: #00ccff;\">L\u00f6\u00f6gileevendit, vaatake sobivust siit<\/span><\/a> ja tehke <a href=\"https:\/\/fiberoptics24-eu.vserver.zonevs.eu\/contact\/\"><span style=\"color: #00ccff;\">Hinnap\u00e4ring<\/span><\/a><\/p>\n<p>See Vesala toode on tehtud Soomes. MPL4-33 on omistatud \"kasuliku mudeli \" nimetus.<\/p>\n<p><strong>Koosneb:<\/strong><\/p>\n<ul>\n<li>MPL4-33 saatesond koos M3.5 sisese \u00fchendus keermega.<\/li>\n<li>Tagavara patarei<\/li>\n<li>3.0V liitium patarei BR425, 2tk<\/li>\n<li>L\u00f6\u00f6gileevendi ja 4.8 mm kalibraator IV343-48<\/li>\n<li>Plastikkarp SB4<\/li>\n<li>Kiirjuhend<\/li>\n<\/ul>","protected":false},"excerpt":{"rendered":"<p>VESALA<\/p>\n<ul>\n<li>Kanalite, torude ja kanalisatsioonide ja nede blokeeringute avastamiseks<\/li>\n<li>Turu v\u00e4ikseim: Diameeter alates 4.6mm<\/li>\n<li>Saadetavad sagedused 33kHz ja 512kHz<\/li>\n<li>Nii telekomi kui ka elektri insatlatsioonides, kaevet\u00f6\u00f6des  jne.<\/li>\n<\/ul>","protected":false},"featured_media":6622,"comment_status":"closed","ping_status":"closed","template":"","meta":{"jetpack_post_was_ever_published":false,"jetpack_publicize_message":"","jetpack_publicize_feature_enabled":true,"jetpack_social_post_already_shared":true,"jetpack_social_options":{"image_generator_settings":{"template":"highway","default_image_id":0,"font":"","enabled":false},"version":2}},"product_brand":[],"product_cat":[108,429],"product_tag":[],"class_list":{"0":"post-6621","1":"product","2":"type-product","3":"status-publish","4":"has-post-thumbnail","6":"product_cat-fiber-optic-accessories","7":"product_cat-uncategorized","9":"first","10":"onbackorder","11":"taxable","12":"shipping-taxable","13":"purchasable","14":"product-type-simple"},"jetpack_publicize_connections":[],"jetpack_sharing_enabled":true,"_links":{"self":[{"href":"https:\/\/fiberoptics24.eu\/et\/wp-json\/wp\/v2\/product\/6621","targetHints":{"allow":["GET"]}}],"collection":[{"href":"https:\/\/fiberoptics24.eu\/et\/wp-json\/wp\/v2\/product"}],"about":[{"href":"https:\/\/fiberoptics24.eu\/et\/wp-json\/wp\/v2\/types\/product"}],"replies":[{"embeddable":true,"href":"https:\/\/fiberoptics24.eu\/et\/wp-json\/wp\/v2\/comments?post=6621"}],"wp:featuredmedia":[{"embeddable":true,"href":"https:\/\/fiberoptics24.eu\/et\/wp-json\/wp\/v2\/media\/6622"}],"wp:attachment":[{"href":"https:\/\/fiberoptics24.eu\/et\/wp-json\/wp\/v2\/media?parent=6621"}],"wp:term":[{"taxonomy":"product_brand","embeddable":true,"href":"https:\/\/fiberoptics24.eu\/et\/wp-json\/wp\/v2\/product_brand?post=6621"},{"taxonomy":"product_cat","embeddable":true,"href":"https:\/\/fiberoptics24.eu\/et\/wp-json\/wp\/v2\/product_cat?post=6621"},{"taxonomy":"product_tag","embeddable":true,"href":"https:\/\/fiberoptics24.eu\/et\/wp-json\/wp\/v2\/product_tag?post=6621"}],"curies":[{"name":"wp","href":"https:\/\/api.w.org\/{rel}","templated":true}]}}