{"id":6655,"date":"2019-06-20T13:30:31","date_gmt":"2019-06-20T11:30:31","guid":{"rendered":"https:\/\/fiberoptics24-eu.vserver.zonevs.eu\/?post_type=product&#038;p=6655"},"modified":"2021-02-10T13:54:22","modified_gmt":"2021-02-10T11:54:22","slug":"es-1964-electricians-scissors-jonard","status":"publish","type":"product","link":"https:\/\/fiberoptics24.eu\/et\/toode\/es-1964-electricians-scissors-jonard\/","title":{"rendered":"ES-1964: Elektriku k\u00e4\u00e4rid, Jonard"},"content":{"rendered":"<p>Elektriku k\u00e4\u00e4rid kannatavad ka v\u00e4ga karmi kohtlemist. Tehtud kroom-vanadium terasest ja spetsiaalse teritus<br \/>\nprotsessiga, et tagada pikem vastupidavus. K\u00e4\u00e4ridel on s\u00e4lgud 18-20 ja 22-24 AWG kaabli koorimiseks,<br \/>\nTerade taga k\u00fclgedel on viilid. Hoiab h\u00e4sti serva isegi fiibrit ja kevlarit sisaldavaid kaableid l\u00f5igates.<br \/>\n.<\/p>","protected":false},"excerpt":{"rendered":"<p>JONARD<\/p>\n<ul>\n<li>V\u00e4ga vastupidavad<\/li>\n<li>Tehtud kroom-vanaadium terasest<\/li>\n<li>Hammastatud teraga<\/li>\n<\/ul>","protected":false},"featured_media":6663,"comment_status":"closed","ping_status":"closed","template":"","meta":{"jetpack_post_was_ever_published":false,"jetpack_publicize_message":"","jetpack_publicize_feature_enabled":true,"jetpack_social_post_already_shared":true,"jetpack_social_options":{"image_generator_settings":{"template":"highway","default_image_id":0,"font":"","enabled":false},"version":2}},"product_brand":[],"product_cat":[211,1453,115,1399],"product_tag":[531,92],"class_list":{"0":"post-6655","1":"product","2":"type-product","3":"status-publish","4":"has-post-thumbnail","6":"product_cat-copper-networks","7":"product_cat-copper-networks-tools","8":"product_cat-fiber-optic-tools","9":"product_cat-tools","10":"product_tag-fiber-optic","11":"product_tag-fiber-optic-tools","13":"first","14":"instock","15":"taxable","16":"shipping-taxable","17":"purchasable","18":"product-type-simple"},"jetpack_publicize_connections":[],"jetpack_sharing_enabled":true,"_links":{"self":[{"href":"https:\/\/fiberoptics24.eu\/et\/wp-json\/wp\/v2\/product\/6655","targetHints":{"allow":["GET"]}}],"collection":[{"href":"https:\/\/fiberoptics24.eu\/et\/wp-json\/wp\/v2\/product"}],"about":[{"href":"https:\/\/fiberoptics24.eu\/et\/wp-json\/wp\/v2\/types\/product"}],"replies":[{"embeddable":true,"href":"https:\/\/fiberoptics24.eu\/et\/wp-json\/wp\/v2\/comments?post=6655"}],"wp:featuredmedia":[{"embeddable":true,"href":"https:\/\/fiberoptics24.eu\/et\/wp-json\/wp\/v2\/media\/6663"}],"wp:attachment":[{"href":"https:\/\/fiberoptics24.eu\/et\/wp-json\/wp\/v2\/media?parent=6655"}],"wp:term":[{"taxonomy":"product_brand","embeddable":true,"href":"https:\/\/fiberoptics24.eu\/et\/wp-json\/wp\/v2\/product_brand?post=6655"},{"taxonomy":"product_cat","embeddable":true,"href":"https:\/\/fiberoptics24.eu\/et\/wp-json\/wp\/v2\/product_cat?post=6655"},{"taxonomy":"product_tag","embeddable":true,"href":"https:\/\/fiberoptics24.eu\/et\/wp-json\/wp\/v2\/product_tag?post=6655"}],"curies":[{"name":"wp","href":"https:\/\/api.w.org\/{rel}","templated":true}]}}